{"id":88026,"date":"2017-11-28T16:53:34","date_gmt":"2017-11-28T16:53:34","guid":{"rendered":"https:\/\/logon.media\/legal-disclaimer-2\/"},"modified":"2022-09-18T10:26:06","modified_gmt":"2022-09-18T10:26:06","slug":"legal-disclaimer-2","status":"publish","type":"page","link":"https:\/\/logon.media\/sk\/legal-disclaimer-2\/","title":{"rendered":"Z\u00e1konn\u00e9 zrieknutie sa zodpovednosti"},"content":{"rendered":"<p>\u010cl\u00e1nky, ktor\u00e9 nes\u00fa meno alebo zna\u010dku pisate\u013ea, neodr\u00e1\u017eaj\u00fa nevyhnutne mienku editorov. Internetov\u00e1 str\u00e1nka LOGON m\u00f4\u017ee obsahova\u0165 linky na in\u00e9 internetov\u00e9 str\u00e1nky pre va\u0161e pohodlie a inform\u00e1ciu. Nie sme zodpovedn\u00ed za obsah alebo ochranu s\u00fakromia t\u00fdchto internetov\u00fdch str\u00e1nok.<\/p>\n","protected":false},"excerpt":{"rendered":"<p>\u010cl\u00e1nky, ktor\u00e9 nes\u00fa meno alebo zna\u010dku pisate\u013ea, neodr\u00e1\u017eaj\u00fa nevyhnutne mienku editorov. Internetov\u00e1 str\u00e1nka LOGON m\u00f4\u017ee obsahova\u0165 linky na in\u00e9 internetov\u00e9 str\u00e1nky pre va\u0161e pohodlie a inform\u00e1ciu. Nie sme zodpovedn\u00ed za obsah alebo ochranu s\u00fakromia t\u00fdchto internetov\u00fdch str\u00e1nok.<\/p>\n","protected":false},"author":1,"featured_media":0,"parent":0,"menu_order":0,"comment_status":"open","ping_status":"open","template":"","meta":{"_acf_changed":false,"footnotes":""},"class_list":["post-88026","page","type-page","status-publish","hentry"],"acf":[],"_links":{"self":[{"href":"https:\/\/logon.media\/sk\/wp-json\/wp\/v2\/pages\/88026","targetHints":{"allow":["GET"]}}],"collection":[{"href":"https:\/\/logon.media\/sk\/wp-json\/wp\/v2\/pages"}],"about":[{"href":"https:\/\/logon.media\/sk\/wp-json\/wp\/v2\/types\/page"}],"author":[{"embeddable":true,"href":"https:\/\/logon.media\/sk\/wp-json\/wp\/v2\/users\/1"}],"replies":[{"embeddable":true,"href":"https:\/\/logon.media\/sk\/wp-json\/wp\/v2\/comments?post=88026"}],"version-history":[{"count":0,"href":"https:\/\/logon.media\/sk\/wp-json\/wp\/v2\/pages\/88026\/revisions"}],"wp:attachment":[{"href":"https:\/\/logon.media\/sk\/wp-json\/wp\/v2\/media?parent=88026"}],"curies":[{"name":"wp","href":"https:\/\/api.w.org\/{rel}","templated":true}]}}