{"id":88023,"date":"2017-11-28T16:48:07","date_gmt":"2017-11-28T16:48:07","guid":{"rendered":"https:\/\/logon.media\/privacy-policy-3\/"},"modified":"2022-09-18T10:38:10","modified_gmt":"2022-09-18T10:38:10","slug":"privacy-policy-3","status":"publish","type":"page","link":"https:\/\/logon.media\/sk\/privacy-policy-3\/","title":{"rendered":"Ochrana s\u00fakromia"},"content":{"rendered":"<p>Ochrana V\u00e1\u0161ho s\u00fakromia je na\u0161ou najvy\u0161\u0161ou prioritou. Preto sme realizovali rozsiahle opatrenia, aby sme ochr\u00e1nili nami ulo\u017een\u00e9 \u00fadaje pred neautorizovan\u00fdm pr\u00edstupom a zneu\u017eit\u00edm. Ak n\u00e1m po\u0161lete e-mail, Va\u0161a e-mailov\u00e1 adresa bude pou\u017eit\u00e1 v\u00fdlu\u010dne na kore\u0161pondenciu s Vami. V \u017eiadnom pr\u00edpade nebud\u00fa \u00fadaje zdie\u013ean\u00e9 s tret\u00edmi stranami. Poukazujeme na to, \u017ee ke\u010f z\u00edskavate \u00fadaje na na\u0161ej internetovej str\u00e1nke alebo vklad\u00e1te osobn\u00e9 \u00fadaje, tak je prenos \u00fadajov cez internet \u010diasto\u010dne nekryt\u00fd. Ka\u017ed\u00e9 volanie str\u00e1nky LOGON sa zaznamen\u00e1va anonymne. Tieto \u00fadaje s\u00fa vyhodnocovan\u00e9 v\u00fdlu\u010dne na \u0161tatistick\u00e9 \u00fa\u010dely. Prenos k tret\u00edm stran\u00e1m, ani po \u010dastiach, sa nikdy neuskuto\u010d\u0148uje. Pou\u017e\u00edvaj\u00fa sa nato, aby bola internetov\u00e1 str\u00e1nka optim\u00e1lna pre pou\u017e\u00edvate\u013ea.<\/p>\n<p style=\"margin-bottom:.0001pt\">&nbsp;<\/p>\n<p style=\"margin-bottom:.0001pt\">&nbsp;<\/p>\n<h3>Cookies<\/h3>\n<p>&nbsp;<\/p>\n<p>Na str\u00e1nkach LOGON pou\u017e\u00edvame s\u00fabory cookies na skvalit\u0148ovanie pr\u00edstupu k ich obsahu. Pou\u017e\u00edvan\u00edm str\u00e1nok LOGON s\u00fahlas\u00edte s pou\u017e\u00edvan\u00edm s\u00faborov cookies. Zamietnutie s\u00faborov cookies, ktor\u00e9 pou\u017e\u00edvame, m\u00f4\u017ee ma\u0165 vplyv na Va\u0161u mo\u017enos\u0165 pou\u017e\u00edva\u0165 str\u00e1nky LOGON.<\/p>\n","protected":false},"excerpt":{"rendered":"<p>Ochrana V\u00e1\u0161ho s\u00fakromia je na\u0161ou najvy\u0161\u0161ou prioritou. Preto sme realizovali rozsiahle opatrenia, aby sme ochr\u00e1nili nami ulo\u017een\u00e9 \u00fadaje pred neautorizovan\u00fdm pr\u00edstupom a zneu\u017eit\u00edm. Ak n\u00e1m po\u0161lete e-mail, Va\u0161a e-mailov\u00e1 adresa bude pou\u017eit\u00e1 v\u00fdlu\u010dne na kore\u0161pondenciu s Vami. V \u017eiadnom pr\u00edpade nebud\u00fa \u00fadaje zdie\u013ean\u00e9 s tret\u00edmi stranami. Poukazujeme na to, \u017ee ke\u010f z\u00edskavate \u00fadaje na na\u0161ej [&hellip;]<\/p>\n","protected":false},"author":1,"featured_media":0,"parent":0,"menu_order":0,"comment_status":"open","ping_status":"open","template":"","meta":{"_acf_changed":false,"footnotes":""},"class_list":["post-88023","page","type-page","status-publish","hentry"],"acf":[],"_links":{"self":[{"href":"https:\/\/logon.media\/sk\/wp-json\/wp\/v2\/pages\/88023","targetHints":{"allow":["GET"]}}],"collection":[{"href":"https:\/\/logon.media\/sk\/wp-json\/wp\/v2\/pages"}],"about":[{"href":"https:\/\/logon.media\/sk\/wp-json\/wp\/v2\/types\/page"}],"author":[{"embeddable":true,"href":"https:\/\/logon.media\/sk\/wp-json\/wp\/v2\/users\/1"}],"replies":[{"embeddable":true,"href":"https:\/\/logon.media\/sk\/wp-json\/wp\/v2\/comments?post=88023"}],"version-history":[{"count":0,"href":"https:\/\/logon.media\/sk\/wp-json\/wp\/v2\/pages\/88023\/revisions"}],"wp:attachment":[{"href":"https:\/\/logon.media\/sk\/wp-json\/wp\/v2\/media?parent=88023"}],"curies":[{"name":"wp","href":"https:\/\/api.w.org\/{rel}","templated":true}]}}