{"id":88020,"date":"2017-11-28T16:28:26","date_gmt":"2017-11-28T16:28:26","guid":{"rendered":"https:\/\/logon.media\/imprint-2\/"},"modified":"2022-09-18T10:13:41","modified_gmt":"2022-09-18T10:13:41","slug":"imprint-2","status":"publish","type":"page","link":"https:\/\/logon.media\/sk\/imprint-2\/","title":{"rendered":"Tir\u00e1\u017e"},"content":{"rendered":"<div style=\"padding-left: 2em; padding-right: 2em;\">\n<p style=\"margin-bottom: .0001pt;\"><span style=\"line-height: normal;\"><span lang=\"SK\" style=\"font-size: 12.0pt;\">LOGON je online-\u010dasopis Nad\u00e1cie pre medzin\u00e1rodn\u00fa pr\u00e1cu n\u00e1bo\u017eensk\u00e9ho spolo\u010denstva Lectorium Rosicrucianum.<\/span><\/span><\/p>\n<p style=\"margin-bottom: .0001pt;\"><span style=\"line-height: normal;\"><span lang=\"SK\" style=\"font-size: 12.0pt;\">Nad\u00e1cia pod\u013ea \u010cl\u00e1nkov 80 a\u017e 88 \u0161vaj\u010diarskeho Ob\u010dianskeho Z\u00e1konn\u00edka (Swiss Civil Code \u2013 ZGB).<\/span><\/span><\/p>\n<p style=\"margin-bottom: .0001pt;\"><span style=\"line-height: normal;\"><span lang=\"SK\" style=\"font-size: 12.0pt;\">D\u00e1tum registr\u00e1cie: 22.11.1990<\/span><\/span><\/p>\n<p style=\"margin-bottom: .0001pt;\"><span style=\"line-height: normal;\"><span lang=\"SK\" style=\"font-size: 12.0pt;\">\u010c\u00edslo registr\u00e1cie: <\/span><span lang=\"EN-US\" style=\"font-size: 12.0pt;\"><span style=\"background: white;\">CH-020.7.904.348-5<\/span><\/span><\/span><\/p>\n<p><span lang=\"EN-US\" style=\"font-size: 12.0pt;\"><span style=\"background: white;\"><span style=\"line-height: 115%;\"><span style=\"font-family: 'Calibri','sans-serif';\">Adresa: Kreuzstrasse 60, CH-8008 Z\u00fcrich<\/span><\/span><\/span><\/span><\/p>\n<p>&nbsp;<\/p>\n<\/div>\n","protected":false},"excerpt":{"rendered":"<p>LOGON je online-\u010dasopis Nad\u00e1cie pre medzin\u00e1rodn\u00fa pr\u00e1cu n\u00e1bo\u017eensk\u00e9ho spolo\u010denstva Lectorium Rosicrucianum. Nad\u00e1cia pod\u013ea \u010cl\u00e1nkov 80 a\u017e 88 \u0161vaj\u010diarskeho Ob\u010dianskeho Z\u00e1konn\u00edka (Swiss Civil Code \u2013 ZGB). D\u00e1tum registr\u00e1cie: 22.11.1990 \u010c\u00edslo registr\u00e1cie: CH-020.7.904.348-5 Adresa: Kreuzstrasse 60, CH-8008 Z\u00fcrich &nbsp;<\/p>\n","protected":false},"author":1,"featured_media":0,"parent":0,"menu_order":0,"comment_status":"open","ping_status":"open","template":"","meta":{"_acf_changed":false,"footnotes":""},"class_list":["post-88020","page","type-page","status-publish","hentry"],"acf":[],"_links":{"self":[{"href":"https:\/\/logon.media\/sk\/wp-json\/wp\/v2\/pages\/88020","targetHints":{"allow":["GET"]}}],"collection":[{"href":"https:\/\/logon.media\/sk\/wp-json\/wp\/v2\/pages"}],"about":[{"href":"https:\/\/logon.media\/sk\/wp-json\/wp\/v2\/types\/page"}],"author":[{"embeddable":true,"href":"https:\/\/logon.media\/sk\/wp-json\/wp\/v2\/users\/1"}],"replies":[{"embeddable":true,"href":"https:\/\/logon.media\/sk\/wp-json\/wp\/v2\/comments?post=88020"}],"version-history":[{"count":0,"href":"https:\/\/logon.media\/sk\/wp-json\/wp\/v2\/pages\/88020\/revisions"}],"wp:attachment":[{"href":"https:\/\/logon.media\/sk\/wp-json\/wp\/v2\/media?parent=88020"}],"curies":[{"name":"wp","href":"https:\/\/api.w.org\/{rel}","templated":true}]}}