{"id":103832,"date":"2023-07-23T15:52:47","date_gmt":"2023-07-23T15:52:47","guid":{"rendered":"https:\/\/logon.media\/?page_id=103832"},"modified":"2023-11-22T15:52:28","modified_gmt":"2023-11-22T15:52:28","slug":"o-logon-e","status":"publish","type":"page","link":"https:\/\/logon.media\/sk\/o-logon-e\/","title":{"rendered":"O LOGON-e"},"content":{"rendered":"\t\t<div data-elementor-type=\"wp-page\" data-elementor-id=\"103832\" class=\"elementor elementor-103832 elementor-52358\" data-elementor-post-type=\"page\">\n\t\t\t\t\t\t<section data-dce-background-image-url=\"http:\/\/logon.media\/wp-content\/uploads\/2022\/01\/yjhvJfqWTlmnaGr32gPL_Untitled_design_27-2.jpg\" class=\"elementor-section elementor-top-section elementor-element elementor-element-75f7b567 elementor-section-full_width elementor-section-height-min-height elementor-section-content-bottom elementor-section-height-default elementor-section-items-middle\" data-id=\"75f7b567\" data-element_type=\"section\" data-settings=\"{&quot;background_background&quot;:&quot;classic&quot;}\">\n\t\t\t\t\t\t<div class=\"elementor-container elementor-column-gap-default\">\n\t\t\t\t\t<div class=\"elementor-column elementor-col-100 elementor-top-column elementor-element elementor-element-638657a0\" data-id=\"638657a0\" data-element_type=\"column\" data-settings=\"{&quot;background_background&quot;:&quot;classic&quot;}\">\n\t\t\t<div class=\"elementor-widget-wrap elementor-element-populated\">\n\t\t\t\t\t\t<div class=\"elementor-element elementor-element-38742df6 elementor-widget elementor-widget-heading\" data-id=\"38742df6\" data-element_type=\"widget\" data-widget_type=\"heading.default\">\n\t\t\t\t<div class=\"elementor-widget-container\">\n\t\t\t\t\t<h1 class=\"elementor-heading-title elementor-size-default\">O LOGON-e<\/h1>\t\t\t\t<\/div>\n\t\t\t\t<\/div>\n\t\t\t\t\t<\/div>\n\t\t<\/div>\n\t\t\t\t\t<\/div>\n\t\t<\/section>\n\t\t\t\t<section class=\"elementor-section elementor-top-section elementor-element elementor-element-4fc5440d elementor-section-boxed elementor-section-height-default elementor-section-height-default\" data-id=\"4fc5440d\" data-element_type=\"section\" data-settings=\"{&quot;background_background&quot;:&quot;classic&quot;}\">\n\t\t\t\t\t\t<div class=\"elementor-container elementor-column-gap-no\">\n\t\t\t\t\t<div class=\"elementor-column elementor-col-100 elementor-top-column elementor-element elementor-element-18abb9db\" data-id=\"18abb9db\" data-element_type=\"column\">\n\t\t\t<div class=\"elementor-widget-wrap elementor-element-populated\">\n\t\t\t\t\t\t<div class=\"elementor-element elementor-element-6ee7d4c4 elementor-widget elementor-widget-heading\" data-id=\"6ee7d4c4\" data-element_type=\"widget\" data-widget_type=\"heading.default\">\n\t\t\t\t<div class=\"elementor-widget-container\">\n\t\t\t\t\t<h2 class=\"elementor-heading-title elementor-size-default\">O LOGON-e<\/h2>\t\t\t\t<\/div>\n\t\t\t\t<\/div>\n\t\t\t\t<div class=\"elementor-element elementor-element-2783d61 elementor-widget elementor-widget-text-editor\" data-id=\"2783d61\" data-element_type=\"widget\" data-widget_type=\"text-editor.default\">\n\t\t\t\t<div class=\"elementor-widget-container\">\n\t\t\t\t\t\t\t\t\t<p style=\"margin: 0cm 0cm 8pt; line-height: 15.693334px; font-size: 11pt; font-family: Calibri, sans-serif; caret-color: #000000; color: #000000;\"><span lang=\"PL\" style=\"font-size: 12pt; line-height: 17.120001px; font-family: 'Times New Roman', serif;\">LOGON je pre t\u00fdch, ktor\u00ed sa p\u00fdtaj\u00fa, \u010di na\u0161a realita m\u00f4\u017ee by\u0165 in\u00e1 ako t\u00e1, ktor\u00fa n\u00e1m be\u017ene predostiera svet. Kladie si existen\u010dn\u00e9 ot\u00e1zky, ako napr\u00edklad: Ak\u00fd je zmysel m\u00f4jho \u017eivota? M\u00e1 hlb\u0161\u00ed v\u00fdznam? \u010co v\u00f4bec \u017eivot je? Ako m\u00f4\u017eem vst\u00fapi\u0165 do nov\u00e9ho vz\u0165ahu so v\u0161etk\u00fdm, \u010do \u017eije?<\/span><\/p><p style=\"margin: 0cm 0cm 8pt; line-height: 15.693334px; font-size: 11pt; font-family: Calibri, sans-serif; caret-color: #000000; color: #000000;\"><span lang=\"PL\" style=\"font-size: 12pt; line-height: 17.120001px; font-family: 'Times New Roman', serif;\">LOGON chce povzbudi\u0165 \u013eud\u00ed, aby nasledovali svoje srdce a napredovali v h\u013eadan\u00ed novej reality, reality, ktor\u00fa m\u00f4\u017ee ka\u017ed\u00fd n\u00e1js\u0165 v sebe samom. Ke\u010f sk\u00famame vn\u00fatri n\u00e1s samotn\u00fd<\/span><span dir=\"RTL\" lang=\"AR-SA\" style=\"font-size: 12pt; line-height: 17.120001px; font-family: 'Times New Roman', serif;\">\u200e<\/span><span lang=\"PL\" style=\"font-size: 12pt; line-height: 17.120001px; font-family: 'Times New Roman', serif;\">ch, m\u00f4\u017eeme objavi\u0165 zdroj vn\u00fatorn\u00e9ho poznania, ktor\u00e9 siaha hlboko do toho, \u010do \u201e\u017eivot\u201c skuto\u010dne znamen\u00e1: spoznanie, \u017ee vn\u00fatri n\u00e1s je potenci\u00e1l na \u00fapln\u00fa obnovu.<\/span><\/p><p style=\"margin: 0cm 0cm 8pt; line-height: 15.693334px; font-size: 11pt; font-family: Calibri, sans-serif; caret-color: #000000; color: #000000;\"><span lang=\"PL\" style=\"font-size: 12pt; line-height: 17.120001px; font-family: 'Times New Roman', serif;\">LOGON sa sna\u017e\u00ed prin\u00e1\u0161a\u0165 impulzy na \u201eprebudenie\u201c; in\u0161pir\u00e1cie, ktor\u00e9 otv\u00e1raj\u00fa na\u0161e o\u010di vo\u010di nov\u00e9mu poh\u013eadu na \u017eivot, v\u010faka ktor\u00e9mu si dok\u00e1\u017eeme uvedomi\u0165 svoje postavenie a svoju \u00falohu vo svete nov\u00fdm sp\u00f4sobom. Doba, v ktorej \u017eijeme, si vy\u017eaduje nov\u00fd za\u010diatok, a mnoh\u00fdch sa opr\u00e1vnene zmoc\u0148uje nepokoj a vn\u00fatorn\u00e1 t\u00fa\u017eba po zmene. Ten nov\u00fd za\u010diatok bude \u00faspe\u0161n\u00fd, ke\u010f za\u010dne v n\u00e1s sam\u00fdch.<\/span><\/p><p style=\"margin: 0cm 0cm 8pt; line-height: 15.693334px; font-size: 11pt; font-family: Calibri, sans-serif; caret-color: #000000; color: #000000;\"><span lang=\"PL\" style=\"font-size: 12pt; line-height: 17.120001px; font-family: 'Times New Roman', serif;\">LOGON by sa s Vami r\u00e1d podelil o postrehy a povzbudenie pre tento nov\u00fd za\u010diatok, prostredn\u00edctvom ktor\u00e9ho m\u00f4\u017eeme umo\u017eni\u0165 ve\u010dnej esencii v n\u00e1s, aby o\u017eila.<\/span><\/p><p style=\"margin: 0cm 0cm 8pt; line-height: 15.693334px; font-size: 11pt; font-family: Calibri, sans-serif; caret-color: #000000; color: #000000;\"><span lang=\"PL\" style=\"font-size: 12pt; line-height: 17.120001px; font-family: 'Times New Roman', serif;\">LOGON je celosvetov\u00fd projekt v mnoh\u00fdch jazykoch.<\/span><\/p><p style=\"margin: 0cm 0cm 8pt; line-height: 15.693334px; font-size: 11pt; font-family: Calibri, sans-serif; caret-color: #000000; color: #000000;\"><span lang=\"PL\" style=\"letter-spacing: var( --e-global-typography-4384a6a-letter-spacing ); word-spacing: var( --e-global-typography-4384a6a-word-spacing ); font-size: 12pt; line-height: 17.120001px; font-family: 'Times New Roman', serif;\">Uv\u00edtame va\u0161e ot\u00e1zky a pripomienky:\u00a0<\/span><span lang=\"PL\" style=\"font-size: 11pt; letter-spacing: var( --e-global-typography-4384a6a-letter-spacing ); word-spacing: var( --e-global-typography-4384a6a-word-spacing );\"><a style=\"color: #954f72; text-decoration: underline;\" href=\"mailto:editors@logon.media\"><span style=\"font-size: 12pt; line-height: 17.120001px; font-family: 'Times New Roman', serif;\">editors@logon.media<\/span><\/a><\/span><\/p><p style=\"margin: 0cm 0cm 8pt; line-height: 15.693334px; font-size: 11pt; font-family: Calibri, sans-serif; caret-color: #000000; color: #000000;\"><span lang=\"PL\" style=\"font-size: 12pt; line-height: 17.120001px; font-family: 'Times New Roman', serif;\">Eva Cristina Casciello \u2013 Taliansko<br \/><\/span><span lang=\"PL\" style=\"font-size: 12pt; line-height: 17.120001px; font-family: 'Times New Roman', serif;\">Jo\u00e3o Castro \u2013 Braz\u00edlia<br \/><\/span><span lang=\"PL\" style=\"font-size: 12pt; line-height: 17.120001px; font-family: 'Times New Roman', serif;\">Heiko Haase \u2013 Nemecko<br \/><\/span><span lang=\"PL\" style=\"font-size: 12pt; line-height: 17.120001px; font-family: 'Times New Roman', serif;\">Marietta Millet \u2013 Spojen\u00e9 \u0161t\u00e1ty americk\u00e9<br \/><\/span><span lang=\"PL\" style=\"font-size: 12pt; line-height: 17.120001px; font-family: 'Times New Roman', serif;\">Wies\u0142awa Modrzejewska \u2013 Po\u013esko<br \/><\/span><span style=\"font-family: 'Times New Roman', serif; font-size: 12pt;\">Ten Mukenga \u2013 Kongo<br \/><\/span><span lang=\"PL\" style=\"font-size: 12pt; line-height: 17.120001px; font-family: 'Times New Roman', serif;\">Anneke Munnik \u2013 Holandsko<\/span><\/p><p style=\"margin: 0cm 0cm 8pt; line-height: 15.693334px; font-size: 11pt; font-family: Calibri, sans-serif; caret-color: #000000; color: #000000;\"><span lang=\"PL\" style=\"font-size: 12pt; line-height: 17.120001px; font-family: 'Times New Roman', serif;\">Odkaz na <\/span><a class=\"ContentPasted0\" style=\"font-family: Georgia, 'Times New Roman', 'Bitstream Charter', Times, serif; font-size: 16px;\" href=\"https:\/\/www.rosicrucianum.org\/sk\/\">O \u0161kole | Lectorium Rosicrucianum<\/a><\/p>\t\t\t\t\t\t\t\t<\/div>\n\t\t\t\t<\/div>\n\t\t\t\t\t<\/div>\n\t\t<\/div>\n\t\t\t\t\t<\/div>\n\t\t<\/section>\n\t\t\t\t<\/div>\n\t\t","protected":false},"excerpt":{"rendered":"<p>O LOGON-e O LOGON-e LOGON je pre t\u00fdch, ktor\u00ed sa p\u00fdtaj\u00fa, \u010di na\u0161a realita m\u00f4\u017ee by\u0165 in\u00e1 ako t\u00e1, ktor\u00fa n\u00e1m be\u017ene predostiera svet. Kladie si existen\u010dn\u00e9 ot\u00e1zky, ako napr\u00edklad: Ak\u00fd je zmysel m\u00f4jho \u017eivota? M\u00e1 hlb\u0161\u00ed v\u00fdznam? \u010co v\u00f4bec \u017eivot je? Ako m\u00f4\u017eem vst\u00fapi\u0165 do nov\u00e9ho vz\u0165ahu so v\u0161etk\u00fdm, \u010do \u017eije? LOGON chce povzbudi\u0165 [&hellip;]<\/p>\n","protected":false},"author":1,"featured_media":0,"parent":0,"menu_order":0,"comment_status":"open","ping_status":"open","template":"elementor_header_footer","meta":{"_acf_changed":false,"footnotes":""},"class_list":["post-103832","page","type-page","status-publish","hentry"],"acf":[],"_links":{"self":[{"href":"https:\/\/logon.media\/sk\/wp-json\/wp\/v2\/pages\/103832","targetHints":{"allow":["GET"]}}],"collection":[{"href":"https:\/\/logon.media\/sk\/wp-json\/wp\/v2\/pages"}],"about":[{"href":"https:\/\/logon.media\/sk\/wp-json\/wp\/v2\/types\/page"}],"author":[{"embeddable":true,"href":"https:\/\/logon.media\/sk\/wp-json\/wp\/v2\/users\/1"}],"replies":[{"embeddable":true,"href":"https:\/\/logon.media\/sk\/wp-json\/wp\/v2\/comments?post=103832"}],"version-history":[{"count":0,"href":"https:\/\/logon.media\/sk\/wp-json\/wp\/v2\/pages\/103832\/revisions"}],"wp:attachment":[{"href":"https:\/\/logon.media\/sk\/wp-json\/wp\/v2\/media?parent=103832"}],"curies":[{"name":"wp","href":"https:\/\/api.w.org\/{rel}","templated":true}]}}