{"id":94861,"date":"2017-12-21T00:02:10","date_gmt":"2017-12-21T00:02:10","guid":{"rendered":"https:\/\/logon.media\/drepturi-de-autor\/"},"modified":"2017-12-21T00:02:10","modified_gmt":"2017-12-21T00:02:10","slug":"drepturi-de-autor","status":"publish","type":"page","link":"https:\/\/logon.media\/ro\/drepturi-de-autor\/","title":{"rendered":"Drepturi de autor"},"content":{"rendered":"<p>Con\u021binutul paginilor LOGON sunt supuse dreptului de autor al autorilor. Dublarea, editarea, distribuirea \u0219i orice fel de utilizare \u00een afara dreptului de autor necesit\u0103 acordul scris al autorului respectiv. Desc\u0103rc\u0103rile \u0219i copiile articolelor de pe site-ul LOGON sunt permise numai pentru uz privat, necomercial.<\/p>\n","protected":false},"excerpt":{"rendered":"<p>Con\u021binutul paginilor LOGON sunt supuse dreptului de autor al autorilor. Dublarea, editarea, distribuirea \u0219i orice fel de utilizare \u00een afara dreptului de autor necesit\u0103 acordul scris al autorului respectiv. Desc\u0103rc\u0103rile \u0219i copiile articolelor de pe site-ul LOGON sunt permise numai pentru uz privat, necomercial.<\/p>\n","protected":false},"author":1,"featured_media":0,"parent":0,"menu_order":0,"comment_status":"open","ping_status":"open","template":"","meta":{"_acf_changed":false,"footnotes":""},"class_list":["post-94861","page","type-page","status-publish","hentry"],"acf":[],"_links":{"self":[{"href":"https:\/\/logon.media\/ro\/wp-json\/wp\/v2\/pages\/94861","targetHints":{"allow":["GET"]}}],"collection":[{"href":"https:\/\/logon.media\/ro\/wp-json\/wp\/v2\/pages"}],"about":[{"href":"https:\/\/logon.media\/ro\/wp-json\/wp\/v2\/types\/page"}],"author":[{"embeddable":true,"href":"https:\/\/logon.media\/ro\/wp-json\/wp\/v2\/users\/1"}],"replies":[{"embeddable":true,"href":"https:\/\/logon.media\/ro\/wp-json\/wp\/v2\/comments?post=94861"}],"version-history":[{"count":0,"href":"https:\/\/logon.media\/ro\/wp-json\/wp\/v2\/pages\/94861\/revisions"}],"wp:attachment":[{"href":"https:\/\/logon.media\/ro\/wp-json\/wp\/v2\/media?parent=94861"}],"curies":[{"name":"wp","href":"https:\/\/api.w.org\/{rel}","templated":true}]}}