{"id":94860,"date":"2017-11-28T16:48:07","date_gmt":"2017-11-28T16:48:07","guid":{"rendered":"https:\/\/logon.media\/polityka-prywatnosci\/"},"modified":"2017-11-28T16:48:07","modified_gmt":"2017-11-28T16:48:07","slug":"polityka-prywatnosci","status":"publish","type":"page","link":"https:\/\/logon.media\/ro\/polityka-prywatnosci\/","title":{"rendered":"Polityka prywatno\u015bci"},"content":{"rendered":"<p>Administratorem danych osobowych zawartych w serwisie jest Stiftung zur F\u00f6rderung der internationalen Arbeit der religi\u00f6sen Gemeinschaft Lectorium Rosicrucianum.<br \/>\nOchrona Pa\u0144stwa prywatno\u015bci jest naszym najwy\u017cszym priorytetem  i dok\u0142adamy wszelkich stara\u0144, aby j\u0105 chroni\u0107.  Podj\u0119li\u015bmy szeroko zakrojone \u015brodki bezpiecze\u0144stwa, aby chroni\u0107 przechowywane przez nas dane osobowe przed nieuprawnionym dost\u0119pem i niew\u0142a\u015bciwym wykorzystaniem. Je\u015bli wy\u015blecie Pa\u0144stwo do nas wiadomo\u015b\u0107 e-mail, Wasz adres e-mail b\u0119dzie wykorzystywany wy\u0142\u0105cznie do korespondencji z Pa\u0144stwem. W \u017cadnym wypadku dane nie b\u0119d\u0105 udost\u0119pniane podmiotom trzecim.<br \/>\nZwracamy uwag\u0119, \u017ce w razie pobierania danych z naszej strony internetowej lub wprowadzania danych osobowych, transmisja danych przez Internet jest cz\u0119\u015bciowo niezabezpieczona.<br \/>\nKa\u017cde zalogowanie si\u0119 na stronie LOGONU jest rejestrowane anonimowo. Dane te s\u0105 wykorzystywane wy\u0142\u0105cznie w celach statystycznych. Nie przekazujemy ich osobom trzecim,  nawet w cz\u0119\u015bci, w \u017cadnym momencie. <\/p>\n<p>Cookie-uri<br \/>\nPe site-ul LOGON folosim cookie-uri pentru a \u00eembun\u0103t\u0103\u021bi accesul la con\u021binutul acestuia. Folosind site-urile LOGON, sunte\u021bi de acord cu utilizarea cookie-urilor. Dezactivarea cookie-urilor pe care le folosim poate afecta capacitatea dumneavoastr\u0103 de a utiliza site-urile LOGON.<br \/>\nLogi serwera<br \/>\n1.\tInformacje o niekt\u00f3rych zachowaniach u\u017cytkownik\u00f3w podlegaj\u0105 logowaniu w war-stwie serwerowej. Dane te s\u0105 wykorzystywane wy\u0142\u0105cznie w celu administrowania serwisem oraz w celu zapewnienia jak najbardziej sprawnej obs\u0142ugi \u015bwiadczonych us\u0142ug hostingowych.<br \/>\n2.\tPrzegl\u0105dane zasoby identyfikowane s\u0105 poprzez adresy URL. Ponadto zapisowi mog\u0105 podlega\u0107:<br \/>\na.\tczas nadej\u015bcia zapytania,<br \/>\nb.\tczas wys\u0142ania odpowiedzi,<br \/>\nc.\tnazw\u0119 stacji klienta \u2013 identyfikacja realizowana przez protok\u00f3\u0142 HTTP,<br \/>\nd.\tinformacje o b\u0142\u0119dach jakie nast\u0105pi\u0142y przy realizacji transakcji HTTP,e. adres URL strony poprzednio odwiedzanej przez u\u017cytkownika (referer link) \u2013 w przy-padku gdy przej\u015bcie do Serwisu nast\u0105pi\u0142o przez odno\u015bnik,<br \/>\ne.\tinformacje o przegl\u0105darce u\u017cytkownika,<br \/>\nf.\tInformacje o adresie IP.<br \/>\n3.\tDane powy\u017csze s\u0105 wykorzystywane jedynie dla cel\u00f3w administrowania serwerem.<\/p>\n","protected":false},"excerpt":{"rendered":"<p>Administratorem danych osobowych zawartych w serwisie jest Stiftung zur F\u00f6rderung der internationalen Arbeit der religi\u00f6sen Gemeinschaft Lectorium Rosicrucianum. Ochrona Pa\u0144stwa prywatno\u015bci jest naszym najwy\u017cszym priorytetem i dok\u0142adamy wszelkich stara\u0144, aby j\u0105 chroni\u0107. Podj\u0119li\u015bmy szeroko zakrojone \u015brodki bezpiecze\u0144stwa, aby chroni\u0107 przechowywane przez nas dane osobowe przed nieuprawnionym dost\u0119pem i niew\u0142a\u015bciwym wykorzystaniem. Je\u015bli wy\u015blecie Pa\u0144stwo do nas [&hellip;]<\/p>\n","protected":false},"author":1,"featured_media":0,"parent":0,"menu_order":0,"comment_status":"open","ping_status":"open","template":"","meta":{"_acf_changed":false,"footnotes":""},"class_list":["post-94860","page","type-page","status-publish","hentry"],"acf":[],"_links":{"self":[{"href":"https:\/\/logon.media\/ro\/wp-json\/wp\/v2\/pages\/94860","targetHints":{"allow":["GET"]}}],"collection":[{"href":"https:\/\/logon.media\/ro\/wp-json\/wp\/v2\/pages"}],"about":[{"href":"https:\/\/logon.media\/ro\/wp-json\/wp\/v2\/types\/page"}],"author":[{"embeddable":true,"href":"https:\/\/logon.media\/ro\/wp-json\/wp\/v2\/users\/1"}],"replies":[{"embeddable":true,"href":"https:\/\/logon.media\/ro\/wp-json\/wp\/v2\/comments?post=94860"}],"version-history":[{"count":0,"href":"https:\/\/logon.media\/ro\/wp-json\/wp\/v2\/pages\/94860\/revisions"}],"wp:attachment":[{"href":"https:\/\/logon.media\/ro\/wp-json\/wp\/v2\/media?parent=94860"}],"curies":[{"name":"wp","href":"https:\/\/api.w.org\/{rel}","templated":true}]}}