{"id":94859,"date":"2017-11-28T16:53:34","date_gmt":"2017-11-28T16:53:34","guid":{"rendered":"https:\/\/logon.media\/declinarea-raspunderii-legale\/"},"modified":"2017-11-28T16:53:34","modified_gmt":"2017-11-28T16:53:34","slug":"declinarea-raspunderii-legale","status":"publish","type":"page","link":"https:\/\/logon.media\/ro\/declinarea-raspunderii-legale\/","title":{"rendered":"Declinarea r\u0103spunderii legale"},"content":{"rendered":"<p>Articolele care poart\u0103 numele sau semnul scriitorului nu reflect\u0103 neap\u0103rat opinia editorilor. Site-ul LOGON poate con\u021bine link-uri c\u0103tre alte site-uri web pentru confortul \u0219i informarea dumneavoastr\u0103. Nu suntem responsabili pentru con\u021binutul sau pentru politicile de confiden\u021bialitate ale acelor site-uri web.<\/p>\n","protected":false},"excerpt":{"rendered":"<p>Articolele care poart\u0103 numele sau semnul scriitorului nu reflect\u0103 neap\u0103rat opinia editorilor. Site-ul LOGON poate con\u021bine link-uri c\u0103tre alte site-uri web pentru confortul \u0219i informarea dumneavoastr\u0103. Nu suntem responsabili pentru con\u021binutul sau pentru politicile de confiden\u021bialitate ale acelor site-uri web.<\/p>\n","protected":false},"author":1,"featured_media":0,"parent":0,"menu_order":0,"comment_status":"open","ping_status":"open","template":"","meta":{"_acf_changed":false,"footnotes":""},"class_list":["post-94859","page","type-page","status-publish","hentry"],"acf":[],"_links":{"self":[{"href":"https:\/\/logon.media\/ro\/wp-json\/wp\/v2\/pages\/94859","targetHints":{"allow":["GET"]}}],"collection":[{"href":"https:\/\/logon.media\/ro\/wp-json\/wp\/v2\/pages"}],"about":[{"href":"https:\/\/logon.media\/ro\/wp-json\/wp\/v2\/types\/page"}],"author":[{"embeddable":true,"href":"https:\/\/logon.media\/ro\/wp-json\/wp\/v2\/users\/1"}],"replies":[{"embeddable":true,"href":"https:\/\/logon.media\/ro\/wp-json\/wp\/v2\/comments?post=94859"}],"version-history":[{"count":0,"href":"https:\/\/logon.media\/ro\/wp-json\/wp\/v2\/pages\/94859\/revisions"}],"wp:attachment":[{"href":"https:\/\/logon.media\/ro\/wp-json\/wp\/v2\/media?parent=94859"}],"curies":[{"name":"wp","href":"https:\/\/api.w.org\/{rel}","templated":true}]}}