{"id":103841,"date":"2023-07-23T15:59:20","date_gmt":"2023-07-23T15:59:20","guid":{"rendered":"https:\/\/logon.media\/?page_id=103841"},"modified":"2023-11-22T14:28:00","modified_gmt":"2023-11-22T14:28:00","slug":"despre-logon","status":"publish","type":"page","link":"https:\/\/logon.media\/ro\/despre-logon\/","title":{"rendered":"DESPRE LOGON"},"content":{"rendered":"\t\t<div data-elementor-type=\"wp-page\" data-elementor-id=\"103841\" class=\"elementor elementor-103841 elementor-52358\" data-elementor-post-type=\"page\">\n\t\t\t\t\t\t<section data-dce-background-image-url=\"http:\/\/logon.media\/wp-content\/uploads\/2022\/01\/yjhvJfqWTlmnaGr32gPL_Untitled_design_27-2.jpg\" class=\"elementor-section elementor-top-section elementor-element elementor-element-75f7b567 elementor-section-full_width elementor-section-height-min-height elementor-section-content-bottom elementor-section-height-default elementor-section-items-middle\" data-id=\"75f7b567\" data-element_type=\"section\" data-settings=\"{&quot;background_background&quot;:&quot;classic&quot;}\">\n\t\t\t\t\t\t<div class=\"elementor-container elementor-column-gap-default\">\n\t\t\t\t\t<div class=\"elementor-column elementor-col-100 elementor-top-column elementor-element elementor-element-638657a0\" data-id=\"638657a0\" data-element_type=\"column\" data-settings=\"{&quot;background_background&quot;:&quot;classic&quot;}\">\n\t\t\t<div class=\"elementor-widget-wrap elementor-element-populated\">\n\t\t\t\t\t\t<div class=\"elementor-element elementor-element-38742df6 elementor-widget elementor-widget-heading\" data-id=\"38742df6\" data-element_type=\"widget\" data-widget_type=\"heading.default\">\n\t\t\t\t<div class=\"elementor-widget-container\">\n\t\t\t\t\t<h1 class=\"elementor-heading-title elementor-size-default\">DESPRE LOGON<\/h1>\t\t\t\t<\/div>\n\t\t\t\t<\/div>\n\t\t\t\t\t<\/div>\n\t\t<\/div>\n\t\t\t\t\t<\/div>\n\t\t<\/section>\n\t\t\t\t<section class=\"elementor-section elementor-top-section elementor-element elementor-element-4fc5440d elementor-section-boxed elementor-section-height-default elementor-section-height-default\" data-id=\"4fc5440d\" data-element_type=\"section\" data-settings=\"{&quot;background_background&quot;:&quot;classic&quot;}\">\n\t\t\t\t\t\t<div class=\"elementor-container elementor-column-gap-no\">\n\t\t\t\t\t<div class=\"elementor-column elementor-col-100 elementor-top-column elementor-element elementor-element-18abb9db\" data-id=\"18abb9db\" data-element_type=\"column\">\n\t\t\t<div class=\"elementor-widget-wrap elementor-element-populated\">\n\t\t\t\t\t\t<div class=\"elementor-element elementor-element-6ee7d4c4 elementor-widget elementor-widget-heading\" data-id=\"6ee7d4c4\" data-element_type=\"widget\" data-widget_type=\"heading.default\">\n\t\t\t\t<div class=\"elementor-widget-container\">\n\t\t\t\t\t<h2 class=\"elementor-heading-title elementor-size-default\">DESPRE LOGON<\/h2>\t\t\t\t<\/div>\n\t\t\t\t<\/div>\n\t\t\t\t<div class=\"elementor-element elementor-element-2783d61 elementor-widget elementor-widget-text-editor\" data-id=\"2783d61\" data-element_type=\"widget\" data-widget_type=\"text-editor.default\">\n\t\t\t\t<div class=\"elementor-widget-container\">\n\t\t\t\t\t\t\t\t\t<p style=\"font-weight: 400;\">LOGON este pentru cei care se \u00eentreab\u0103 dac\u0103 realitatea noastr\u0103 ar putea fi diferit\u0103 de ceea ce ne prezint\u0103 lumea \u00een mod obi\u0219nuit, normal. Ace\u0219tia \u00ee\u0219i pun \u00eentreb\u0103ri existen\u021biale, cum ar fi: Care este scopul vie\u021bii mele? Are un sens mai profund? Ce este via\u021ba oricum? Cum pot intra \u00eentr-o nou\u0103 rela\u021bie cu tot ceea ce tr\u0103ie\u0219te?<\/p><p style=\"font-weight: 400;\">LOGON dore\u0219te s\u0103-i \u00eencurajeze pe oameni s\u0103-\u0219i urmeze inima \u0219i s\u0103 avanseze \u00een c\u0103utarea unei noi realit\u0103\u021bi, una pe care toat\u0103 lumea o poate g\u0103si \u00een interior. C\u00e2nd investig\u0103m \u00een noi \u00een\u0219ine, putem descoperi o surs\u0103 de cunoa\u0219tere interioar\u0103 care ajunge profund \u00een ceea ce \u00eenseamn\u0103 cu adev\u0103rat \u201evia\u021ba\u201d: recunoa\u0219terea faptului c\u0103 \u00een noi se afl\u0103 poten\u021bialul de re\u00eennoire complet\u0103.<\/p><p style=\"font-weight: 400;\">LOGON se str\u0103duie\u0219te s\u0103 aduc\u0103 impulsuri pentru o nou\u0103 \u201ctrezire\u201d; inspira\u021bii care ne deschid ochii c\u0103tre o nou\u0103 perspectiv\u0103 asupra vie\u021bii, prin care putem deveni con\u0219tien\u021bi de pozi\u021bia noastr\u0103 \u0219i de sarcina noastr\u0103 \u00een lume, \u00eentr-un mod nou. Timpurile \u00een care tr\u0103im cer un nou \u00eenceput \u0219i, pe bun\u0103 dreptate, mul\u021bi sunt acum cuprinsi de nelini\u0219te \u0219i de dorin\u021ba interioar\u0103 de schimbare. Un nou \u00eenceput va avea succes atunci c\u00e2nd \u00eencepe \u00een noi \u00een\u0219ine.<\/p><p style=\"font-weight: 400;\">LOGON \u00ee\u0219i dore\u0219te s\u0103 v\u0103 \u00eemp\u0103rt\u0103\u0219easc\u0103 perspective \u0219i \u00eencuraj\u0103ri pentru acest nou \u00eenceput, prin care pute\u021bi permite esen\u021bei eterne din interiorul vostru s\u0103 prind\u0103 via\u021b\u0103.<\/p><p style=\"font-weight: 400;\">LOGON este un proiect mondial \u00een mai multe limbi.<\/p><p style=\"font-weight: 400;\">A\u0219tept\u0103m \u00eentreb\u0103rile \u0219i feedbackul dvs:\u00a0<a href=\"mailto:editors@logon.media\">editors@logon.media<\/a><\/p><p style=\"font-weight: 400;\">Eva Cristina Casciello \u2013 Italia<br \/>Jo\u00e3o Castro \u2013 Brazilia<br \/>Heiko Haase \u2013 Germania<br \/>Marietta Millet \u2013 Statele Unite ale Americii<br \/><span style=\"font-size: 16px;\">Wies\u0142awa Modrzejewska \u2013 Polonia<br \/><\/span>Ten Mukenga \u2013 Republica Democrat\u0103 Congo<br \/>Anneke Munnik \u2013 Olanda<\/p><p style=\"font-weight: 400;\">Link c\u0103tre <a href=\"https:\/\/rozacruceadeaur.ro\/\">https:\/\/rozacruceadeaur.ro\/<\/a><\/p><p style=\"font-weight: 400;\">\u00a0<\/p>\t\t\t\t\t\t\t\t<\/div>\n\t\t\t\t<\/div>\n\t\t\t\t\t<\/div>\n\t\t<\/div>\n\t\t\t\t\t<\/div>\n\t\t<\/section>\n\t\t\t\t<\/div>\n\t\t","protected":false},"excerpt":{"rendered":"<p>DESPRE LOGON DESPRE LOGON LOGON este pentru cei care se \u00eentreab\u0103 dac\u0103 realitatea noastr\u0103 ar putea fi diferit\u0103 de ceea ce ne prezint\u0103 lumea \u00een mod obi\u0219nuit, normal. Ace\u0219tia \u00ee\u0219i pun \u00eentreb\u0103ri existen\u021biale, cum ar fi: Care este scopul vie\u021bii mele? Are un sens mai profund? Ce este via\u021ba oricum? Cum pot intra \u00eentr-o nou\u0103 [&hellip;]<\/p>\n","protected":false},"author":1,"featured_media":0,"parent":0,"menu_order":0,"comment_status":"open","ping_status":"open","template":"elementor_header_footer","meta":{"_acf_changed":false,"footnotes":""},"class_list":["post-103841","page","type-page","status-publish","hentry"],"acf":[],"_links":{"self":[{"href":"https:\/\/logon.media\/ro\/wp-json\/wp\/v2\/pages\/103841","targetHints":{"allow":["GET"]}}],"collection":[{"href":"https:\/\/logon.media\/ro\/wp-json\/wp\/v2\/pages"}],"about":[{"href":"https:\/\/logon.media\/ro\/wp-json\/wp\/v2\/types\/page"}],"author":[{"embeddable":true,"href":"https:\/\/logon.media\/ro\/wp-json\/wp\/v2\/users\/1"}],"replies":[{"embeddable":true,"href":"https:\/\/logon.media\/ro\/wp-json\/wp\/v2\/comments?post=103841"}],"version-history":[{"count":0,"href":"https:\/\/logon.media\/ro\/wp-json\/wp\/v2\/pages\/103841\/revisions"}],"wp:attachment":[{"href":"https:\/\/logon.media\/ro\/wp-json\/wp\/v2\/media?parent=103841"}],"curies":[{"name":"wp","href":"https:\/\/api.w.org\/{rel}","templated":true}]}}