{"id":94925,"date":"2017-12-21T00:02:10","date_gmt":"2017-12-21T00:02:10","guid":{"rendered":"https:\/\/logon.media\/direitos-autorais\/"},"modified":"2017-12-21T00:02:10","modified_gmt":"2017-12-21T00:02:10","slug":"direitos-autorais","status":"publish","type":"page","link":"https:\/\/logon.media\/pt-br\/direitos-autorais\/","title":{"rendered":"Direitos autorais"},"content":{"rendered":"<div>\n<p><span lang=\"PT-BR\">O conte\u00fado das p\u00e1ginas do site LOGON est\u00e1 sujeito a direitos autorais. Duplica\u00e7\u00e3o, edi\u00e7\u00e3o, distribui\u00e7\u00e3o e qualquer tipo de uso fora dos direitos autorais requerem o consentimento por escrito do respectivo autor. Baixar e copiar artigos do site LOGON s\u00e3o permitidos apenas para uso privado e n\u00e3o comercial.<\/span><\/p>\n<\/div>\n","protected":false},"excerpt":{"rendered":"<p>O conte\u00fado das p\u00e1ginas do site LOGON est\u00e1 sujeito a direitos autorais. Duplica\u00e7\u00e3o, edi\u00e7\u00e3o, distribui\u00e7\u00e3o e qualquer tipo de uso fora dos direitos autorais requerem o consentimento por escrito do respectivo autor. Baixar e copiar artigos do site LOGON s\u00e3o permitidos apenas para uso privado e n\u00e3o comercial.<\/p>\n","protected":false},"author":1,"featured_media":0,"parent":0,"menu_order":0,"comment_status":"open","ping_status":"open","template":"","meta":{"_acf_changed":false,"footnotes":""},"class_list":["post-94925","page","type-page","status-publish","hentry"],"acf":[],"_links":{"self":[{"href":"https:\/\/logon.media\/pt-br\/wp-json\/wp\/v2\/pages\/94925","targetHints":{"allow":["GET"]}}],"collection":[{"href":"https:\/\/logon.media\/pt-br\/wp-json\/wp\/v2\/pages"}],"about":[{"href":"https:\/\/logon.media\/pt-br\/wp-json\/wp\/v2\/types\/page"}],"author":[{"embeddable":true,"href":"https:\/\/logon.media\/pt-br\/wp-json\/wp\/v2\/users\/1"}],"replies":[{"embeddable":true,"href":"https:\/\/logon.media\/pt-br\/wp-json\/wp\/v2\/comments?post=94925"}],"version-history":[{"count":0,"href":"https:\/\/logon.media\/pt-br\/wp-json\/wp\/v2\/pages\/94925\/revisions"}],"wp:attachment":[{"href":"https:\/\/logon.media\/pt-br\/wp-json\/wp\/v2\/media?parent=94925"}],"curies":[{"name":"wp","href":"https:\/\/api.w.org\/{rel}","templated":true}]}}