{"id":94924,"date":"2017-11-28T16:53:34","date_gmt":"2017-11-28T16:53:34","guid":{"rendered":"https:\/\/logon.media\/isencao-de-responsabilidade\/"},"modified":"2017-11-28T16:53:34","modified_gmt":"2017-11-28T16:53:34","slug":"isencao-de-responsabilidade","status":"publish","type":"page","link":"https:\/\/logon.media\/pt-br\/isencao-de-responsabilidade\/","title":{"rendered":"Isen\u00e7\u00e3o de Responsabilidade"},"content":{"rendered":"<div>\n<p><span lang=\"PT-BR\">Artigos publicados com o nome do autor n\u00e3o refletem necessariamente a opini\u00e3o dos editores. O site LOGON pode conter links para outros sites para sua conveni\u00eancia e informa\u00e7\u00e3o. N\u00e3o somos respons\u00e1veis pelo conte\u00fado ou pelas pol\u00edticas de privacidade desses sites.<\/span><\/p>\n<\/div>\n","protected":false},"excerpt":{"rendered":"<p>Artigos publicados com o nome do autor n\u00e3o refletem necessariamente a opini\u00e3o dos editores. O site LOGON pode conter links para outros sites para sua conveni\u00eancia e informa\u00e7\u00e3o. N\u00e3o somos respons\u00e1veis pelo conte\u00fado ou pelas pol\u00edticas de privacidade desses sites.<\/p>\n","protected":false},"author":1,"featured_media":0,"parent":0,"menu_order":0,"comment_status":"open","ping_status":"open","template":"","meta":{"_acf_changed":false,"footnotes":""},"class_list":["post-94924","page","type-page","status-publish","hentry"],"acf":[],"_links":{"self":[{"href":"https:\/\/logon.media\/pt-br\/wp-json\/wp\/v2\/pages\/94924","targetHints":{"allow":["GET"]}}],"collection":[{"href":"https:\/\/logon.media\/pt-br\/wp-json\/wp\/v2\/pages"}],"about":[{"href":"https:\/\/logon.media\/pt-br\/wp-json\/wp\/v2\/types\/page"}],"author":[{"embeddable":true,"href":"https:\/\/logon.media\/pt-br\/wp-json\/wp\/v2\/users\/1"}],"replies":[{"embeddable":true,"href":"https:\/\/logon.media\/pt-br\/wp-json\/wp\/v2\/comments?post=94924"}],"version-history":[{"count":0,"href":"https:\/\/logon.media\/pt-br\/wp-json\/wp\/v2\/pages\/94924\/revisions"}],"wp:attachment":[{"href":"https:\/\/logon.media\/pt-br\/wp-json\/wp\/v2\/media?parent=94924"}],"curies":[{"name":"wp","href":"https:\/\/api.w.org\/{rel}","templated":true}]}}