{"id":94923,"date":"2017-11-28T16:48:07","date_gmt":"2017-11-28T16:48:07","guid":{"rendered":"https:\/\/logon.media\/politica-de-privacidade\/"},"modified":"2022-09-20T06:02:45","modified_gmt":"2022-09-20T06:02:45","slug":"politica-de-privacidade","status":"publish","type":"page","link":"https:\/\/logon.media\/pt-br\/politica-de-privacidade\/","title":{"rendered":"Pol\u00edtica de Privacidade"},"content":{"rendered":"<div>\n<p><span lang=\"PT-BR\">Proteger sua privacidade \u00e9 nossa principal prioridade. Portanto, tomamos medidas de seguran\u00e7a abrangentes para proteger os dados pessoais que armazenamos contra acesso n\u00e3o autorizado e uso indevido. Se voc\u00ea nos enviar um e-mail, seu endere\u00e7o de e-mail ser\u00e1 usado exclusivamente para correspond\u00eancia com voc\u00ea. Em nenhum caso, os dados ser\u00e3o compartilhados com terceiros. Quando voc\u00ea recupera dados em nosso site ou insere dados pessoais, ressaltamos que a transmiss\u00e3o de dados pela Internet \u00e9 parcialmente insegura. Cada chamada de uma p\u00e1gina do site LOGON \u00e9 registrada anonimamente. Esses dados s\u00e3o avaliados exclusivamente para fins estat\u00edsticos. A transfer\u00eancia para terceiros, mesmo em partes, n\u00e3o ocorre em nenhum momento. Os dados s\u00e3o usados para tornar o site amig\u00e1vel.<\/span><\/p>\n<div>\n<p><span lang=\"PT-BR\">Cookies\u00a0<\/span><\/p>\n<\/div>\n<div>\n<p><span lang=\"PT-BR\">No site LOGON utilizamos cookies para melhorar o acesso ao seu conte\u00fado. Ao usar o site LOGON, voc\u00ea concorda com o uso de cookies. A desativa\u00e7\u00e3o dos cookies que usamos pode afetar sua capacidade de usar o site LOGON.\u00a0<\/span><\/p>\n<\/div>\n<\/div>\n","protected":false},"excerpt":{"rendered":"<p>Proteger sua privacidade \u00e9 nossa principal prioridade. Portanto, tomamos medidas de seguran\u00e7a abrangentes para proteger os dados pessoais que armazenamos contra acesso n\u00e3o autorizado e uso indevido. Se voc\u00ea nos enviar um e-mail, seu endere\u00e7o de e-mail ser\u00e1 usado exclusivamente para correspond\u00eancia com voc\u00ea. Em nenhum caso, os dados ser\u00e3o compartilhados com terceiros. Quando voc\u00ea [&hellip;]<\/p>\n","protected":false},"author":1,"featured_media":0,"parent":0,"menu_order":0,"comment_status":"open","ping_status":"open","template":"","meta":{"_acf_changed":false,"footnotes":""},"class_list":["post-94923","page","type-page","status-publish","hentry"],"acf":[],"_links":{"self":[{"href":"https:\/\/logon.media\/pt-br\/wp-json\/wp\/v2\/pages\/94923","targetHints":{"allow":["GET"]}}],"collection":[{"href":"https:\/\/logon.media\/pt-br\/wp-json\/wp\/v2\/pages"}],"about":[{"href":"https:\/\/logon.media\/pt-br\/wp-json\/wp\/v2\/types\/page"}],"author":[{"embeddable":true,"href":"https:\/\/logon.media\/pt-br\/wp-json\/wp\/v2\/users\/1"}],"replies":[{"embeddable":true,"href":"https:\/\/logon.media\/pt-br\/wp-json\/wp\/v2\/comments?post=94923"}],"version-history":[{"count":0,"href":"https:\/\/logon.media\/pt-br\/wp-json\/wp\/v2\/pages\/94923\/revisions"}],"wp:attachment":[{"href":"https:\/\/logon.media\/pt-br\/wp-json\/wp\/v2\/media?parent=94923"}],"curies":[{"name":"wp","href":"https:\/\/api.w.org\/{rel}","templated":true}]}}