{"id":94837,"date":"2017-11-28T16:28:26","date_gmt":"2017-11-28T16:28:26","guid":{"rendered":"https:\/\/logon.media\/expediente\/"},"modified":"2017-11-28T16:28:26","modified_gmt":"2017-11-28T16:28:26","slug":"expediente","status":"publish","type":"page","link":"https:\/\/logon.media\/pt-br\/expediente\/","title":{"rendered":"Expediente"},"content":{"rendered":"<p>LOGON \u00e9 uma revista online da Funda\u00e7\u00e3o para o trabalho internacional da comunidade religiosa Lectorium Rosicrucianum.<\/p>\n<p>Funda\u00e7\u00e3o de acordo com os artigos 80 a 88 do C\u00f3digo Civil Su\u00ed\u00e7o (ZGB)<\/p>\n<p>Data de registro: 22.11.1990<\/p>\n<p>N\u00famero de registro: CH-020.7.904.348-5<\/p>\n<p>Endere\u00e7o: Kreuzstrasse 60, CH-8008 Zurique<\/p>\n<p>Respons\u00e1vel pelo conte\u00fado (de acordo com \u00a7 55 Abs. 2 RStV, Alemanha): Dr. Gunter Friedrich, zum M\u00fchlenberg 5, 53844 Troisdorf<\/p>\n<p>Mensagens aos editores: <a href=\"mailto:editors@logon.media\">editors@logon.media<\/a><\/p>\n","protected":false},"excerpt":{"rendered":"<p>LOGON \u00e9 uma revista online da Funda\u00e7\u00e3o para o trabalho internacional da comunidade religiosa Lectorium Rosicrucianum. Funda\u00e7\u00e3o de acordo com os artigos 80 a 88 do C\u00f3digo Civil Su\u00ed\u00e7o (ZGB) Data de registro: 22.11.1990 N\u00famero de registro: CH-020.7.904.348-5 Endere\u00e7o: Kreuzstrasse 60, CH-8008 Zurique Respons\u00e1vel pelo conte\u00fado (de acordo com \u00a7 55 Abs. 2 RStV, Alemanha): [&hellip;]<\/p>\n","protected":false},"author":1,"featured_media":0,"parent":0,"menu_order":0,"comment_status":"open","ping_status":"open","template":"","meta":{"_acf_changed":false,"footnotes":""},"class_list":["post-94837","page","type-page","status-publish","hentry"],"acf":[],"_links":{"self":[{"href":"https:\/\/logon.media\/pt-br\/wp-json\/wp\/v2\/pages\/94837","targetHints":{"allow":["GET"]}}],"collection":[{"href":"https:\/\/logon.media\/pt-br\/wp-json\/wp\/v2\/pages"}],"about":[{"href":"https:\/\/logon.media\/pt-br\/wp-json\/wp\/v2\/types\/page"}],"author":[{"embeddable":true,"href":"https:\/\/logon.media\/pt-br\/wp-json\/wp\/v2\/users\/1"}],"replies":[{"embeddable":true,"href":"https:\/\/logon.media\/pt-br\/wp-json\/wp\/v2\/comments?post=94837"}],"version-history":[{"count":0,"href":"https:\/\/logon.media\/pt-br\/wp-json\/wp\/v2\/pages\/94837\/revisions"}],"wp:attachment":[{"href":"https:\/\/logon.media\/pt-br\/wp-json\/wp\/v2\/media?parent=94837"}],"curies":[{"name":"wp","href":"https:\/\/api.w.org\/{rel}","templated":true}]}}