{"id":104229,"date":"2023-08-16T09:48:50","date_gmt":"2023-08-16T09:48:50","guid":{"rendered":"https:\/\/logon.media\/?page_id=104229"},"modified":"2023-11-22T14:26:19","modified_gmt":"2023-11-22T14:26:19","slug":"sobre-a-logon","status":"publish","type":"page","link":"https:\/\/logon.media\/pt-br\/sobre-a-logon\/","title":{"rendered":"SOBRE A LOGON"},"content":{"rendered":"\t\t<div data-elementor-type=\"wp-page\" data-elementor-id=\"104229\" class=\"elementor elementor-104229 elementor-52358\" data-elementor-post-type=\"page\">\n\t\t\t\t\t\t<section data-dce-background-image-url=\"http:\/\/logon.media\/wp-content\/uploads\/2022\/01\/yjhvJfqWTlmnaGr32gPL_Untitled_design_27-2.jpg\" class=\"elementor-section elementor-top-section elementor-element elementor-element-75f7b567 elementor-section-full_width elementor-section-height-min-height elementor-section-content-bottom elementor-section-height-default elementor-section-items-middle\" data-id=\"75f7b567\" data-element_type=\"section\" data-settings=\"{&quot;background_background&quot;:&quot;classic&quot;}\">\n\t\t\t\t\t\t<div class=\"elementor-container elementor-column-gap-default\">\n\t\t\t\t\t<div class=\"elementor-column elementor-col-100 elementor-top-column elementor-element elementor-element-638657a0\" data-id=\"638657a0\" data-element_type=\"column\" data-settings=\"{&quot;background_background&quot;:&quot;classic&quot;}\">\n\t\t\t<div class=\"elementor-widget-wrap elementor-element-populated\">\n\t\t\t\t\t\t<div class=\"elementor-element elementor-element-38742df6 elementor-widget elementor-widget-heading\" data-id=\"38742df6\" data-element_type=\"widget\" data-widget_type=\"heading.default\">\n\t\t\t\t<div class=\"elementor-widget-container\">\n\t\t\t\t\t<h1 class=\"elementor-heading-title elementor-size-default\">SOBRE A LOGON<\/h1>\t\t\t\t<\/div>\n\t\t\t\t<\/div>\n\t\t\t\t\t<\/div>\n\t\t<\/div>\n\t\t\t\t\t<\/div>\n\t\t<\/section>\n\t\t\t\t<section class=\"elementor-section elementor-top-section elementor-element elementor-element-4fc5440d elementor-section-boxed elementor-section-height-default elementor-section-height-default\" data-id=\"4fc5440d\" data-element_type=\"section\" data-settings=\"{&quot;background_background&quot;:&quot;classic&quot;}\">\n\t\t\t\t\t\t<div class=\"elementor-container elementor-column-gap-no\">\n\t\t\t\t\t<div class=\"elementor-column elementor-col-100 elementor-top-column elementor-element elementor-element-18abb9db\" data-id=\"18abb9db\" data-element_type=\"column\">\n\t\t\t<div class=\"elementor-widget-wrap elementor-element-populated\">\n\t\t\t\t\t\t<div class=\"elementor-element elementor-element-6ee7d4c4 elementor-widget elementor-widget-heading\" data-id=\"6ee7d4c4\" data-element_type=\"widget\" data-widget_type=\"heading.default\">\n\t\t\t\t<div class=\"elementor-widget-container\">\n\t\t\t\t\t<h2 class=\"elementor-heading-title elementor-size-default\">SOBRE A LOGON<\/h2>\t\t\t\t<\/div>\n\t\t\t\t<\/div>\n\t\t\t\t<div class=\"elementor-element elementor-element-2783d61 elementor-widget elementor-widget-text-editor\" data-id=\"2783d61\" data-element_type=\"widget\" data-widget_type=\"text-editor.default\">\n\t\t\t\t<div class=\"elementor-widget-container\">\n\t\t\t\t\t\t\t\t\t<p><strong>SOBRE A LOGON<\/strong><\/p><p>A LOGON destina-se a todos que questionam se nossa nossa realidade pode ser diferente daquela que geralmente se nos apresenta. Indagam, por exemplo: Qual a finalidade da minha vida? H\u00e1 um sentido mais profundo? O que \u00e9 a vida afinal? Como posso desenvolver um novo relacionamento com tudo o que vive?<\/p><p>A LOGON quer encorajar as pessoas a seguirem seu cora\u00e7\u00e3o e avan\u00e7arem em seu caminho para uma nova realidade, que j\u00e1 est\u00e1 dentro de n\u00f3s mesmos. Quando examinamos isso no mais profundo de nosso ser, descobrimos uma fonte de conhecimento interior que revela o que a \u201cvida\u201d realmente significa: o reconhecimento de que dentro de n\u00f3s est\u00e1 o potencial para nossa completa renova\u00e7\u00e3o.<\/p><p>A LOGON anseia difundir impulsos para um \u201cdespertar\u201d; inspira\u00e7\u00f5es que abrem nossos olhos para uma nova perspectiva de vida, com consci\u00eancia de nosso papel e tarefa no mundo de uma maneira nova. Os tempos em que vivemos demandam um nova base e, nesse sentido, muitos s\u00e3o tomadas por uma inquieta\u00e7\u00e3o e anseio interiores de mudan\u00e7a. Um novo come\u00e7o desponta quando parte de dentro de n\u00f3s mesmos.<\/p><p>A LOGON visa compartilhar impulsos e entusiasmo para esse novo come\u00e7o, que possibilita que a ess\u00eancia eterna ganhe vida dentro de voc\u00ea e por meio de voc\u00ea mesmo.<\/p><p>LOGON \u00e9 um projeto mundial em v\u00e1rios idiomas.<\/p><p>Suas perguntas e coment\u00e1rios s\u00e3o bem-vindos: editors@logon.media<\/p><p>Eva Cristina Casciello \u2013 It\u00e1lia<br \/>Jo\u00e3o Castro \u2013 Brasil<br \/>Heiko Haase \u2013 Alemanha<br \/>Marietta Millet \u2013 Estados Unidos da Am\u00e9rica<br \/>Wies\u0142awa Modrzejewska \u2013 Pol\u00f4nia<br \/>Ten Mukenga \u2013 Rep\u00fablica Democr\u00e1tica do Congo<br \/>Anneke Munnik \u2013 Holanda<\/p><p>Link para\u00a0<a href=\"http:\/\/rosacruzaurea.org.br\/\">rosacruzaurea.org.br<\/a><\/p>\t\t\t\t\t\t\t\t<\/div>\n\t\t\t\t<\/div>\n\t\t\t\t\t<\/div>\n\t\t<\/div>\n\t\t\t\t\t<\/div>\n\t\t<\/section>\n\t\t\t\t<\/div>\n\t\t","protected":false},"excerpt":{"rendered":"<p>SOBRE A LOGON SOBRE A LOGON SOBRE A LOGON A LOGON destina-se a todos que questionam se nossa nossa realidade pode ser diferente daquela que geralmente se nos apresenta. Indagam, por exemplo: Qual a finalidade da minha vida? H\u00e1 um sentido mais profundo? O que \u00e9 a vida afinal? Como posso desenvolver um novo relacionamento [&hellip;]<\/p>\n","protected":false},"author":1,"featured_media":0,"parent":0,"menu_order":0,"comment_status":"open","ping_status":"open","template":"elementor_header_footer","meta":{"_acf_changed":false,"footnotes":""},"class_list":["post-104229","page","type-page","status-publish","hentry"],"acf":[],"_links":{"self":[{"href":"https:\/\/logon.media\/pt-br\/wp-json\/wp\/v2\/pages\/104229","targetHints":{"allow":["GET"]}}],"collection":[{"href":"https:\/\/logon.media\/pt-br\/wp-json\/wp\/v2\/pages"}],"about":[{"href":"https:\/\/logon.media\/pt-br\/wp-json\/wp\/v2\/types\/page"}],"author":[{"embeddable":true,"href":"https:\/\/logon.media\/pt-br\/wp-json\/wp\/v2\/users\/1"}],"replies":[{"embeddable":true,"href":"https:\/\/logon.media\/pt-br\/wp-json\/wp\/v2\/comments?post=104229"}],"version-history":[{"count":0,"href":"https:\/\/logon.media\/pt-br\/wp-json\/wp\/v2\/pages\/104229\/revisions"}],"wp:attachment":[{"href":"https:\/\/logon.media\/pt-br\/wp-json\/wp\/v2\/media?parent=104229"}],"curies":[{"name":"wp","href":"https:\/\/api.w.org\/{rel}","templated":true}]}}