{"id":94832,"date":"2017-11-28T16:28:26","date_gmt":"2017-11-28T16:28:26","guid":{"rendered":"https:\/\/logon.media\/informacje-ogolne-3\/"},"modified":"2017-11-28T16:28:26","modified_gmt":"2017-11-28T16:28:26","slug":"informacje-ogolne-3","status":"publish","type":"page","link":"https:\/\/logon.media\/pl\/informacje-ogolne-3\/","title":{"rendered":"Informacje og\u00f3lne"},"content":{"rendered":"<p>LOGON jest publikowanym online czasopismem Stiftung zur F\u00f6rderung der internationalen Arbeit der religi\u00f6sen Gemeinschaft Lectorium Rosicrucianum [Fundacja na rzecz finansowego wsparcia mi\u0119dzynarodowej pracy wsp\u00f3lnoty wyznaniowej Lectorium Rosicrucianum].<br \/>\nFundacja dzia\u0142a na podstawie artyku\u0142\u00f3w 80-88 Szwajcarskiego Kodeksu Cywilnego z 1907 r., ze zmianami &#8211; Schweizerisches Zivilgesetzbuch vom 10. Dezember 1907 (Stand am 1. Januar 2020); dost\u0119p online: https:\/\/fedlex.data.admin.ch\/filestore\/fedlex.data.admin.ch\/eli\/cc\/24\/233_245_233\/20200101\/de\/pdf-a\/fedlex-data-admin-ch-eli-cc-24-233_245_233-20200101-de-pdf-a.pdf<br \/>\nData rejestracji Fundacji: 22.11.1990<br \/>\nNumer wpisu do rejestru: CH-020.7.904.348-5<br \/>\nAdres: Kreuzstrasse 60, CH-8008 Z\u00fcrich<br \/>\nOsoba odpowiedzialna za tre\u015bci (zgodnie z \u00a7 55 ust. 2 RStV [Rundfunkstaatsvertrag &#8211; Traktat o Radiofonii i Telewizji], Niemcy): Dr Gunter Friedrich, zum M\u00fchlenberg 5, 53844 Troisdorf<br \/>\nKontakt do redakcji: editors@logon.media<\/p>\n","protected":false},"excerpt":{"rendered":"<p>LOGON jest publikowanym online czasopismem Stiftung zur F\u00f6rderung der internationalen Arbeit der religi\u00f6sen Gemeinschaft Lectorium Rosicrucianum [Fundacja na rzecz finansowego wsparcia mi\u0119dzynarodowej pracy wsp\u00f3lnoty wyznaniowej Lectorium Rosicrucianum]. Fundacja dzia\u0142a na podstawie artyku\u0142\u00f3w 80-88 Szwajcarskiego Kodeksu Cywilnego z 1907 r., ze zmianami &#8211; Schweizerisches Zivilgesetzbuch vom 10. Dezember 1907 (Stand am 1. Januar 2020); dost\u0119p online: [&hellip;]<\/p>\n","protected":false},"author":1,"featured_media":0,"parent":0,"menu_order":0,"comment_status":"open","ping_status":"open","template":"","meta":{"_acf_changed":false,"footnotes":""},"class_list":["post-94832","page","type-page","status-publish","hentry"],"acf":[],"_links":{"self":[{"href":"https:\/\/logon.media\/pl\/wp-json\/wp\/v2\/pages\/94832","targetHints":{"allow":["GET"]}}],"collection":[{"href":"https:\/\/logon.media\/pl\/wp-json\/wp\/v2\/pages"}],"about":[{"href":"https:\/\/logon.media\/pl\/wp-json\/wp\/v2\/types\/page"}],"author":[{"embeddable":true,"href":"https:\/\/logon.media\/pl\/wp-json\/wp\/v2\/users\/1"}],"replies":[{"embeddable":true,"href":"https:\/\/logon.media\/pl\/wp-json\/wp\/v2\/comments?post=94832"}],"version-history":[{"count":0,"href":"https:\/\/logon.media\/pl\/wp-json\/wp\/v2\/pages\/94832\/revisions"}],"wp:attachment":[{"href":"https:\/\/logon.media\/pl\/wp-json\/wp\/v2\/media?parent=94832"}],"curies":[{"name":"wp","href":"https:\/\/api.w.org\/{rel}","templated":true}]}}