{"id":94829,"date":"2017-12-21T00:02:10","date_gmt":"2017-12-21T00:02:10","guid":{"rendered":"https:\/\/logon.media\/prawa-autorskie-2\/"},"modified":"2017-12-21T00:02:10","modified_gmt":"2017-12-21T00:02:10","slug":"prawa-autorskie-2","status":"publish","type":"page","link":"https:\/\/logon.media\/pl\/prawa-autorskie-2\/","title":{"rendered":"Prawa autorskie"},"content":{"rendered":"<p>Tre\u015bci zamieszczone na stronach LOGONU s\u0105 obj\u0119te prawami autorskimi.  \u017baden utw\u00f3r, nie mo\u017ce by\u0107 powielany ani rozpowszechniany w jakiejkolwiek formie i w jakikolwiek spos\u00f3b na jakichkolwiek polach eksploatacji, w\u0142\u0105cznie z kopiowaniem, fotokopiowaniem i digitalizacj\u0105, w tym tak\u017ce zamieszczaniem w Internecie, bez pisemnej zgody W\u0142a\u015bciciela. Jakiekolwiek u\u017cycie lub wykorzystanie utworu w ca\u0142o\u015bci lub w cz\u0119\u015bci bez zgody W\u0142a\u015bciciela w innych celach ni\u017c niekomercyjne cele prywatne stanowi naruszenie prawa.<br \/>\nPobieranie i kopiowanie artyku\u0142\u00f3w ze strony LOGON jest dozwolone wy\u0142\u0105cznie do prywatnego, niekomercyjnego u\u017cytku.<br \/>\nWykorzystanie materia\u0142\u00f3w do cel\u00f3w cytowania jest dozwolone na warunkach i w zakresie okre\u015blonym przepisami ustawy z dnia 4 lutego 1994 r. o prawie autorskim i prawach pokrewnych (t.j. Dz. U. z 2021 r. poz. 1062 , ze zm.), w tym z obowi\u0105zkowym podaniem \u017ar\u00f3d\u0142a cytatu. <\/p>\n","protected":false},"excerpt":{"rendered":"<p>Tre\u015bci zamieszczone na stronach LOGONU s\u0105 obj\u0119te prawami autorskimi. \u017baden utw\u00f3r, nie mo\u017ce by\u0107 powielany ani rozpowszechniany w jakiejkolwiek formie i w jakikolwiek spos\u00f3b na jakichkolwiek polach eksploatacji, w\u0142\u0105cznie z kopiowaniem, fotokopiowaniem i digitalizacj\u0105, w tym tak\u017ce zamieszczaniem w Internecie, bez pisemnej zgody W\u0142a\u015bciciela. Jakiekolwiek u\u017cycie lub wykorzystanie utworu w ca\u0142o\u015bci lub w cz\u0119\u015bci bez [&hellip;]<\/p>\n","protected":false},"author":1,"featured_media":0,"parent":0,"menu_order":0,"comment_status":"open","ping_status":"open","template":"","meta":{"_acf_changed":false,"footnotes":""},"class_list":["post-94829","page","type-page","status-publish","hentry"],"acf":[],"_links":{"self":[{"href":"https:\/\/logon.media\/pl\/wp-json\/wp\/v2\/pages\/94829","targetHints":{"allow":["GET"]}}],"collection":[{"href":"https:\/\/logon.media\/pl\/wp-json\/wp\/v2\/pages"}],"about":[{"href":"https:\/\/logon.media\/pl\/wp-json\/wp\/v2\/types\/page"}],"author":[{"embeddable":true,"href":"https:\/\/logon.media\/pl\/wp-json\/wp\/v2\/users\/1"}],"replies":[{"embeddable":true,"href":"https:\/\/logon.media\/pl\/wp-json\/wp\/v2\/comments?post=94829"}],"version-history":[{"count":0,"href":"https:\/\/logon.media\/pl\/wp-json\/wp\/v2\/pages\/94829\/revisions"}],"wp:attachment":[{"href":"https:\/\/logon.media\/pl\/wp-json\/wp\/v2\/media?parent=94829"}],"curies":[{"name":"wp","href":"https:\/\/api.w.org\/{rel}","templated":true}]}}