{"id":94823,"date":"2017-11-28T16:48:07","date_gmt":"2017-11-28T16:48:07","guid":{"rendered":"https:\/\/logon.media\/zastrzezenia-prawne-2\/"},"modified":"2023-03-04T19:09:02","modified_gmt":"2023-03-04T19:09:02","slug":"zastrzezenia-prawne-2","status":"publish","type":"page","link":"https:\/\/logon.media\/pl\/zastrzezenia-prawne-2\/","title":{"rendered":"Polityka prywatno\u015bci"},"content":{"rendered":"<p>Artyku\u0142y opatrzone nazwiskiem lub pseudonimem autora niekoniecznie odzwierciedlaj\u0105 opini\u0119 Redakcji. Witryna internetowa czasopisma LOGON, dla Pa\u0144stwa wygody i w celach informacyjnych, mo\u017ce zawiera\u0107 linki do innych witryn internetowych. Nie ponosimy \u017cadnej odpowiedzialno\u015bci za tre\u015b\u0107 ani za polityk\u0119 prywatno\u015bci tych witryn.<\/p>\n<p>Polityka prywatno\u015bci<br \/>\nAdministratorem danych osobowych zawartych w serwisie jest Stiftung zur F\u00f6rderung der internationalen Arbeit der religi\u00f6sen Gemeinschaft Lectorium Rosicrucianum.<\/p>\n<p>Ochrona Pa\u0144stwa prywatno\u015bci jest naszym najwy\u017cszym priorytetem  i dok\u0142adamy wszelkich stara\u0144, aby j\u0105 chroni\u0107.  Podj\u0119li\u015bmy szeroko zakrojone \u015brodki bezpiecze\u0144stwa, aby chroni\u0107 przechowywane przez nas dane osobowe przed nieuprawnionym dost\u0119pem i niew\u0142a\u015bciwym wykorzystaniem. Je\u015bli wy\u015blecie Pa\u0144stwo do nas wiadomo\u015b\u0107 e-mail, Wasz adres e-mail b\u0119dzie wykorzystywany wy\u0142\u0105cznie do korespondencji z Pa\u0144stwem. W \u017cadnym wypadku dane nie b\u0119d\u0105 udost\u0119pniane podmiotom trzecim.<br \/>\nZwracamy uwag\u0119, \u017ce w razie pobierania danych z naszej strony internetowej lub wprowadzania danych osobowych, transmisja danych przez Internet jest cz\u0119\u015bciowo niezabezpieczona.<br \/>\nKa\u017cde zalogowanie si\u0119 na stronie LOGONU jest rejestrowane anonimowo. Dane te s\u0105 wykorzystywane wy\u0142\u0105cznie w celach statystycznych. Nie przekazujemy ich osobom trzecim,  nawet w cz\u0119\u015bci, w \u017cadnym momencie. <\/p>\n","protected":false},"excerpt":{"rendered":"<p>Artyku\u0142y opatrzone nazwiskiem lub pseudonimem autora niekoniecznie odzwierciedlaj\u0105 opini\u0119 Redakcji. Witryna internetowa czasopisma LOGON, dla Pa\u0144stwa wygody i w celach informacyjnych, mo\u017ce zawiera\u0107 linki do innych witryn internetowych. Nie ponosimy \u017cadnej odpowiedzialno\u015bci za tre\u015b\u0107 ani za polityk\u0119 prywatno\u015bci tych witryn. Polityka prywatno\u015bci Administratorem danych osobowych zawartych w serwisie jest Stiftung zur F\u00f6rderung der internationalen Arbeit [&hellip;]<\/p>\n","protected":false},"author":1,"featured_media":0,"parent":0,"menu_order":0,"comment_status":"open","ping_status":"open","template":"","meta":{"_acf_changed":false,"footnotes":""},"class_list":["post-94823","page","type-page","status-publish","hentry"],"acf":[],"_links":{"self":[{"href":"https:\/\/logon.media\/pl\/wp-json\/wp\/v2\/pages\/94823","targetHints":{"allow":["GET"]}}],"collection":[{"href":"https:\/\/logon.media\/pl\/wp-json\/wp\/v2\/pages"}],"about":[{"href":"https:\/\/logon.media\/pl\/wp-json\/wp\/v2\/types\/page"}],"author":[{"embeddable":true,"href":"https:\/\/logon.media\/pl\/wp-json\/wp\/v2\/users\/1"}],"replies":[{"embeddable":true,"href":"https:\/\/logon.media\/pl\/wp-json\/wp\/v2\/comments?post=94823"}],"version-history":[{"count":0,"href":"https:\/\/logon.media\/pl\/wp-json\/wp\/v2\/pages\/94823\/revisions"}],"wp:attachment":[{"href":"https:\/\/logon.media\/pl\/wp-json\/wp\/v2\/media?parent=94823"}],"curies":[{"name":"wp","href":"https:\/\/api.w.org\/{rel}","templated":true}]}}