{"id":103806,"date":"2023-07-18T16:21:36","date_gmt":"2023-07-18T16:21:36","guid":{"rendered":"https:\/\/logon.media\/?page_id=103806"},"modified":"2023-11-22T14:25:28","modified_gmt":"2023-11-22T14:25:28","slug":"o-logonie","status":"publish","type":"page","link":"https:\/\/logon.media\/pl\/o-logonie\/","title":{"rendered":"O LOGONIE"},"content":{"rendered":"\t\t<div data-elementor-type=\"wp-page\" data-elementor-id=\"103806\" class=\"elementor elementor-103806 elementor-52358\" data-elementor-post-type=\"page\">\n\t\t\t\t\t\t<section data-dce-background-image-url=\"http:\/\/logon.media\/wp-content\/uploads\/2022\/01\/yjhvJfqWTlmnaGr32gPL_Untitled_design_27-2.jpg\" class=\"elementor-section elementor-top-section elementor-element elementor-element-75f7b567 elementor-section-full_width elementor-section-height-min-height elementor-section-content-bottom elementor-section-height-default elementor-section-items-middle\" data-id=\"75f7b567\" data-element_type=\"section\" data-settings=\"{&quot;background_background&quot;:&quot;classic&quot;}\">\n\t\t\t\t\t\t<div class=\"elementor-container elementor-column-gap-default\">\n\t\t\t\t\t<div class=\"elementor-column elementor-col-100 elementor-top-column elementor-element elementor-element-638657a0\" data-id=\"638657a0\" data-element_type=\"column\" data-settings=\"{&quot;background_background&quot;:&quot;classic&quot;}\">\n\t\t\t<div class=\"elementor-widget-wrap elementor-element-populated\">\n\t\t\t\t\t\t<div class=\"elementor-element elementor-element-38742df6 elementor-widget elementor-widget-heading\" data-id=\"38742df6\" data-element_type=\"widget\" data-widget_type=\"heading.default\">\n\t\t\t\t<div class=\"elementor-widget-container\">\n\t\t\t\t\t<h1 class=\"elementor-heading-title elementor-size-default\">O LOGONIE<\/h1>\t\t\t\t<\/div>\n\t\t\t\t<\/div>\n\t\t\t\t\t<\/div>\n\t\t<\/div>\n\t\t\t\t\t<\/div>\n\t\t<\/section>\n\t\t\t\t<section class=\"elementor-section elementor-top-section elementor-element elementor-element-4fc5440d elementor-section-boxed elementor-section-height-default elementor-section-height-default\" data-id=\"4fc5440d\" data-element_type=\"section\" data-settings=\"{&quot;background_background&quot;:&quot;classic&quot;}\">\n\t\t\t\t\t\t<div class=\"elementor-container elementor-column-gap-no\">\n\t\t\t\t\t<div class=\"elementor-column elementor-col-100 elementor-top-column elementor-element elementor-element-18abb9db\" data-id=\"18abb9db\" data-element_type=\"column\">\n\t\t\t<div class=\"elementor-widget-wrap elementor-element-populated\">\n\t\t\t\t\t\t<div class=\"elementor-element elementor-element-6ee7d4c4 elementor-widget elementor-widget-heading\" data-id=\"6ee7d4c4\" data-element_type=\"widget\" data-widget_type=\"heading.default\">\n\t\t\t\t<div class=\"elementor-widget-container\">\n\t\t\t\t\t<h2 class=\"elementor-heading-title elementor-size-default\">O LOGONIE<\/h2>\t\t\t\t<\/div>\n\t\t\t\t<\/div>\n\t\t\t\t<div class=\"elementor-element elementor-element-2783d61 elementor-widget elementor-widget-text-editor\" data-id=\"2783d61\" data-element_type=\"widget\" data-widget_type=\"text-editor.default\">\n\t\t\t\t<div class=\"elementor-widget-container\">\n\t\t\t\t\t\t\t\t\t<p style=\"font-weight: 400;\">LOGON jest dla tych, kt\u00f3rzy pytaj\u0105, czy nasza rzeczywisto\u015b\u0107 mo\u017ce r\u00f3\u017cni\u0107 si\u0119 od tego, co zwykle przedstawia nam \u015bwiat. Stawia przed nami egzystencjalne pytania, takie jak: Jaki jest cel mojego \u017cycia? Czy ma ono g\u0142\u0119bsze znaczenie? Czym w og\u00f3le jest \u017cycie? Jak mog\u0119 wej\u015b\u0107 w now\u0105 relacj\u0119 ze wszystkim, co \u017cyje?<\/p><p style=\"font-weight: 400;\">LOGON chce zach\u0119ca\u0107 ludzi do pod\u0105\u017cania za g\u0142osem serca i poszukiwania nowej rzeczywisto\u015bci, kt\u00f3r\u0105 ka\u017cdy mo\u017ce odnale\u017a\u0107 w sobie. Kiedy badamy samych siebie, mo\u017cemy odkry\u0107 \u017ar\u00f3d\u0142o wewn\u0119trznej wiedzy, kt\u00f3ra si\u0119ga g\u0142\u0119boko do tego, co naprawd\u0119 oznacza &#8222;\u017cycie&#8221;: uznanie, \u017ce w nas znajduje si\u0119 potencja\u0142 do ca\u0142kowitej odnowy.<\/p><p style=\"font-weight: 400;\">LOGON pragnie dostarcza\u0107 impulsy do &#8222;przebudzenia&#8221;; inspiracje, kt\u00f3re otwieraj\u0105 nam oczy na now\u0105 perspektyw\u0119 \u017cycia, dzi\u0119ki kt\u00f3rej mo\u017cemy sta\u0107 si\u0119 \u015bwiadomi naszego miejsca i zadania w \u015bwiecie w nowy spos\u00f3b. Czasy, w kt\u00f3rych \u017cyjemy, wymagaj\u0105 nowego pocz\u0105tku i s\u0142usznie, wiele os\u00f3b jest teraz ogarni\u0119tych niepokojem i wewn\u0119trzn\u0105 t\u0119sknot\u0105 za zmian\u0105. Ten nowy pocz\u0105tek musi rozpocz\u0105\u0107 si\u0119 w nas samych.<\/p><p>LOGON chcia\u0142by podzieli\u0107 si\u0119 z Wami spostrze\u017ceniami i zach\u0119ci\u0107 do tego nowego pocz\u0105tku, dzi\u0119ki kt\u00f3remu mo\u017cemy pozwoli\u0107 o\u017cy\u0107 wiecznej esencji w nas.<\/p><p style=\"font-weight: 400;\">LOGON jest og\u00f3lno\u015bwiatowym projektem w wielu j\u0119zykach.<\/p><p style=\"font-weight: 400;\">Czekamy na Wasze pytania i opinie:\u00a0<a href=\"mailto:editors@logon.media\">editors@logon.media<\/a><\/p><p style=\"font-weight: 400;\">Eva Cristina Casciello \u2013 W\u0142ochy<br \/>Jo\u00e3o Castro \u2013 Brazylia<br \/>Heiko Haase \u2013 Niemcy<br \/>Marietta Millet \u2013 USA<br \/>Wies\u0142awa Modrzejewska \u2013 Polska<br \/>Ten Mukenga \u2013 Kongo<br \/>Anneke Munnik \u2013 Holandia<\/p><p style=\"font-weight: 400;\">Link to\u00a0<a href=\"https:\/\/rozokrzyz.pl\/\">Z\u0142oty R\u00f3\u017cokrzy\u017c (rozokrzyz.pl)<\/a><\/p>\t\t\t\t\t\t\t\t<\/div>\n\t\t\t\t<\/div>\n\t\t\t\t\t<\/div>\n\t\t<\/div>\n\t\t\t\t\t<\/div>\n\t\t<\/section>\n\t\t\t\t<\/div>\n\t\t","protected":false},"excerpt":{"rendered":"<p>O LOGONIE O LOGONIE LOGON jest dla tych, kt\u00f3rzy pytaj\u0105, czy nasza rzeczywisto\u015b\u0107 mo\u017ce r\u00f3\u017cni\u0107 si\u0119 od tego, co zwykle przedstawia nam \u015bwiat. Stawia przed nami egzystencjalne pytania, takie jak: Jaki jest cel mojego \u017cycia? Czy ma ono g\u0142\u0119bsze znaczenie? Czym w og\u00f3le jest \u017cycie? Jak mog\u0119 wej\u015b\u0107 w now\u0105 relacj\u0119 ze wszystkim, co \u017cyje? [&hellip;]<\/p>\n","protected":false},"author":1,"featured_media":0,"parent":0,"menu_order":0,"comment_status":"open","ping_status":"open","template":"elementor_header_footer","meta":{"_acf_changed":false,"footnotes":""},"class_list":["post-103806","page","type-page","status-publish","hentry"],"acf":[],"_links":{"self":[{"href":"https:\/\/logon.media\/pl\/wp-json\/wp\/v2\/pages\/103806","targetHints":{"allow":["GET"]}}],"collection":[{"href":"https:\/\/logon.media\/pl\/wp-json\/wp\/v2\/pages"}],"about":[{"href":"https:\/\/logon.media\/pl\/wp-json\/wp\/v2\/types\/page"}],"author":[{"embeddable":true,"href":"https:\/\/logon.media\/pl\/wp-json\/wp\/v2\/users\/1"}],"replies":[{"embeddable":true,"href":"https:\/\/logon.media\/pl\/wp-json\/wp\/v2\/comments?post=103806"}],"version-history":[{"count":0,"href":"https:\/\/logon.media\/pl\/wp-json\/wp\/v2\/pages\/103806\/revisions"}],"wp:attachment":[{"href":"https:\/\/logon.media\/pl\/wp-json\/wp\/v2\/media?parent=103806"}],"curies":[{"name":"wp","href":"https:\/\/api.w.org\/{rel}","templated":true}]}}