{"id":104290,"date":"2023-08-18T15:07:12","date_gmt":"2023-08-18T15:07:12","guid":{"rendered":"https:\/\/logon.media\/?page_id=104290"},"modified":"2023-11-22T14:24:46","modified_gmt":"2023-11-22T14:24:46","slug":"su-logon","status":"publish","type":"page","link":"https:\/\/logon.media\/it\/su-logon\/","title":{"rendered":"SU LOGON"},"content":{"rendered":"\t\t<div data-elementor-type=\"wp-page\" data-elementor-id=\"104290\" class=\"elementor elementor-104290 elementor-52358\" data-elementor-post-type=\"page\">\n\t\t\t\t\t\t<section data-dce-background-image-url=\"http:\/\/logon.media\/wp-content\/uploads\/2022\/01\/yjhvJfqWTlmnaGr32gPL_Untitled_design_27-2.jpg\" class=\"elementor-section elementor-top-section elementor-element elementor-element-75f7b567 elementor-section-full_width elementor-section-height-min-height elementor-section-content-bottom elementor-section-height-default elementor-section-items-middle\" data-id=\"75f7b567\" data-element_type=\"section\" data-settings=\"{&quot;background_background&quot;:&quot;classic&quot;}\">\n\t\t\t\t\t\t<div class=\"elementor-container elementor-column-gap-default\">\n\t\t\t\t\t<div class=\"elementor-column elementor-col-100 elementor-top-column elementor-element elementor-element-638657a0\" data-id=\"638657a0\" data-element_type=\"column\" data-settings=\"{&quot;background_background&quot;:&quot;classic&quot;}\">\n\t\t\t<div class=\"elementor-widget-wrap elementor-element-populated\">\n\t\t\t\t\t\t<div class=\"elementor-element elementor-element-38742df6 elementor-widget elementor-widget-heading\" data-id=\"38742df6\" data-element_type=\"widget\" data-widget_type=\"heading.default\">\n\t\t\t\t<div class=\"elementor-widget-container\">\n\t\t\t\t\t<h1 class=\"elementor-heading-title elementor-size-default\">SU LOGON<\/h1>\t\t\t\t<\/div>\n\t\t\t\t<\/div>\n\t\t\t\t\t<\/div>\n\t\t<\/div>\n\t\t\t\t\t<\/div>\n\t\t<\/section>\n\t\t\t\t<section class=\"elementor-section elementor-top-section elementor-element elementor-element-4fc5440d elementor-section-boxed elementor-section-height-default elementor-section-height-default\" data-id=\"4fc5440d\" data-element_type=\"section\" data-settings=\"{&quot;background_background&quot;:&quot;classic&quot;}\">\n\t\t\t\t\t\t<div class=\"elementor-container elementor-column-gap-no\">\n\t\t\t\t\t<div class=\"elementor-column elementor-col-100 elementor-top-column elementor-element elementor-element-18abb9db\" data-id=\"18abb9db\" data-element_type=\"column\">\n\t\t\t<div class=\"elementor-widget-wrap elementor-element-populated\">\n\t\t\t\t\t\t<div class=\"elementor-element elementor-element-6ee7d4c4 elementor-widget elementor-widget-heading\" data-id=\"6ee7d4c4\" data-element_type=\"widget\" data-widget_type=\"heading.default\">\n\t\t\t\t<div class=\"elementor-widget-container\">\n\t\t\t\t\t<h2 class=\"elementor-heading-title elementor-size-default\">SU LOGON<\/h2>\t\t\t\t<\/div>\n\t\t\t\t<\/div>\n\t\t\t\t<div class=\"elementor-element elementor-element-2783d61 elementor-widget elementor-widget-text-editor\" data-id=\"2783d61\" data-element_type=\"widget\" data-widget_type=\"text-editor.default\">\n\t\t\t\t<div class=\"elementor-widget-container\">\n\t\t\t\t\t\t\t\t\t<div><div><p class=\"Corpo\"><span lang=\"IT\">LOGON si rivolge a chi si chiede se la nostra realt<\/span><span lang=\"ES-TRAD\">\u00e0 <\/span><span lang=\"IT\">possa essere diversa da quella che il mondo normalmente ci presenta. Pone domande esistenziali, come ad esempio: Qual \u00e8 lo scopo della mia vita? Ha un significato pi\u00f9 profondo? Che cos&#8217;\u00e8 comunque la vita? Come posso entrare in una nuova relazione con tutto ci\u00f2 che vive?<\/span><\/p><\/div><div><p class=\"Corpo\"><span lang=\"ES-TRAD\">\u00a0<\/span><span lang=\"IT\" style=\"font-size: 16px;\">LOGON vuole incoraggiare le persone a seguire il proprio cuore e ad avanzare nella ricerca di una nuova realt<\/span><span lang=\"ES-TRAD\" style=\"font-size: 16px;\">\u00e0<\/span><span lang=\"IT\" style=\"font-size: 16px;\">, che ognuno pu\u00f2 trovare dentro di s<\/span><span lang=\"FR\" style=\"font-size: 16px;\">\u00e9<\/span><span lang=\"IT\" style=\"font-size: 16px;\">. Quando osserviamo dentro di noi, possiamo scoprire una fonte di conoscenza interiore che raggiunge in profondit<\/span><span lang=\"ES-TRAD\" style=\"font-size: 16px;\">\u00e0 <\/span><span lang=\"IT\" style=\"font-size: 16px;\">il vero significato della &#8220;vita&#8221;: riconoscere che dentro di noi v<\/span><span lang=\"ES-TRAD\" style=\"font-size: 16px;\">&#8216;<\/span><span lang=\"IT\" style=\"font-size: 16px;\">\u00e8 il potenziale per un completo rinnovamento.<\/span><\/p><\/div><div><p class=\"Corpo\"><span lang=\"IT\">LOGON si sforza di apportare impulsi per un &#8220;risveglio&#8221;; ispirazioni che ci aprono gli occhi su una nuova prospettiva di vita, con la quale possiamo diventare consapevoli della nostra posizione e del nostro compito nel mondo in modo nuovo. I tempi in cui viviamo richiedono un nuovo inizio e, giustamente, molti sono ora colti da inquietudine e desiderio interiore di cambiamento. <\/span><span lang=\"ES-TRAD\"><br \/><\/span><span lang=\"IT\">Un nuovo inizio si verificher\u00e0<\/span><span lang=\"PT\"> quando <\/span><span lang=\"IT\">comincer\u00e0 da noi stessi.<\/span><span lang=\"ES-TRAD\"><br \/><\/span><\/p><\/div><div><p class=\"Corpo\"><span lang=\"IT\">LOGON desidera condividere con voi spunti e incoraggiamenti per questo nuovo inizio, attraverso cui potrete permettere all&#8217;essenza eterna che \u00e8 in voi di prendere vita.<\/span><span lang=\"ES-TRAD\"><br \/><\/span><\/p><\/div><div><p class=\"Corpo\"><span lang=\"DE\">LOGON <\/span><span lang=\"IT\">\u00e8 un progetto mondiale pubblicato in molte lingue.<\/span><span lang=\"ES-TRAD\"><br \/><\/span><\/p><\/div><div><p class=\"Corpo\"><span lang=\"IT\">Accogliamo con piacere le vostre domande e i vostri feedback<\/span><span lang=\"ES-TRAD\">: <\/span><span lang=\"ES-TRAD\"><a href=\"mailto:editors@logon.media\"><span class=\"Hyperlink0\">editors@logon.media<\/span><\/a><\/span><span lang=\"ES-TRAD\"><br \/><\/span><\/p><\/div><div><p class=\"Corpo\"><span lang=\"IT\">Eva Cristina Casciello &#8211; Italia <\/span><span lang=\"ES-TRAD\"><br \/>Jo<\/span><span lang=\"PT\">\u00e3<\/span><span lang=\"IT\">o Castro &#8211; Brasile <\/span><span lang=\"ES-TRAD\"><br \/><\/span><span lang=\"DE\">Heiko Haase &#8211; Germania <\/span><span lang=\"ES-TRAD\"><br \/><\/span><span lang=\"IT\">Marietta Millet &#8211; Stati Uniti d&#8217;America <\/span><span lang=\"ES-TRAD\"><br \/><\/span><span lang=\"DE\">Wies<\/span><span lang=\"ES-TRAD\">\u0142awa Modrzejewska &#8211; Polonia <br \/><\/span><span lang=\"IT\">Ten Mukenga &#8211; Repubblica Democratica del Congo <\/span><span lang=\"ES-TRAD\"><br \/><\/span><span lang=\"IT\">Anneke Munnik &#8211; Paesi Bassi<\/span><\/p><\/div><div><p class=\"Corpo\"><span lang=\"EN-US\">Link al<\/span><span lang=\"IT\">la <\/span><span lang=\"ES-TRAD\"><a href=\"https:\/\/www.lectoriumrosicrucianum.it\/\">Rosacroce d\u2019Oro<\/a><\/span><\/p><\/div><\/div><div>\u00a0<\/div>\t\t\t\t\t\t\t\t<\/div>\n\t\t\t\t<\/div>\n\t\t\t\t\t<\/div>\n\t\t<\/div>\n\t\t\t\t\t<\/div>\n\t\t<\/section>\n\t\t\t\t<\/div>\n\t\t","protected":false},"excerpt":{"rendered":"<p>SU LOGON SU LOGON LOGON si rivolge a chi si chiede se la nostra realt\u00e0 possa essere diversa da quella che il mondo normalmente ci presenta. Pone domande esistenziali, come ad esempio: Qual \u00e8 lo scopo della mia vita? Ha un significato pi\u00f9 profondo? Che cos&#8217;\u00e8 comunque la vita? Come posso entrare in una nuova [&hellip;]<\/p>\n","protected":false},"author":1,"featured_media":0,"parent":0,"menu_order":0,"comment_status":"open","ping_status":"open","template":"elementor_header_footer","meta":{"_acf_changed":false,"footnotes":""},"class_list":["post-104290","page","type-page","status-publish","hentry"],"acf":[],"_links":{"self":[{"href":"https:\/\/logon.media\/it\/wp-json\/wp\/v2\/pages\/104290","targetHints":{"allow":["GET"]}}],"collection":[{"href":"https:\/\/logon.media\/it\/wp-json\/wp\/v2\/pages"}],"about":[{"href":"https:\/\/logon.media\/it\/wp-json\/wp\/v2\/types\/page"}],"author":[{"embeddable":true,"href":"https:\/\/logon.media\/it\/wp-json\/wp\/v2\/users\/1"}],"replies":[{"embeddable":true,"href":"https:\/\/logon.media\/it\/wp-json\/wp\/v2\/comments?post=104290"}],"version-history":[{"count":0,"href":"https:\/\/logon.media\/it\/wp-json\/wp\/v2\/pages\/104290\/revisions"}],"wp:attachment":[{"href":"https:\/\/logon.media\/it\/wp-json\/wp\/v2\/media?parent=104290"}],"curies":[{"name":"wp","href":"https:\/\/api.w.org\/{rel}","templated":true}]}}