{"id":94857,"date":"2017-12-21T00:02:10","date_gmt":"2017-12-21T00:02:10","guid":{"rendered":"https:\/\/logon.media\/szerzoi-jog\/"},"modified":"2017-12-21T00:02:10","modified_gmt":"2017-12-21T00:02:10","slug":"szerzoi-jog","status":"publish","type":"page","link":"https:\/\/logon.media\/hu\/szerzoi-jog\/","title":{"rendered":"Szerz\u0151i Jog"},"content":{"rendered":"<p>A LOGON oldalakon tal\u00e1lhat\u00f3 tartalom a szerz\u0151k szerz\u0151i joga al\u00e1 tartozik. A sokszoros\u00edt\u00e1shoz, szerkeszt\u00e9shez, terjeszt\u00e9shez \u00e9s minden, a szerz\u0151i jogon k\u00edv\u00fcli felhaszn\u00e1l\u00e1shoz az adott szerz\u0151 \u00edr\u00e1sos hozz\u00e1j\u00e1rul\u00e1sa sz\u00fcks\u00e9ges. A LOGON oldalr\u00f3l cikkek let\u00f6lt\u00e9se \u00e9s m\u00e1sol\u00e1sa kiz\u00e1r\u00f3lag mag\u00e1nc\u00e9l\u00fa, nem kereskedelmi c\u00e9lokra enged\u00e9lyezett, a m\u0171vek eg\u00e9szben vagy r\u00e9szben a Tulajdonos hozz\u00e1j\u00e1rul\u00e1sa n\u00e9lk\u00fcl, nem kereskedelmi, mag\u00e1nc\u00e9lt\u00f3l elt\u00e9r\u0151 c\u00e9lra t\u00f6rt\u00e9n\u0151 felhaszn\u00e1l\u00e1sa t\u00f6rv\u00e9nys\u00e9rt\u0151.<br \/>\nA cikkek id\u00e9z\u00e9si c\u00e9l\u00fa felhaszn\u00e1l\u00e1sa a szerz\u0151i jogr\u00f3l sz\u00f3l\u00f3 1999. \u00e9vi LXXVI. t\u00f6rv\u00e9ny rendelkez\u00e9sei \u00e1ltal meghat\u00e1rozott felt\u00e9telekkel \u00e9s k\u00f6rben megengedett, bele\u00e9rtve, hogy k\u00f6telez\u0151 megadni az id\u00e9zet forr\u00e1s\u00e1t.<\/p>\n","protected":false},"excerpt":{"rendered":"<p>A LOGON oldalakon tal\u00e1lhat\u00f3 tartalom a szerz\u0151k szerz\u0151i joga al\u00e1 tartozik. A sokszoros\u00edt\u00e1shoz, szerkeszt\u00e9shez, terjeszt\u00e9shez \u00e9s minden, a szerz\u0151i jogon k\u00edv\u00fcli felhaszn\u00e1l\u00e1shoz az adott szerz\u0151 \u00edr\u00e1sos hozz\u00e1j\u00e1rul\u00e1sa sz\u00fcks\u00e9ges. A LOGON oldalr\u00f3l cikkek let\u00f6lt\u00e9se \u00e9s m\u00e1sol\u00e1sa kiz\u00e1r\u00f3lag mag\u00e1nc\u00e9l\u00fa, nem kereskedelmi c\u00e9lokra enged\u00e9lyezett, a m\u0171vek eg\u00e9szben vagy r\u00e9szben a Tulajdonos hozz\u00e1j\u00e1rul\u00e1sa n\u00e9lk\u00fcl, nem kereskedelmi, mag\u00e1nc\u00e9lt\u00f3l elt\u00e9r\u0151 c\u00e9lra [&hellip;]<\/p>\n","protected":false},"author":1,"featured_media":0,"parent":0,"menu_order":0,"comment_status":"open","ping_status":"open","template":"","meta":{"_acf_changed":false,"footnotes":""},"class_list":["post-94857","page","type-page","status-publish","hentry"],"acf":[],"_links":{"self":[{"href":"https:\/\/logon.media\/hu\/wp-json\/wp\/v2\/pages\/94857","targetHints":{"allow":["GET"]}}],"collection":[{"href":"https:\/\/logon.media\/hu\/wp-json\/wp\/v2\/pages"}],"about":[{"href":"https:\/\/logon.media\/hu\/wp-json\/wp\/v2\/types\/page"}],"author":[{"embeddable":true,"href":"https:\/\/logon.media\/hu\/wp-json\/wp\/v2\/users\/1"}],"replies":[{"embeddable":true,"href":"https:\/\/logon.media\/hu\/wp-json\/wp\/v2\/comments?post=94857"}],"version-history":[{"count":0,"href":"https:\/\/logon.media\/hu\/wp-json\/wp\/v2\/pages\/94857\/revisions"}],"wp:attachment":[{"href":"https:\/\/logon.media\/hu\/wp-json\/wp\/v2\/media?parent=94857"}],"curies":[{"name":"wp","href":"https:\/\/api.w.org\/{rel}","templated":true}]}}