{"id":94856,"date":"2017-11-28T16:48:07","date_gmt":"2017-11-28T16:48:07","guid":{"rendered":"https:\/\/logon.media\/sutik\/"},"modified":"2017-11-28T16:48:07","modified_gmt":"2017-11-28T16:48:07","slug":"sutik","status":"publish","type":"page","link":"https:\/\/logon.media\/hu\/sutik\/","title":{"rendered":"S\u00fctik"},"content":{"rendered":"<p>A LOGON oldalain s\u00fctiket (angolul \u201ecookie\u201d) haszn\u00e1lunk a tartalmaihoz val\u00f3 hozz\u00e1f\u00e9r\u00e9s jav\u00edt\u00e1sa \u00e9rdek\u00e9ben. A LOGON oldalak haszn\u00e1lat\u00e1val \u00d6n beleegyezik a s\u00fctk haszn\u00e1lat\u00e1ba. Az \u00e1ltalunk haszn\u00e1lt s\u00fctik letilt\u00e1sa hat\u00e1ssal lehet a LOGON webhelyek haszn\u00e1lat\u00e1ra.<br \/>\nInform\u00e1ci\u00f3k a s\u00fctikr\u0151l<br \/>\n1. A weboldal s\u00fctiket haszn\u00e1l.<br \/>\n2. A s\u00fcti-f\u00e1jlok (\u00fagynevezett &#8222;cookie-k&#8221;) olyan informatikai adatok, k\u00fcl\u00f6n\u00f6sen sz\u00f6veges f\u00e1jlok, amelyek a Weboldal Felhaszn\u00e1l\u00f3j\u00e1nak v\u00e9gk\u00e9sz\u00fcl\u00e9k\u00e9n ker\u00fclnek t\u00e1rol\u00e1sra, \u00e9s a Weboldal weboldal\u00e1nak haszn\u00e1lat\u00e1ra szolg\u00e1lnak. A s\u00fctik \u00e1ltal\u00e1ban tartalmazz\u00e1k a weboldal nev\u00e9t, ahonnan sz\u00e1rmaznak, a t\u00e1rol\u00e1si id\u0151t a v\u00e9geszk\u00f6z\u00f6n \u00e9s egy egyedi sz\u00e1mot.<br \/>\n3. A s\u00fctiket a Weboldal felhaszn\u00e1l\u00f3j\u00e1nak v\u00e9gberendez\u00e9s\u00e9n elhelyez\u0151 \u00e9s azokhoz hozz\u00e1f\u00e9r\u00e9st biztos\u00edt\u00f3 entit\u00e1s a Weboldal \u00fczemeltet\u0151je.<br \/>\n4. A s\u00fctik statisztik\u00e1k k\u00e9sz\u00edt\u00e9s\u00e9re szolg\u00e1lnak, amelyek seg\u00edtenek meg\u00e9rteni, hogy a Webhely felhaszn\u00e1l\u00f3i hogyan haszn\u00e1lj\u00e1k a webhelyet, ami lehet\u0151v\u00e9 teszi a webhely szerkezet\u00e9nek \u00e9s tartalm\u00e1nak jav\u00edt\u00e1s\u00e1t<br \/>\n5. A Weboldal \u201e\u00e1lland\u00f3\u201d s\u00fctiket haszn\u00e1l. Az \u00e1lland\u00f3 s\u00fctiket a Felhaszn\u00e1l\u00f3 v\u00e9gberendez\u00e9s\u00e9n t\u00e1rolj\u00e1k a s\u00fcti f\u00e1jl param\u00e9tereiben meghat\u00e1rozott ideig, vagy am\u00edg azokat a Felhaszn\u00e1l\u00f3 nem t\u00f6rli.<br \/>\n6. A weboldalak b\u00f6ng\u00e9sz\u00e9s\u00e9re szolg\u00e1l\u00f3 szoftverek (b\u00f6ng\u00e9sz\u0151) \u00e1ltal\u00e1ban alap\u00e9rtelmez\u00e9s szerint lehet\u0151v\u00e9 teszik a s\u00fctik t\u00e1rol\u00e1s\u00e1t a Felhaszn\u00e1l\u00f3 v\u00e9gk\u00e9sz\u00fcl\u00e9k\u00e9n. A Weboldal Felhaszn\u00e1l\u00f3i e tekintetben m\u00f3dos\u00edthatj\u00e1k a be\u00e1ll\u00edt\u00e1sokat. A webb\u00f6ng\u00e9sz\u0151 lehet\u0151v\u00e9 teszi a s\u00fctik t\u00f6rl\u00e9s\u00e9t. Lehet\u0151s\u00e9g van a s\u00fctik automatikus blokkol\u00e1s\u00e1ra is. A t\u00e9m\u00e1val kapcsolatos r\u00e9szletes inform\u00e1ci\u00f3k a webb\u00f6ng\u00e9sz\u0151 s\u00fag\u00f3j\u00e1ban vagy dokument\u00e1ci\u00f3j\u00e1ban tal\u00e1lhat\u00f3k.<br \/>\n7. Javasoljuk, hogy olvassa el ezen c\u00e9gek adatv\u00e9delmi szab\u00e1lyzat\u00e1t, hogy megismerje a statisztik\u00e1kban haszn\u00e1lt s\u00fctik haszn\u00e1lat\u00e1nak szab\u00e1lyait: Facebook Analytics adatv\u00e9delmi szab\u00e1lyzat<\/p>\n<p>Szervernapl\u00f3k<\/p>\n<p>1. A felhaszn\u00e1l\u00f3k bizonyos viselked\u00e9s\u00e9vel kapcsolatos inform\u00e1ci\u00f3k a kiszolg\u00e1l\u00f3i r\u00e9tegben val\u00f3 bejelentkez\u00e9shez sz\u00fcks\u00e9gesek. Ezeket az adatokat kiz\u00e1r\u00f3lag a weboldal adminisztr\u00e1l\u00e1s\u00e1ra \u00e9s a ny\u00fajtott t\u00e1rhelyszolg\u00e1ltat\u00e1sok leghat\u00e9konyabb kiszolg\u00e1l\u00e1s\u00e1ra haszn\u00e1ljuk fel.<br \/>\n2. A b\u00f6ng\u00e9szett er\u0151forr\u00e1sokat URL-c\u00edmek azonos\u00edtj\u00e1k. Ezenk\u00edv\u00fcl a k\u00f6vetkez\u0151k menthet\u0151k:<br \/>\na. a megkeres\u00e9s k\u00e9zhezv\u00e9tel\u00e9nek id\u0151pontja,<br \/>\nb. a v\u00e1lasz elk\u00fcld\u00e9s\u00e9nek id\u0151pontja,<br \/>\nc) a kliens \u00e1llom\u00e1s\u00e1nak neve &#8211; HTTP protokollal v\u00e9gzett azonos\u00edt\u00e1s,<br \/>\nd) inform\u00e1ci\u00f3 a HTTP-tranzakci\u00f3 v\u00e9grehajt\u00e1sa sor\u00e1n fell\u00e9p\u0151 hib\u00e1kr\u00f3l, pl. a felhaszn\u00e1l\u00f3 \u00e1ltal kor\u00e1bban megl\u00e1togatott oldal URL-c\u00edme (hivatkoz\u00f3 hivatkoz\u00e1s) &#8211; ha a Weboldalt hivatkoz\u00e1son kereszt\u00fcl \u00e9rte el,<br \/>\ne. inform\u00e1ci\u00f3kat a felhaszn\u00e1l\u00f3 b\u00f6ng\u00e9sz\u0151j\u00e9r\u0151l,<br \/>\nf. Inform\u00e1ci\u00f3 az IP-c\u00edmr\u0151l.<br \/>\n3. A fenti adatokat kiz\u00e1r\u00f3lag a szerver adminisztr\u00e1ci\u00f3ja c\u00e9lj\u00e1b\u00f3l haszn\u00e1ljuk fel.<\/p>\n","protected":false},"excerpt":{"rendered":"<p>A LOGON oldalain s\u00fctiket (angolul \u201ecookie\u201d) haszn\u00e1lunk a tartalmaihoz val\u00f3 hozz\u00e1f\u00e9r\u00e9s jav\u00edt\u00e1sa \u00e9rdek\u00e9ben. A LOGON oldalak haszn\u00e1lat\u00e1val \u00d6n beleegyezik a s\u00fctk haszn\u00e1lat\u00e1ba. Az \u00e1ltalunk haszn\u00e1lt s\u00fctik letilt\u00e1sa hat\u00e1ssal lehet a LOGON webhelyek haszn\u00e1lat\u00e1ra. Inform\u00e1ci\u00f3k a s\u00fctikr\u0151l 1. A weboldal s\u00fctiket haszn\u00e1l. 2. A s\u00fcti-f\u00e1jlok (\u00fagynevezett &#8222;cookie-k&#8221;) olyan informatikai adatok, k\u00fcl\u00f6n\u00f6sen sz\u00f6veges f\u00e1jlok, amelyek a Weboldal [&hellip;]<\/p>\n","protected":false},"author":1,"featured_media":0,"parent":0,"menu_order":0,"comment_status":"open","ping_status":"open","template":"","meta":{"_acf_changed":false,"footnotes":""},"class_list":["post-94856","page","type-page","status-publish","hentry"],"acf":[],"_links":{"self":[{"href":"https:\/\/logon.media\/hu\/wp-json\/wp\/v2\/pages\/94856","targetHints":{"allow":["GET"]}}],"collection":[{"href":"https:\/\/logon.media\/hu\/wp-json\/wp\/v2\/pages"}],"about":[{"href":"https:\/\/logon.media\/hu\/wp-json\/wp\/v2\/types\/page"}],"author":[{"embeddable":true,"href":"https:\/\/logon.media\/hu\/wp-json\/wp\/v2\/users\/1"}],"replies":[{"embeddable":true,"href":"https:\/\/logon.media\/hu\/wp-json\/wp\/v2\/comments?post=94856"}],"version-history":[{"count":0,"href":"https:\/\/logon.media\/hu\/wp-json\/wp\/v2\/pages\/94856\/revisions"}],"wp:attachment":[{"href":"https:\/\/logon.media\/hu\/wp-json\/wp\/v2\/media?parent=94856"}],"curies":[{"name":"wp","href":"https:\/\/api.w.org\/{rel}","templated":true}]}}