{"id":94855,"date":"2017-11-28T16:53:34","date_gmt":"2017-11-28T16:53:34","guid":{"rendered":"https:\/\/logon.media\/jogi-nyilatkozat\/"},"modified":"2017-11-28T16:53:34","modified_gmt":"2017-11-28T16:53:34","slug":"jogi-nyilatkozat","status":"publish","type":"page","link":"https:\/\/logon.media\/hu\/jogi-nyilatkozat\/","title":{"rendered":"Jogi Nyilatkozat"},"content":{"rendered":"<p>Azon cikkek, melyek az \u00edr\u00f3 nev\u00e9vel jelennek meg, nem felt\u00e9tlen\u00fcl t\u00fckr\u00f6zik a szerkeszt\u0151k v\u00e9lem\u00e9ny\u00e9t. A LOGON weboldal m\u00e1s webhelyekre mutat\u00f3 hivatkoz\u00e1sokat tartalmazhat az \u00d6n k\u00e9nyelme \u00e9s t\u00e1j\u00e9koztat\u00e1sa \u00e9rdek\u00e9ben. Nem v\u00e1llalunk felel\u0151ss\u00e9get ezen webhelyek tartalm\u00e1\u00e9rt vagy adatv\u00e9delmi szab\u00e1lyzatai\u00e9rt.<\/p>\n","protected":false},"excerpt":{"rendered":"<p>Azon cikkek, melyek az \u00edr\u00f3 nev\u00e9vel jelennek meg, nem felt\u00e9tlen\u00fcl t\u00fckr\u00f6zik a szerkeszt\u0151k v\u00e9lem\u00e9ny\u00e9t. A LOGON weboldal m\u00e1s webhelyekre mutat\u00f3 hivatkoz\u00e1sokat tartalmazhat az \u00d6n k\u00e9nyelme \u00e9s t\u00e1j\u00e9koztat\u00e1sa \u00e9rdek\u00e9ben. Nem v\u00e1llalunk felel\u0151ss\u00e9get ezen webhelyek tartalm\u00e1\u00e9rt vagy adatv\u00e9delmi szab\u00e1lyzatai\u00e9rt.<\/p>\n","protected":false},"author":1,"featured_media":0,"parent":0,"menu_order":0,"comment_status":"open","ping_status":"open","template":"","meta":{"_acf_changed":false,"footnotes":""},"class_list":["post-94855","page","type-page","status-publish","hentry"],"acf":[],"_links":{"self":[{"href":"https:\/\/logon.media\/hu\/wp-json\/wp\/v2\/pages\/94855","targetHints":{"allow":["GET"]}}],"collection":[{"href":"https:\/\/logon.media\/hu\/wp-json\/wp\/v2\/pages"}],"about":[{"href":"https:\/\/logon.media\/hu\/wp-json\/wp\/v2\/types\/page"}],"author":[{"embeddable":true,"href":"https:\/\/logon.media\/hu\/wp-json\/wp\/v2\/users\/1"}],"replies":[{"embeddable":true,"href":"https:\/\/logon.media\/hu\/wp-json\/wp\/v2\/comments?post=94855"}],"version-history":[{"count":0,"href":"https:\/\/logon.media\/hu\/wp-json\/wp\/v2\/pages\/94855\/revisions"}],"wp:attachment":[{"href":"https:\/\/logon.media\/hu\/wp-json\/wp\/v2\/media?parent=94855"}],"curies":[{"name":"wp","href":"https:\/\/api.w.org\/{rel}","templated":true}]}}