{"id":94854,"date":"2017-11-28T16:28:26","date_gmt":"2017-11-28T16:28:26","guid":{"rendered":"https:\/\/logon.media\/impresszum\/"},"modified":"2017-11-28T16:28:26","modified_gmt":"2017-11-28T16:28:26","slug":"impresszum","status":"publish","type":"page","link":"https:\/\/logon.media\/hu\/impresszum\/","title":{"rendered":"Impresszum"},"content":{"rendered":"<p>A LOGON a Lectorium Rosicrucianum vall\u00e1sk\u00f6z\u00f6ss\u00e9g nemzetk\u00f6zi munk\u00e1j\u00e1t t\u00e1mogat\u00f3 Alap\u00edtv\u00e1ny\u00e1nak online foly\u00f3irata.<\/p>\n<p>Az Alap\u00edtv\u00e1ny a Sv\u00e1jci Polg\u00e1ri T\u00f6rv\u00e9nyk\u00f6nyv (ZGB) 80-88. cikkei szerinti alap\u00edtv\u00e1ny<\/p>\n<p>Bejegyz\u00e9s kelte: 1990.11.22<\/p>\n<p>Nyilv\u00e1ntart\u00e1si sz\u00e1m: CH-020.7.904.348-5<\/p>\n<p>C\u00edm: Kreuzstrasse 60, CH-8008 Z\u00fcrich<\/p>\n<p>A tartalom\u00e9rt felel\u0151s (az RStV 55. Abs. 2. \u00a7-a szerint, N\u00e9metorsz\u00e1g): Dr. Gunter Friedrich, zum M\u00fchlenberg 5, 53844 Troisdorf<\/p>\n<p>\u00dczenet a szerkeszt\u0151knek:\u00a0<a href=\"mailto:editors@logon.media\">editors@logon.media<\/a><\/p>\n","protected":false},"excerpt":{"rendered":"<p>A LOGON a Lectorium Rosicrucianum vall\u00e1sk\u00f6z\u00f6ss\u00e9g nemzetk\u00f6zi munk\u00e1j\u00e1t t\u00e1mogat\u00f3 Alap\u00edtv\u00e1ny\u00e1nak online foly\u00f3irata. Az Alap\u00edtv\u00e1ny a Sv\u00e1jci Polg\u00e1ri T\u00f6rv\u00e9nyk\u00f6nyv (ZGB) 80-88. cikkei szerinti alap\u00edtv\u00e1ny Bejegyz\u00e9s kelte: 1990.11.22 Nyilv\u00e1ntart\u00e1si sz\u00e1m: CH-020.7.904.348-5 C\u00edm: Kreuzstrasse 60, CH-8008 Z\u00fcrich A tartalom\u00e9rt felel\u0151s (az RStV 55. Abs. 2. \u00a7-a szerint, N\u00e9metorsz\u00e1g): Dr. Gunter Friedrich, zum M\u00fchlenberg 5, 53844 Troisdorf \u00dczenet a [&hellip;]<\/p>\n","protected":false},"author":1,"featured_media":0,"parent":0,"menu_order":0,"comment_status":"open","ping_status":"open","template":"","meta":{"_acf_changed":false,"footnotes":""},"class_list":["post-94854","page","type-page","status-publish","hentry"],"acf":[],"_links":{"self":[{"href":"https:\/\/logon.media\/hu\/wp-json\/wp\/v2\/pages\/94854","targetHints":{"allow":["GET"]}}],"collection":[{"href":"https:\/\/logon.media\/hu\/wp-json\/wp\/v2\/pages"}],"about":[{"href":"https:\/\/logon.media\/hu\/wp-json\/wp\/v2\/types\/page"}],"author":[{"embeddable":true,"href":"https:\/\/logon.media\/hu\/wp-json\/wp\/v2\/users\/1"}],"replies":[{"embeddable":true,"href":"https:\/\/logon.media\/hu\/wp-json\/wp\/v2\/comments?post=94854"}],"version-history":[{"count":0,"href":"https:\/\/logon.media\/hu\/wp-json\/wp\/v2\/pages\/94854\/revisions"}],"wp:attachment":[{"href":"https:\/\/logon.media\/hu\/wp-json\/wp\/v2\/media?parent=94854"}],"curies":[{"name":"wp","href":"https:\/\/api.w.org\/{rel}","templated":true}]}}