{"id":104275,"date":"2023-08-18T15:01:21","date_gmt":"2023-08-18T15:01:21","guid":{"rendered":"https:\/\/logon.media\/?page_id=104275"},"modified":"2023-11-22T14:23:52","modified_gmt":"2023-11-22T14:23:52","slug":"a-logonrol","status":"publish","type":"page","link":"https:\/\/logon.media\/hu\/a-logonrol\/","title":{"rendered":"A LOGONR\u00d3L"},"content":{"rendered":"\t\t<div data-elementor-type=\"wp-page\" data-elementor-id=\"104275\" class=\"elementor elementor-104275 elementor-52358\" data-elementor-post-type=\"page\">\n\t\t\t\t\t\t<section data-dce-background-image-url=\"http:\/\/logon.media\/wp-content\/uploads\/2022\/01\/yjhvJfqWTlmnaGr32gPL_Untitled_design_27-2.jpg\" class=\"elementor-section elementor-top-section elementor-element elementor-element-75f7b567 elementor-section-full_width elementor-section-height-min-height elementor-section-content-bottom elementor-section-height-default elementor-section-items-middle\" data-id=\"75f7b567\" data-element_type=\"section\" data-settings=\"{&quot;background_background&quot;:&quot;classic&quot;}\">\n\t\t\t\t\t\t<div class=\"elementor-container elementor-column-gap-default\">\n\t\t\t\t\t<div class=\"elementor-column elementor-col-100 elementor-top-column elementor-element elementor-element-638657a0\" data-id=\"638657a0\" data-element_type=\"column\" data-settings=\"{&quot;background_background&quot;:&quot;classic&quot;}\">\n\t\t\t<div class=\"elementor-widget-wrap elementor-element-populated\">\n\t\t\t\t\t\t<div class=\"elementor-element elementor-element-38742df6 elementor-widget elementor-widget-heading\" data-id=\"38742df6\" data-element_type=\"widget\" data-widget_type=\"heading.default\">\n\t\t\t\t<div class=\"elementor-widget-container\">\n\t\t\t\t\t<h1 class=\"elementor-heading-title elementor-size-default\">A LOGONR\u00d3L<\/h1>\t\t\t\t<\/div>\n\t\t\t\t<\/div>\n\t\t\t\t\t<\/div>\n\t\t<\/div>\n\t\t\t\t\t<\/div>\n\t\t<\/section>\n\t\t\t\t<section class=\"elementor-section elementor-top-section elementor-element elementor-element-4fc5440d elementor-section-boxed elementor-section-height-default elementor-section-height-default\" data-id=\"4fc5440d\" data-element_type=\"section\" data-settings=\"{&quot;background_background&quot;:&quot;classic&quot;}\">\n\t\t\t\t\t\t<div class=\"elementor-container elementor-column-gap-no\">\n\t\t\t\t\t<div class=\"elementor-column elementor-col-100 elementor-top-column elementor-element elementor-element-18abb9db\" data-id=\"18abb9db\" data-element_type=\"column\">\n\t\t\t<div class=\"elementor-widget-wrap elementor-element-populated\">\n\t\t\t\t\t\t<div class=\"elementor-element elementor-element-6ee7d4c4 elementor-widget elementor-widget-heading\" data-id=\"6ee7d4c4\" data-element_type=\"widget\" data-widget_type=\"heading.default\">\n\t\t\t\t<div class=\"elementor-widget-container\">\n\t\t\t\t\t<h2 class=\"elementor-heading-title elementor-size-default\">A LOGONR\u00d3L<\/h2>\t\t\t\t<\/div>\n\t\t\t\t<\/div>\n\t\t\t\t<div class=\"elementor-element elementor-element-2783d61 elementor-widget elementor-widget-text-editor\" data-id=\"2783d61\" data-element_type=\"widget\" data-widget_type=\"text-editor.default\">\n\t\t\t\t<div class=\"elementor-widget-container\">\n\t\t\t\t\t\t\t\t\t<div><p><span lang=\"HU\">A LOGON azoknak sz\u00f3l, akik azt k\u00e9rdezik, hogy a val\u00f3s\u00e1gunk k\u00fcl\u00f6nb\u00f6zhet-e att\u00f3l, amit a vil\u00e1g \u00e1ltal\u00e1ban mutat nek\u00fcnk. Olyan egzisztenci\u00e1lis k\u00e9rd\u00e9seket tesz fel, mint p\u00e9ld\u00e1ul: Mi az \u00e9letem c\u00e9lja? Van-e m\u00e9lyebb \u00e9rtelme? Egy\u00e1ltal\u00e1n mi az \u00e9let? Hogyan l\u00e9phetek \u00faj kapcsolatba mindennel, ami \u00e9l?<\/span><\/p><\/div><div><p><span lang=\"HU\">A LOGON arra akarja b\u00e1tor\u00edtani az embereket, hogy k\u00f6vess\u00e9k a sz\u00edv\u00fcket, \u00e9s haladjanak el\u0151re egy \u00faj val\u00f3s\u00e1g keres\u00e9s\u00e9ben, amelyet mindenki megtal\u00e1lhat \u00f6nmag\u00e1ban. Amikor \u00f6nmagunkban kutatunk, felfedezhetj\u00fck a bels\u0151 tud\u00e1s forr\u00e1s\u00e1t, amely m\u00e9lyen belemegy abba, hogy mit is jelent val\u00f3j\u00e1ban az &#8222;\u00e9let&#8221;: a felismer\u00e9st, hogy benn\u00fcnk van a teljes meg\u00fajul\u00e1s lehet\u0151s\u00e9ge.<\/span><\/p><\/div><div><p><span lang=\"HU\">A LOGON arra t\u00f6rekszik, hogy impulzusokat adjon az &#8222;\u00fajra\u00e9bred\u00e9shez&#8221;; olyan inspir\u00e1ci\u00f3kat, amelyek felnyitj\u00e1k szem\u00fcnket egy \u00faj \u00e9letszeml\u00e9letre, amellyel \u00faj m\u00f3don tudatosulhat benn\u00fcnk a vil\u00e1gban elfoglalt hely\u00fcnk \u00e9s feladatunk. Az id\u0151k, amelyekben \u00e9l\u00fcnk, \u00faj kezdetet k\u00f6vetelnek, \u00e9s joggal, sokakat most a nyugtalans\u00e1g \u00e9s a v\u00e1ltoz\u00e1s ut\u00e1ni bels\u0151 v\u00e1gyakoz\u00e1s ragad meg. Az \u00fajrakezd\u00e9s akkor lesz sikeres, ha \u00f6nmagunkban kezd\u0151dik.<\/span><\/p><\/div><div><p><span lang=\"HU\">A LOGON ehhez az \u00fajrakezd\u00e9shez szeretne megl\u00e1t\u00e1sokat \u00e9s b\u00e1tor\u00edt\u00e1st megosztani veletek, amelyeken kereszt\u00fcl engedhetitek \u00e9letre kelni a bennetek rejl\u0151 \u00f6r\u00f6k l\u00e9nyeget.<\/span><\/p><\/div><div><p><span lang=\"HU\">A LOGON egy vil\u00e1gm\u00e9ret\u0171 projekt t\u00f6bb nyelven. \u00d6r\u00f6mmel fogadjuk k\u00e9rd\u00e9seiteket \u00e9s visszajelz\u00e9seiteket:<\/span><span lang=\"PL\"><a href=\"mailto:editors@logon.media\"><span lang=\"HU\">editors@logon.media<\/span><\/a><\/span><\/p><\/div><div><p><span lang=\"HU\">Eva Cristina Casciello \u2013 Italy<br \/>Jo\u00e3o Castro \u2013 Brazil<br \/>Heiko Haase \u2013 Germany<br \/>Marietta Millet \u2013 United States of America<br \/>Wies\u0142awa Modrzejewska \u2013 Poland<br \/>Ten Mukenga \u2013 Democratic Republic of Congo<br \/>Anneke Munnik \u2013 Netherlands<br \/><\/span><\/p><\/div><div><p><span lang=\"HU\">Link:\u00a0<\/span><span lang=\"PL\"><a href=\"https:\/\/www.goldenrosycross.org\/\"><span lang=\"HU\">Golden Rosycross<\/span><\/a><\/span><\/p><\/div>\t\t\t\t\t\t\t\t<\/div>\n\t\t\t\t<\/div>\n\t\t\t\t\t<\/div>\n\t\t<\/div>\n\t\t\t\t\t<\/div>\n\t\t<\/section>\n\t\t\t\t<\/div>\n\t\t","protected":false},"excerpt":{"rendered":"<p>A LOGONR\u00d3L A LOGONR\u00d3L A LOGON azoknak sz\u00f3l, akik azt k\u00e9rdezik, hogy a val\u00f3s\u00e1gunk k\u00fcl\u00f6nb\u00f6zhet-e att\u00f3l, amit a vil\u00e1g \u00e1ltal\u00e1ban mutat nek\u00fcnk. Olyan egzisztenci\u00e1lis k\u00e9rd\u00e9seket tesz fel, mint p\u00e9ld\u00e1ul: Mi az \u00e9letem c\u00e9lja? Van-e m\u00e9lyebb \u00e9rtelme? Egy\u00e1ltal\u00e1n mi az \u00e9let? Hogyan l\u00e9phetek \u00faj kapcsolatba mindennel, ami \u00e9l? A LOGON arra akarja b\u00e1tor\u00edtani az embereket, hogy [&hellip;]<\/p>\n","protected":false},"author":1,"featured_media":0,"parent":0,"menu_order":0,"comment_status":"open","ping_status":"open","template":"elementor_header_footer","meta":{"_acf_changed":false,"footnotes":""},"class_list":["post-104275","page","type-page","status-publish","hentry"],"acf":[],"_links":{"self":[{"href":"https:\/\/logon.media\/hu\/wp-json\/wp\/v2\/pages\/104275","targetHints":{"allow":["GET"]}}],"collection":[{"href":"https:\/\/logon.media\/hu\/wp-json\/wp\/v2\/pages"}],"about":[{"href":"https:\/\/logon.media\/hu\/wp-json\/wp\/v2\/types\/page"}],"author":[{"embeddable":true,"href":"https:\/\/logon.media\/hu\/wp-json\/wp\/v2\/users\/1"}],"replies":[{"embeddable":true,"href":"https:\/\/logon.media\/hu\/wp-json\/wp\/v2\/comments?post=104275"}],"version-history":[{"count":0,"href":"https:\/\/logon.media\/hu\/wp-json\/wp\/v2\/pages\/104275\/revisions"}],"wp:attachment":[{"href":"https:\/\/logon.media\/hu\/wp-json\/wp\/v2\/media?parent=104275"}],"curies":[{"name":"wp","href":"https:\/\/api.w.org\/{rel}","templated":true}]}}