{"id":94842,"date":"2017-12-21T00:02:10","date_gmt":"2017-12-21T00:02:10","guid":{"rendered":"https:\/\/logon.media\/copyright\/"},"modified":"2017-12-21T00:02:10","modified_gmt":"2017-12-21T00:02:10","slug":"copyright","status":"publish","type":"page","link":"https:\/\/logon.media\/fr\/copyright\/","title":{"rendered":"Copyright"},"content":{"rendered":"<p>Le contenu des pages LOGON est soumis au droit d\u2019auteur. La duplication, l\u2019\u00e9dition, la distribution et tout type d\u2019utilisation en dehors des droits d\u2019auteur n\u00e9cessitent l\u2019accord \u00e9crit de l\u2019auteur concern\u00e9. Les t\u00e9l\u00e9chargements et les copies d\u2019articles du site LOGON ne sont autoris\u00e9s que pour un usage priv\u00e9 et non commercial.<\/p>\n","protected":false},"excerpt":{"rendered":"<p>Le contenu des pages LOGON est soumis au droit d\u2019auteur. La duplication, l\u2019\u00e9dition, la distribution et tout type d\u2019utilisation en dehors des droits d\u2019auteur n\u00e9cessitent l\u2019accord \u00e9crit de l\u2019auteur concern\u00e9. Les t\u00e9l\u00e9chargements et les copies d\u2019articles du site LOGON ne sont autoris\u00e9s que pour un usage priv\u00e9 et non commercial.<\/p>\n","protected":false},"author":1,"featured_media":0,"parent":0,"menu_order":0,"comment_status":"open","ping_status":"open","template":"","meta":{"_acf_changed":false,"footnotes":""},"class_list":["post-94842","page","type-page","status-publish","hentry"],"acf":[],"_links":{"self":[{"href":"https:\/\/logon.media\/fr\/wp-json\/wp\/v2\/pages\/94842","targetHints":{"allow":["GET"]}}],"collection":[{"href":"https:\/\/logon.media\/fr\/wp-json\/wp\/v2\/pages"}],"about":[{"href":"https:\/\/logon.media\/fr\/wp-json\/wp\/v2\/types\/page"}],"author":[{"embeddable":true,"href":"https:\/\/logon.media\/fr\/wp-json\/wp\/v2\/users\/1"}],"replies":[{"embeddable":true,"href":"https:\/\/logon.media\/fr\/wp-json\/wp\/v2\/comments?post=94842"}],"version-history":[{"count":0,"href":"https:\/\/logon.media\/fr\/wp-json\/wp\/v2\/pages\/94842\/revisions"}],"wp:attachment":[{"href":"https:\/\/logon.media\/fr\/wp-json\/wp\/v2\/media?parent=94842"}],"curies":[{"name":"wp","href":"https:\/\/api.w.org\/{rel}","templated":true}]}}