{"id":94841,"date":"2017-11-28T16:48:07","date_gmt":"2017-11-28T16:48:07","guid":{"rendered":"https:\/\/logon.media\/politique-de-confidentialite\/"},"modified":"2017-11-28T16:48:07","modified_gmt":"2017-11-28T16:48:07","slug":"politique-de-confidentialite","status":"publish","type":"page","link":"https:\/\/logon.media\/fr\/politique-de-confidentialite\/","title":{"rendered":"Politique de confidentialit\u00e9"},"content":{"rendered":"<p>La protection de votre vie priv\u00e9e est notre priorit\u00e9 absolue. C\u2019est pourquoi nous avons pris des mesures de s\u00e9curit\u00e9 \u00e9tendues pour prot\u00e9ger les donn\u00e9es personnelles que nous stockons, contre tout acc\u00e8s non autoris\u00e9 et toute utilisation abusive. Si vous nous envoyez un e-mail, votre adresse e-mail sera utilis\u00e9e exclusivement pour la correspondance avec vous. En aucun cas, les donn\u00e9es ne seront communiqu\u00e9es \u00e0 des tiers. Lorsque vous consultez des donn\u00e9es sur notre site web ou que vous saisissez des donn\u00e9es personnelles, nous attirons votre attention sur le fait que la transmission des donn\u00e9es sur Internet est partiellement non s\u00e9curis\u00e9e. Chaque ouverture d\u2019une page de LOGON est enregistr\u00e9 de mani\u00e8re anonyme. Ces donn\u00e9es sont exploit\u00e9es uniquement \u00e0 des fins statistiques. Un transfert \u00e0 des tiers, m\u00eame partiel, n\u2019a lieu \u00e0 aucun moment. Les donn\u00e9es sont utilis\u00e9es pour rendre le site web plus fonctionnel. <\/p>\n<p>Cookies<\/p>\n<p>Sur le site LOGON, nous utilisons des cookies pour am\u00e9liorer l\u2019acc\u00e8s aux contenus. En utilisant le site LOGON, vous acceptez l\u2019utilisation de cookies. La d\u00e9sactivation des cookies que nous utilisons peut affecter votre capacit\u00e9 \u00e0 utiliser le site LOGON.<\/p>\n","protected":false},"excerpt":{"rendered":"<p>La protection de votre vie priv\u00e9e est notre priorit\u00e9 absolue. C\u2019est pourquoi nous avons pris des mesures de s\u00e9curit\u00e9 \u00e9tendues pour prot\u00e9ger les donn\u00e9es personnelles que nous stockons, contre tout acc\u00e8s non autoris\u00e9 et toute utilisation abusive. Si vous nous envoyez un e-mail, votre adresse e-mail sera utilis\u00e9e exclusivement pour la correspondance avec vous. En [&hellip;]<\/p>\n","protected":false},"author":1,"featured_media":0,"parent":0,"menu_order":0,"comment_status":"open","ping_status":"open","template":"","meta":{"_acf_changed":false,"footnotes":""},"class_list":["post-94841","page","type-page","status-publish","hentry"],"acf":[],"_links":{"self":[{"href":"https:\/\/logon.media\/fr\/wp-json\/wp\/v2\/pages\/94841","targetHints":{"allow":["GET"]}}],"collection":[{"href":"https:\/\/logon.media\/fr\/wp-json\/wp\/v2\/pages"}],"about":[{"href":"https:\/\/logon.media\/fr\/wp-json\/wp\/v2\/types\/page"}],"author":[{"embeddable":true,"href":"https:\/\/logon.media\/fr\/wp-json\/wp\/v2\/users\/1"}],"replies":[{"embeddable":true,"href":"https:\/\/logon.media\/fr\/wp-json\/wp\/v2\/comments?post=94841"}],"version-history":[{"count":0,"href":"https:\/\/logon.media\/fr\/wp-json\/wp\/v2\/pages\/94841\/revisions"}],"wp:attachment":[{"href":"https:\/\/logon.media\/fr\/wp-json\/wp\/v2\/media?parent=94841"}],"curies":[{"name":"wp","href":"https:\/\/api.w.org\/{rel}","templated":true}]}}