{"id":104241,"date":"2023-08-16T10:09:58","date_gmt":"2023-08-16T10:09:58","guid":{"rendered":"https:\/\/logon.media\/?page_id=104241"},"modified":"2023-11-22T14:22:06","modified_gmt":"2023-11-22T14:22:06","slug":"a-propos-de-logon","status":"publish","type":"page","link":"https:\/\/logon.media\/fr\/a-propos-de-logon\/","title":{"rendered":"\u00c0 PROPOS DE LOGON"},"content":{"rendered":"\t\t<div data-elementor-type=\"wp-page\" data-elementor-id=\"104241\" class=\"elementor elementor-104241 elementor-52358\" data-elementor-post-type=\"page\">\n\t\t\t\t\t\t<section data-dce-background-image-url=\"http:\/\/logon.media\/wp-content\/uploads\/2022\/01\/yjhvJfqWTlmnaGr32gPL_Untitled_design_27-2.jpg\" class=\"elementor-section elementor-top-section elementor-element elementor-element-75f7b567 elementor-section-full_width elementor-section-height-min-height elementor-section-content-bottom elementor-section-height-default elementor-section-items-middle\" data-id=\"75f7b567\" data-element_type=\"section\" data-settings=\"{&quot;background_background&quot;:&quot;classic&quot;}\">\n\t\t\t\t\t\t<div class=\"elementor-container elementor-column-gap-default\">\n\t\t\t\t\t<div class=\"elementor-column elementor-col-100 elementor-top-column elementor-element elementor-element-638657a0\" data-id=\"638657a0\" data-element_type=\"column\" data-settings=\"{&quot;background_background&quot;:&quot;classic&quot;}\">\n\t\t\t<div class=\"elementor-widget-wrap elementor-element-populated\">\n\t\t\t\t\t\t<div class=\"elementor-element elementor-element-38742df6 elementor-widget elementor-widget-heading\" data-id=\"38742df6\" data-element_type=\"widget\" data-widget_type=\"heading.default\">\n\t\t\t\t<div class=\"elementor-widget-container\">\n\t\t\t\t\t<h1 class=\"elementor-heading-title elementor-size-default\">\u00c0 PROPOS DE LOGON<\/h1>\t\t\t\t<\/div>\n\t\t\t\t<\/div>\n\t\t\t\t\t<\/div>\n\t\t<\/div>\n\t\t\t\t\t<\/div>\n\t\t<\/section>\n\t\t\t\t<section class=\"elementor-section elementor-top-section elementor-element elementor-element-4fc5440d elementor-section-boxed elementor-section-height-default elementor-section-height-default\" data-id=\"4fc5440d\" data-element_type=\"section\" data-settings=\"{&quot;background_background&quot;:&quot;classic&quot;}\">\n\t\t\t\t\t\t<div class=\"elementor-container elementor-column-gap-no\">\n\t\t\t\t\t<div class=\"elementor-column elementor-col-100 elementor-top-column elementor-element elementor-element-18abb9db\" data-id=\"18abb9db\" data-element_type=\"column\">\n\t\t\t<div class=\"elementor-widget-wrap elementor-element-populated\">\n\t\t\t\t\t\t<div class=\"elementor-element elementor-element-6ee7d4c4 elementor-widget elementor-widget-heading\" data-id=\"6ee7d4c4\" data-element_type=\"widget\" data-widget_type=\"heading.default\">\n\t\t\t\t<div class=\"elementor-widget-container\">\n\t\t\t\t\t<h2 class=\"elementor-heading-title elementor-size-default\">\u00c0 PROPOS DE LOGON <\/h2>\t\t\t\t<\/div>\n\t\t\t\t<\/div>\n\t\t\t\t<div class=\"elementor-element elementor-element-2783d61 elementor-widget elementor-widget-text-editor\" data-id=\"2783d61\" data-element_type=\"widget\" data-widget_type=\"text-editor.default\">\n\t\t\t\t<div class=\"elementor-widget-container\">\n\t\t\t\t\t\t\t\t\t<div><p><span lang=\"PL\">LOGON est pour ceux qui s\u2019interroge sur la question de savoir \u00a0si notre r\u00e9alit\u00e9 pourrait \u00eatre diff\u00e9rente de celle que le monde nous pr\u00e9sente normalement. Il pose des questions existentielles, telles que: Quel est le but de ma vie ? A-t-il une signification plus profonde ? Qu&rsquo;est-ce que la vie de toute fa\u00e7on ? Comment puis-je entrer dans une nouvelle relation avec tout ce qui vit ?<\/span><\/p><\/div><div><p><span lang=\"PL\">LOGON veut encourager les personnes \u00e0 suivre leur c\u0153ur et \u00e0 faire avancer leur recherche d&rsquo;une nouvelle r\u00e9alit\u00e9, une r\u00e9alit\u00e9 que chacun peut trouver en lui-m\u00eame. Lorsque nous cherchons en nous-m\u00eames, nous pouvons d\u00e9couvrir une source de connaissance int\u00e9rieure qui touche profond\u00e9ment ce que \u00ab\u00a0la vie\u00a0\u00bb signifie vraiment: la reconnaissance qu&rsquo;en nous est le potentiel de renouvellement complet.<\/span><\/p><\/div><div><p><span lang=\"PL\">LOGON s&rsquo;efforce d&rsquo;apporter des impulsions pour un \u00ab\u00a0r\u00e9veil\u00a0\u00bb; \u00a0des inspirations qui nous ouvrent les yeux sur une nouvelle perspective sur la vie, avec laquelle nous pouvons de mani\u00e8re nouvelle prendre conscience de notre position et de notre t\u00e2che dans le monde. L&rsquo;\u00e9poque dans laquelle nous vivons exige un nouveau d\u00e9part, et \u00e0 juste titre, beaucoup sont maintenant saisis par l&rsquo;agitation et un d\u00e9sir int\u00e9rieur de changement. Un nouveau d\u00e9part r\u00e9ussira quand il commence en nous-m\u00eames.<\/span><\/p><\/div><div><p><span lang=\"PL\">LOGON aimerait partager avec vous des id\u00e9es et des encouragements pour ce nouveau d\u00e9part, \u00e0 travers lequel vous pouvez permettre \u00e0 l&rsquo;essence \u00e9ternelle en vous de prendre vie.<\/span><\/p><\/div><div><p><span lang=\"PL\">LOGON est un projet mondial dans de nombreuses langues.<\/span><\/p><\/div><div><p><span lang=\"PL\">Vos questions et commentaires sont les bienvenus : <\/span><span lang=\"PL\"><a href=\"mailto:editors@logon.media\">editors@logon.media<\/a><\/span><\/p><\/div><div>\u00a0<\/div><div><p><span lang=\"PL\">Eva Cristina Casciello \u2013 Italie<br \/>Jo\u00e3o Castro \u2013 Br\u00e9sil<br \/>Heiko Haase \u2013 Allemagne<br \/>Marietta Millet \u2013 Etats-Unis d&rsquo;Am\u00e9rique<br \/>Wies\u0142awa Modrzejewska \u2013 Pologne<br \/>Ten Mukenga \u2013 R\u00e9publique D\u00e9mocratique du Congo<br \/>Anneke Munnik \u2013 Pays-Bas<br \/><\/span><\/p><\/div><div><p>Li\u00e9 \u00e0\u00a0<a id=\"LPNoLPOWALinkPreview_3\" class=\"OWAAutoLink\" title=\"https:\/\/www.rose-croix-d-or.org\/\" href=\"https:\/\/www.rose-croix-d-or.org\/\">Rose Croix d&rsquo;Or<\/a><\/p><\/div>\t\t\t\t\t\t\t\t<\/div>\n\t\t\t\t<\/div>\n\t\t\t\t\t<\/div>\n\t\t<\/div>\n\t\t\t\t\t<\/div>\n\t\t<\/section>\n\t\t\t\t<\/div>\n\t\t","protected":false},"excerpt":{"rendered":"<p>\u00c0 PROPOS DE LOGON \u00c0 PROPOS DE LOGON LOGON est pour ceux qui s\u2019interroge sur la question de savoir \u00a0si notre r\u00e9alit\u00e9 pourrait \u00eatre diff\u00e9rente de celle que le monde nous pr\u00e9sente normalement. Il pose des questions existentielles, telles que: Quel est le but de ma vie ? A-t-il une signification plus profonde ? Qu&rsquo;est-ce [&hellip;]<\/p>\n","protected":false},"author":1,"featured_media":0,"parent":0,"menu_order":0,"comment_status":"open","ping_status":"open","template":"elementor_header_footer","meta":{"_acf_changed":false,"footnotes":""},"class_list":["post-104241","page","type-page","status-publish","hentry"],"acf":[],"_links":{"self":[{"href":"https:\/\/logon.media\/fr\/wp-json\/wp\/v2\/pages\/104241","targetHints":{"allow":["GET"]}}],"collection":[{"href":"https:\/\/logon.media\/fr\/wp-json\/wp\/v2\/pages"}],"about":[{"href":"https:\/\/logon.media\/fr\/wp-json\/wp\/v2\/types\/page"}],"author":[{"embeddable":true,"href":"https:\/\/logon.media\/fr\/wp-json\/wp\/v2\/users\/1"}],"replies":[{"embeddable":true,"href":"https:\/\/logon.media\/fr\/wp-json\/wp\/v2\/comments?post=104241"}],"version-history":[{"count":0,"href":"https:\/\/logon.media\/fr\/wp-json\/wp\/v2\/pages\/104241\/revisions"}],"wp:attachment":[{"href":"https:\/\/logon.media\/fr\/wp-json\/wp\/v2\/media?parent=104241"}],"curies":[{"name":"wp","href":"https:\/\/api.w.org\/{rel}","templated":true}]}}