{"id":104295,"date":"2023-08-18T15:09:31","date_gmt":"2023-08-18T15:09:31","guid":{"rendered":"https:\/\/logon.media\/?page_id=104295"},"modified":"2023-11-22T14:41:53","modified_gmt":"2023-11-22T14:41:53","slug":"sobre-logon","status":"publish","type":"page","link":"https:\/\/logon.media\/es\/sobre-logon\/","title":{"rendered":"SOBRE LOGON"},"content":{"rendered":"\t\t<div data-elementor-type=\"wp-page\" data-elementor-id=\"104295\" class=\"elementor elementor-104295 elementor-52358\" data-elementor-post-type=\"page\">\n\t\t\t\t\t\t<section data-dce-background-image-url=\"http:\/\/logon.media\/wp-content\/uploads\/2022\/01\/yjhvJfqWTlmnaGr32gPL_Untitled_design_27-2.jpg\" class=\"elementor-section elementor-top-section elementor-element elementor-element-75f7b567 elementor-section-full_width elementor-section-height-min-height elementor-section-content-bottom elementor-section-height-default elementor-section-items-middle\" data-id=\"75f7b567\" data-element_type=\"section\" data-settings=\"{&quot;background_background&quot;:&quot;classic&quot;}\">\n\t\t\t\t\t\t<div class=\"elementor-container elementor-column-gap-default\">\n\t\t\t\t\t<div class=\"elementor-column elementor-col-100 elementor-top-column elementor-element elementor-element-638657a0\" data-id=\"638657a0\" data-element_type=\"column\" data-settings=\"{&quot;background_background&quot;:&quot;classic&quot;}\">\n\t\t\t<div class=\"elementor-widget-wrap elementor-element-populated\">\n\t\t\t\t\t\t<div class=\"elementor-element elementor-element-38742df6 elementor-widget elementor-widget-heading\" data-id=\"38742df6\" data-element_type=\"widget\" data-widget_type=\"heading.default\">\n\t\t\t\t<div class=\"elementor-widget-container\">\n\t\t\t\t\t<h1 class=\"elementor-heading-title elementor-size-default\">SOBRE LOGON<\/h1>\t\t\t\t<\/div>\n\t\t\t\t<\/div>\n\t\t\t\t\t<\/div>\n\t\t<\/div>\n\t\t\t\t\t<\/div>\n\t\t<\/section>\n\t\t\t\t<section class=\"elementor-section elementor-top-section elementor-element elementor-element-4fc5440d elementor-section-boxed elementor-section-height-default elementor-section-height-default\" data-id=\"4fc5440d\" data-element_type=\"section\" data-settings=\"{&quot;background_background&quot;:&quot;classic&quot;}\">\n\t\t\t\t\t\t<div class=\"elementor-container elementor-column-gap-no\">\n\t\t\t\t\t<div class=\"elementor-column elementor-col-100 elementor-top-column elementor-element elementor-element-18abb9db\" data-id=\"18abb9db\" data-element_type=\"column\">\n\t\t\t<div class=\"elementor-widget-wrap elementor-element-populated\">\n\t\t\t\t\t\t<div class=\"elementor-element elementor-element-6ee7d4c4 elementor-widget elementor-widget-heading\" data-id=\"6ee7d4c4\" data-element_type=\"widget\" data-widget_type=\"heading.default\">\n\t\t\t\t<div class=\"elementor-widget-container\">\n\t\t\t\t\t<h2 class=\"elementor-heading-title elementor-size-default\">SOBRE LOGON<\/h2>\t\t\t\t<\/div>\n\t\t\t\t<\/div>\n\t\t\t\t<div class=\"elementor-element elementor-element-2783d61 elementor-widget elementor-widget-text-editor\" data-id=\"2783d61\" data-element_type=\"widget\" data-widget_type=\"text-editor.default\">\n\t\t\t\t<div class=\"elementor-widget-container\">\n\t\t\t\t\t\t\t\t\t<div><div><p><span lang=\"PL\">LOGON es para quienes se preguntan si nuestra realidad podr\u00eda ser diferente a lo que normalmente nos presenta el mundo. Plantea preguntas existenciales, tales como: \u00bfCu\u00e1l es el prop\u00f3sito de mi vida? \u00bfTiene un significado m\u00e1s profundo? \u00bfQu\u00e9 es la vida de todos modos? \u00bfC\u00f3mo puedo entrar en una nueva relaci\u00f3n con todo lo que vive?<\/span><\/p><\/div><div><p><span lang=\"PL\">LOGON quiere alentar a las personas a seguir su coraz\u00f3n y avanzar en la b\u00fasqueda de una nueva realidad, una que se puede encontrar dentro de s\u00ed mismos. Cuando investigamos en nuestro interior , podemos descubrir una fuente de conocimiento interno que llega profundamente a lo que realmente significa \u00abvida\u00bb: el reconocimiento de que en nuestro interior se encuentra el potencial para una renovaci\u00f3n completa.<\/span><\/p><\/div><div><p><span lang=\"PL\">LOGON se esfuerza por aportar impulsos para un \u00abdespertar\u00bb; inspiraciones que abren nuestros ojos a una nueva perspectiva de la vida, con la que podemos tomar consciencia de nuestra posici\u00f3n y nuestra tarea en el mundo de una manera nueva. Los tiempos que vivimos exigen un\u00a0 comienzo, y con raz\u00f3n, muchas personas est\u00e1n ahora embargadas por la inquietud y el anhelo interior de cambio. Un nuevo comienzo tendr\u00e1 \u00e9xito cuando comience dentro de nosotros mismos.<\/span><\/p><\/div><div><p><span lang=\"PL\">LOGON quisiera compartir con usted ideas y aliento para este\u00a0 comienzo, a trav\u00e9s del cual puede permitir que la esencia eterna dentro de usted cobre vida.<\/span><\/p><\/div><div><p><span lang=\"PL\">LOGON es un proyecto mundial en muchos idiomas.<\/span><\/p><\/div><div><p><span lang=\"PL\">Agradecemos sus preguntas y comentarios: <\/span><span lang=\"PL\"><a href=\"mailto:editors@logon.media\">editors@logon.media<\/a><\/span><\/p><\/div><div><p><span lang=\"PL\">Eva Cristina Casciello \u2013 Italia<br \/><\/span><span style=\"font-size: 16px;\">Jo\u00e3o Castro \u2013 Brasil<br \/><\/span><span style=\"font-size: 16px;\">Heiko Haase \u2013 Alemania<br \/><\/span><span style=\"font-size: 16px;\">Marietta Millet \u2013 Estados Unidos de Am\u00e9rica<br \/><\/span><span style=\"font-size: 16px;\">Wies\u0142awa Modrzejewska \u2013 Polonia<br \/><\/span><span style=\"font-size: 16px;\">Ten Mukenga \u2013 Rep\u00fablica Democr\u00e1tica del Congo<br \/><\/span><span style=\"font-size: 16px;\">Anneke Munnik \u2013 Pa\u00edses Bajos<\/span><\/p><\/div><div><p><span lang=\"PL\">Enlace a la web: <\/span><span lang=\"PL\"><a href=\"https:\/\/www.rosacruzaurea.org\/\">Rosacruz \u00c1urea Hispano<\/a><\/span><\/p><\/div><\/div><div>\u00a0<\/div>\t\t\t\t\t\t\t\t<\/div>\n\t\t\t\t<\/div>\n\t\t\t\t\t<\/div>\n\t\t<\/div>\n\t\t\t\t\t<\/div>\n\t\t<\/section>\n\t\t\t\t<\/div>\n\t\t","protected":false},"excerpt":{"rendered":"<p>SOBRE LOGON SOBRE LOGON LOGON es para quienes se preguntan si nuestra realidad podr\u00eda ser diferente a lo que normalmente nos presenta el mundo. Plantea preguntas existenciales, tales como: \u00bfCu\u00e1l es el prop\u00f3sito de mi vida? \u00bfTiene un significado m\u00e1s profundo? \u00bfQu\u00e9 es la vida de todos modos? \u00bfC\u00f3mo puedo entrar en una nueva relaci\u00f3n [&hellip;]<\/p>\n","protected":false},"author":1,"featured_media":0,"parent":0,"menu_order":0,"comment_status":"open","ping_status":"open","template":"elementor_header_footer","meta":{"_acf_changed":false,"footnotes":""},"class_list":["post-104295","page","type-page","status-publish","hentry"],"acf":[],"_links":{"self":[{"href":"https:\/\/logon.media\/es\/wp-json\/wp\/v2\/pages\/104295","targetHints":{"allow":["GET"]}}],"collection":[{"href":"https:\/\/logon.media\/es\/wp-json\/wp\/v2\/pages"}],"about":[{"href":"https:\/\/logon.media\/es\/wp-json\/wp\/v2\/types\/page"}],"author":[{"embeddable":true,"href":"https:\/\/logon.media\/es\/wp-json\/wp\/v2\/users\/1"}],"replies":[{"embeddable":true,"href":"https:\/\/logon.media\/es\/wp-json\/wp\/v2\/comments?post=104295"}],"version-history":[{"count":0,"href":"https:\/\/logon.media\/es\/wp-json\/wp\/v2\/pages\/104295\/revisions"}],"wp:attachment":[{"href":"https:\/\/logon.media\/es\/wp-json\/wp\/v2\/media?parent=104295"}],"curies":[{"name":"wp","href":"https:\/\/api.w.org\/{rel}","templated":true}]}}