{"id":100774,"date":"2023-03-04T10:23:05","date_gmt":"2023-03-04T10:23:05","guid":{"rendered":"https:\/\/logon.media\/politica-de-privacidad\/"},"modified":"2023-03-04T10:23:05","modified_gmt":"2023-03-04T10:23:05","slug":"politica-de-privacidad","status":"publish","type":"page","link":"https:\/\/logon.media\/es\/politica-de-privacidad\/","title":{"rendered":"Pol\u00edtica de privacidad"},"content":{"rendered":"<p>Proteger su privacidad es nuestra m\u00e1xima prioridad. Por ello, hemos adoptado amplias medidas de seguridad para proteger los datos personales almacenados por nosotros contra el acceso no autorizado y el uso indebido. Si nos env\u00eda un correo electr\u00f3nico, su direcci\u00f3n de correo electr\u00f3nico se utilizar\u00e1 exclusivamente para la correspondencia con usted. En ning\u00fan caso se compartir\u00e1n los datos con terceros. Al consultar datos en nuestra p\u00e1gina web o introducir datos personales, le indicamos que la transmisi\u00f3n de datos a trav\u00e9s de Internet es parcialmente insegura. Cada llamada de una p\u00e1gina de LOGON se registra de forma an\u00f3nima. Estos datos se eval\u00faan exclusivamente con fines estad\u00edsticos. En ning\u00fan momento tiene lugar una transmisi\u00f3n a terceros, ni siquiera parcial. Los datos se utilizan para facilitar el uso de la p\u00e1gina web.<\/p>\n<p><strong>Cookies<\/strong><\/p>\n<p>En las p\u00e1ginas web de LOGON utilizamos cookies para mejorar el acceso a su contenido. Al utilizar las p\u00e1ginas web de LOGON, usted acepta el uso de cookies. La desactivaci\u00f3n de las cookies que utilizamos puede afectar a su capacidad para utilizar las P\u00e1ginas Web de LOGON.<\/p>\n","protected":false},"excerpt":{"rendered":"<p>Proteger su privacidad es nuestra m\u00e1xima prioridad. Por ello, hemos adoptado amplias medidas de seguridad para proteger los datos personales almacenados por nosotros contra el acceso no autorizado y el uso indebido. Si nos env\u00eda un correo electr\u00f3nico, su direcci\u00f3n de correo electr\u00f3nico se utilizar\u00e1 exclusivamente para la correspondencia con usted. En ning\u00fan caso se [&hellip;]<\/p>\n","protected":false},"author":1,"featured_media":0,"parent":0,"menu_order":0,"comment_status":"open","ping_status":"open","template":"","meta":{"_acf_changed":false,"footnotes":""},"class_list":["post-100774","page","type-page","status-publish","hentry"],"acf":[],"_links":{"self":[{"href":"https:\/\/logon.media\/es\/wp-json\/wp\/v2\/pages\/100774","targetHints":{"allow":["GET"]}}],"collection":[{"href":"https:\/\/logon.media\/es\/wp-json\/wp\/v2\/pages"}],"about":[{"href":"https:\/\/logon.media\/es\/wp-json\/wp\/v2\/types\/page"}],"author":[{"embeddable":true,"href":"https:\/\/logon.media\/es\/wp-json\/wp\/v2\/users\/1"}],"replies":[{"embeddable":true,"href":"https:\/\/logon.media\/es\/wp-json\/wp\/v2\/comments?post=100774"}],"version-history":[{"count":0,"href":"https:\/\/logon.media\/es\/wp-json\/wp\/v2\/pages\/100774\/revisions"}],"wp:attachment":[{"href":"https:\/\/logon.media\/es\/wp-json\/wp\/v2\/media?parent=100774"}],"curies":[{"name":"wp","href":"https:\/\/api.w.org\/{rel}","templated":true}]}}