{"id":100772,"date":"2023-03-04T10:17:06","date_gmt":"2023-03-04T10:17:06","guid":{"rendered":"https:\/\/logon.media\/aviso-legal\/"},"modified":"2023-03-04T10:17:06","modified_gmt":"2023-03-04T10:17:06","slug":"aviso-legal","status":"publish","type":"page","link":"https:\/\/logon.media\/es\/aviso-legal\/","title":{"rendered":"Aviso legal"},"content":{"rendered":"<p>Los art\u00edculos que llevan el nombre o el signo del autor no reflejan necesariamente la opini\u00f3n de los editores. La p\u00e1gina web de LOGON puede contener enlaces a otras p\u00e1ginas web para su comodidad e informaci\u00f3n. No nos hacemos responsables del contenido ni de las pol\u00edticas de privacidad de dichos sitios web.<\/p>\n","protected":false},"excerpt":{"rendered":"<p>Los art\u00edculos que llevan el nombre o el signo del autor no reflejan necesariamente la opini\u00f3n de los editores. La p\u00e1gina web de LOGON puede contener enlaces a otras p\u00e1ginas web para su comodidad e informaci\u00f3n. No nos hacemos responsables del contenido ni de las pol\u00edticas de privacidad de dichos sitios web.<\/p>\n","protected":false},"author":1,"featured_media":0,"parent":0,"menu_order":0,"comment_status":"open","ping_status":"open","template":"","meta":{"_acf_changed":false,"footnotes":""},"class_list":["post-100772","page","type-page","status-publish","hentry"],"acf":[],"_links":{"self":[{"href":"https:\/\/logon.media\/es\/wp-json\/wp\/v2\/pages\/100772","targetHints":{"allow":["GET"]}}],"collection":[{"href":"https:\/\/logon.media\/es\/wp-json\/wp\/v2\/pages"}],"about":[{"href":"https:\/\/logon.media\/es\/wp-json\/wp\/v2\/types\/page"}],"author":[{"embeddable":true,"href":"https:\/\/logon.media\/es\/wp-json\/wp\/v2\/users\/1"}],"replies":[{"embeddable":true,"href":"https:\/\/logon.media\/es\/wp-json\/wp\/v2\/comments?post=100772"}],"version-history":[{"count":0,"href":"https:\/\/logon.media\/es\/wp-json\/wp\/v2\/pages\/100772\/revisions"}],"wp:attachment":[{"href":"https:\/\/logon.media\/es\/wp-json\/wp\/v2\/media?parent=100772"}],"curies":[{"name":"wp","href":"https:\/\/api.w.org\/{rel}","templated":true}]}}