{"id":100770,"date":"2023-03-04T10:05:46","date_gmt":"2023-03-04T10:05:46","guid":{"rendered":"https:\/\/logon.media\/imprimir\/"},"modified":"2023-03-07T11:05:15","modified_gmt":"2023-03-07T11:05:15","slug":"imprimir","status":"publish","type":"page","link":"https:\/\/logon.media\/es\/imprimir\/","title":{"rendered":"Imprimir"},"content":{"rendered":"<p>LOGON es una revista en l\u00ednea de la Fundaci\u00f3n para el trabajo internacional de la comunidad religiosa Lectorium Rosicrucianum.<br \/>\nFundaci\u00f3n seg\u00fan los art\u00edculos 80 a 88 del C\u00f3digo Civil Suizo (ZGB)<br \/>\nFecha de registro: 22.11.1990<br \/>\nN\u00famero de registro CH-020.7.904.348-5<br \/>\nDirecci\u00f3n: Kreuzstrasse 60, CH-8008 Z\u00fcrich<br \/>\nResponsable del contenido (seg\u00fan \u00a7 55 Abs. 2 RStV, Alemania): Dr. Gunter Friedrich, zum M\u00fchlenberg 5, 53844 Troisdorf<\/p>\n<p>Mensajes a los editores: editors@logon.media<\/p>\n","protected":false},"excerpt":{"rendered":"<p>LOGON es una revista en l\u00ednea de la Fundaci\u00f3n para el trabajo internacional de la comunidad religiosa Lectorium Rosicrucianum. Fundaci\u00f3n seg\u00fan los art\u00edculos 80 a 88 del C\u00f3digo Civil Suizo (ZGB) Fecha de registro: 22.11.1990 N\u00famero de registro CH-020.7.904.348-5 Direcci\u00f3n: Kreuzstrasse 60, CH-8008 Z\u00fcrich Responsable del contenido (seg\u00fan \u00a7 55 Abs. 2 RStV, Alemania): Dr. [&hellip;]<\/p>\n","protected":false},"author":1,"featured_media":0,"parent":0,"menu_order":0,"comment_status":"open","ping_status":"open","template":"","meta":{"_acf_changed":false,"footnotes":""},"class_list":["post-100770","page","type-page","status-publish","hentry"],"acf":[],"_links":{"self":[{"href":"https:\/\/logon.media\/es\/wp-json\/wp\/v2\/pages\/100770","targetHints":{"allow":["GET"]}}],"collection":[{"href":"https:\/\/logon.media\/es\/wp-json\/wp\/v2\/pages"}],"about":[{"href":"https:\/\/logon.media\/es\/wp-json\/wp\/v2\/types\/page"}],"author":[{"embeddable":true,"href":"https:\/\/logon.media\/es\/wp-json\/wp\/v2\/users\/1"}],"replies":[{"embeddable":true,"href":"https:\/\/logon.media\/es\/wp-json\/wp\/v2\/comments?post=100770"}],"version-history":[{"count":0,"href":"https:\/\/logon.media\/es\/wp-json\/wp\/v2\/pages\/100770\/revisions"}],"wp:attachment":[{"href":"https:\/\/logon.media\/es\/wp-json\/wp\/v2\/media?parent=100770"}],"curies":[{"name":"wp","href":"https:\/\/api.w.org\/{rel}","templated":true}]}}