{"id":88031,"date":"2017-12-21T00:02:10","date_gmt":"2017-12-21T00:02:10","guid":{"rendered":"https:\/\/logon.media\/copyright-2\/"},"modified":"2022-09-18T10:23:15","modified_gmt":"2022-09-18T10:23:15","slug":"copyright-2","status":"publish","type":"page","link":"https:\/\/logon.media\/de\/copyright-2\/","title":{"rendered":"Copyright"},"content":{"rendered":"<p>F\u00fcr alle Inhalte auf LOGON-Seiten gilt das Copyright der Autoren. Vervielf\u00e4ltigung, Bearbeitung, Verbreitung und jede Art der Verwertung au\u00dferhalb der Beschr\u00e4nkungen des Urheberrechtes bed\u00fcrfen der schriftlichen Zustimmung des jeweiligen Autors. Downloads und Kopien von Artikeln der LOGON-Seiten sind nur f\u00fcr den privaten, nicht-kommerziellen Gebrauch gestattet.<\/p>\n","protected":false},"excerpt":{"rendered":"<p>F\u00fcr alle Inhalte auf LOGON-Seiten gilt das Copyright der Autoren. Vervielf\u00e4ltigung, Bearbeitung, Verbreitung und jede Art der Verwertung au\u00dferhalb der Beschr\u00e4nkungen des Urheberrechtes bed\u00fcrfen der schriftlichen Zustimmung des jeweiligen Autors. Downloads und Kopien von Artikeln der LOGON-Seiten sind nur f\u00fcr den privaten, nicht-kommerziellen Gebrauch gestattet.<\/p>\n","protected":false},"author":1,"featured_media":0,"parent":0,"menu_order":0,"comment_status":"open","ping_status":"open","template":"","meta":{"_acf_changed":false,"footnotes":""},"class_list":["post-88031","page","type-page","status-publish","hentry"],"acf":[],"_links":{"self":[{"href":"https:\/\/logon.media\/de\/wp-json\/wp\/v2\/pages\/88031","targetHints":{"allow":["GET"]}}],"collection":[{"href":"https:\/\/logon.media\/de\/wp-json\/wp\/v2\/pages"}],"about":[{"href":"https:\/\/logon.media\/de\/wp-json\/wp\/v2\/types\/page"}],"author":[{"embeddable":true,"href":"https:\/\/logon.media\/de\/wp-json\/wp\/v2\/users\/1"}],"replies":[{"embeddable":true,"href":"https:\/\/logon.media\/de\/wp-json\/wp\/v2\/comments?post=88031"}],"version-history":[{"count":0,"href":"https:\/\/logon.media\/de\/wp-json\/wp\/v2\/pages\/88031\/revisions"}],"wp:attachment":[{"href":"https:\/\/logon.media\/de\/wp-json\/wp\/v2\/media?parent=88031"}],"curies":[{"name":"wp","href":"https:\/\/api.w.org\/{rel}","templated":true}]}}