{"id":88025,"date":"2017-11-28T16:53:34","date_gmt":"2017-11-28T16:53:34","guid":{"rendered":"https:\/\/logon.media\/haftungsausschluss\/"},"modified":"2022-09-18T10:25:30","modified_gmt":"2022-09-18T10:25:30","slug":"haftungsausschluss","status":"publish","type":"page","link":"https:\/\/logon.media\/de\/haftungsausschluss\/","title":{"rendered":"Haftungsausschluss"},"content":{"rendered":"<p>Artikel, die mit dem Namen oder Zeichen von Autoren gekennzeichnet sind, geben nicht zwangsl\u00e4ufig die Meinung der Redaktion wieder. Die Seiten von LOGON k\u00f6nnen zu Ihrer Information auch Links zu anderen Webseiten enthalten. LOGON ist weder verantwortlich f\u00fcr die Inhalte, noch die Datenschutzrichtlinien von Fremdseiten.<\/p>\n","protected":false},"excerpt":{"rendered":"<p>Artikel, die mit dem Namen oder Zeichen von Autoren gekennzeichnet sind, geben nicht zwangsl\u00e4ufig die Meinung der Redaktion wieder. Die Seiten von LOGON k\u00f6nnen zu Ihrer Information auch Links zu anderen Webseiten enthalten. LOGON ist weder verantwortlich f\u00fcr die Inhalte, noch die Datenschutzrichtlinien von Fremdseiten.<\/p>\n","protected":false},"author":1,"featured_media":0,"parent":0,"menu_order":0,"comment_status":"open","ping_status":"open","template":"","meta":{"_acf_changed":false,"footnotes":""},"class_list":["post-88025","page","type-page","status-publish","hentry"],"acf":[],"_links":{"self":[{"href":"https:\/\/logon.media\/de\/wp-json\/wp\/v2\/pages\/88025","targetHints":{"allow":["GET"]}}],"collection":[{"href":"https:\/\/logon.media\/de\/wp-json\/wp\/v2\/pages"}],"about":[{"href":"https:\/\/logon.media\/de\/wp-json\/wp\/v2\/types\/page"}],"author":[{"embeddable":true,"href":"https:\/\/logon.media\/de\/wp-json\/wp\/v2\/users\/1"}],"replies":[{"embeddable":true,"href":"https:\/\/logon.media\/de\/wp-json\/wp\/v2\/comments?post=88025"}],"version-history":[{"count":0,"href":"https:\/\/logon.media\/de\/wp-json\/wp\/v2\/pages\/88025\/revisions"}],"wp:attachment":[{"href":"https:\/\/logon.media\/de\/wp-json\/wp\/v2\/media?parent=88025"}],"curies":[{"name":"wp","href":"https:\/\/api.w.org\/{rel}","templated":true}]}}