{"id":88022,"date":"2017-11-28T16:48:07","date_gmt":"2017-11-28T16:48:07","guid":{"rendered":"https:\/\/logon.media\/datenschutz\/"},"modified":"2022-09-18T10:37:33","modified_gmt":"2022-09-18T10:37:33","slug":"datenschutz","status":"publish","type":"page","link":"https:\/\/logon.media\/de\/datenschutz\/","title":{"rendered":"Datenschutz"},"content":{"rendered":"<p>Der Schutz Ihrer Privatsph\u00e4re hat f\u00fcr uns oberste Priorit\u00e4t. Wir haben daher weitreichende Sicherheitsma\u00dfnahmen getroffen, um die bei uns gespeicherten personenbezogenen Daten vor unbefugtem Zugriff und missbr\u00e4uchlicher Verwendung zu sch\u00fctzen. Wenn Sie uns eine E-Mail senden, so wird Ihre Mail-Adresse ausschlie\u00dflich f\u00fcr die Korrespondenz mit Ihnen verwendet. In keinem Fall werden Daten an Dritte weitergegeben. Wenn Sie auf unserer Internetseite Daten abrufen oder pers\u00f6nliche Daten eingeben, weisen wir darauf hin, dass die Daten\u00fcbertragung \u00fcber das Internet teilweise ungesichert erfolgt. Jeder Aufruf einer Seite von LOGON wird anonym protokolliert. Diese Daten werden ausschlie\u00dflich zu statistischen Zwecken ausgewertet. Eine Weitergabe an Dritte, auch in Ausz\u00fcgen, findet nicht und zu keiner Zeit statt. Die Daten werden verwendet, um die Website nutzergerecht zu gestalten.<\/p>\n<p>&nbsp;<\/p>\n<h3>Cookies<\/h3>\n<p>&nbsp;<\/p>\n<p>Auf LOGON-Seiten werden Cookies verwendet, um Ihren Zugang zu Inhalten zu verbessern. Wenn Sie die Seite nutzen, erkl\u00e4ren Sie sich mit der Verwendung von Cookies einverstanden. Wenn Sie die Cookies, die wir verwenden, deaktivieren, kann dies Ihre Nutzungsm\u00f6glichkeiten auf den LOGON-Webseiten beeintr\u00e4chtigen.<\/p>\n","protected":false},"excerpt":{"rendered":"<p>Der Schutz Ihrer Privatsph\u00e4re hat f\u00fcr uns oberste Priorit\u00e4t. Wir haben daher weitreichende Sicherheitsma\u00dfnahmen getroffen, um die bei uns gespeicherten personenbezogenen Daten vor unbefugtem Zugriff und missbr\u00e4uchlicher Verwendung zu sch\u00fctzen. Wenn Sie uns eine E-Mail senden, so wird Ihre Mail-Adresse ausschlie\u00dflich f\u00fcr die Korrespondenz mit Ihnen verwendet. In keinem Fall werden Daten an Dritte weitergegeben. [&hellip;]<\/p>\n","protected":false},"author":1,"featured_media":0,"parent":0,"menu_order":0,"comment_status":"open","ping_status":"open","template":"","meta":{"_acf_changed":false,"footnotes":""},"class_list":["post-88022","page","type-page","status-publish","hentry"],"acf":[],"_links":{"self":[{"href":"https:\/\/logon.media\/de\/wp-json\/wp\/v2\/pages\/88022","targetHints":{"allow":["GET"]}}],"collection":[{"href":"https:\/\/logon.media\/de\/wp-json\/wp\/v2\/pages"}],"about":[{"href":"https:\/\/logon.media\/de\/wp-json\/wp\/v2\/types\/page"}],"author":[{"embeddable":true,"href":"https:\/\/logon.media\/de\/wp-json\/wp\/v2\/users\/1"}],"replies":[{"embeddable":true,"href":"https:\/\/logon.media\/de\/wp-json\/wp\/v2\/comments?post=88022"}],"version-history":[{"count":0,"href":"https:\/\/logon.media\/de\/wp-json\/wp\/v2\/pages\/88022\/revisions"}],"wp:attachment":[{"href":"https:\/\/logon.media\/de\/wp-json\/wp\/v2\/media?parent=88022"}],"curies":[{"name":"wp","href":"https:\/\/api.w.org\/{rel}","templated":true}]}}