{"id":88019,"date":"2017-11-28T16:28:26","date_gmt":"2017-11-28T16:28:26","guid":{"rendered":"https:\/\/logon.media\/impressum\/"},"modified":"2022-09-18T10:14:58","modified_gmt":"2022-09-18T10:14:58","slug":"impressum","status":"publish","type":"page","link":"https:\/\/logon.media\/de\/impressum\/","title":{"rendered":"Impressum"},"content":{"rendered":"<div style=\"padding-left: 2em; padding-right: 2em;\">\n<p>LOGON ist ein Online-Magazin der Stiftung zur F\u00f6rderung der internationalen Arbeit der religi\u00f6sen Gemeinschaft Lectorium Rosicrucianum. Stiftung gem\u00e4\u00df Artikel 80 bis 88 des Schweizerischen Zivilgesetzbuches (ZGB).<br \/>\nEingetragen am: 22.11.1990<br \/>\nRegisternummer:\u00a0 CH-020.7.904.348-5<br \/>\nAdresse: Kreuzstrasse 60, CH-8008 Z\u00fcrich<br \/>\nVerantwortlich f\u00fcr den Inhalt\u00a0(gem. \u00a7 55 Abs. 2 RStV, Deutschland): Dr. Gunter Friedrich, zum M\u00fchlenberg 5, 53844 Troisdorf<\/p>\n<p>Nachrichten an die Redaktion: <a href=\"mailto:editors@logon.media\">editors@logon.media<\/a><\/p>\n<\/div>\n","protected":false},"excerpt":{"rendered":"<p>LOGON ist ein Online-Magazin der Stiftung zur F\u00f6rderung der internationalen Arbeit der religi\u00f6sen Gemeinschaft Lectorium Rosicrucianum. Stiftung gem\u00e4\u00df Artikel 80 bis 88 des Schweizerischen Zivilgesetzbuches (ZGB). Eingetragen am: 22.11.1990 Registernummer:\u00a0 CH-020.7.904.348-5 Adresse: Kreuzstrasse 60, CH-8008 Z\u00fcrich Verantwortlich f\u00fcr den Inhalt\u00a0(gem. \u00a7 55 Abs. 2 RStV, Deutschland): Dr. Gunter Friedrich, zum M\u00fchlenberg 5, 53844 Troisdorf Nachrichten [&hellip;]<\/p>\n","protected":false},"author":1,"featured_media":0,"parent":0,"menu_order":0,"comment_status":"open","ping_status":"open","template":"","meta":{"_acf_changed":false,"footnotes":""},"class_list":["post-88019","page","type-page","status-publish","hentry"],"acf":[],"_links":{"self":[{"href":"https:\/\/logon.media\/de\/wp-json\/wp\/v2\/pages\/88019","targetHints":{"allow":["GET"]}}],"collection":[{"href":"https:\/\/logon.media\/de\/wp-json\/wp\/v2\/pages"}],"about":[{"href":"https:\/\/logon.media\/de\/wp-json\/wp\/v2\/types\/page"}],"author":[{"embeddable":true,"href":"https:\/\/logon.media\/de\/wp-json\/wp\/v2\/users\/1"}],"replies":[{"embeddable":true,"href":"https:\/\/logon.media\/de\/wp-json\/wp\/v2\/comments?post=88019"}],"version-history":[{"count":0,"href":"https:\/\/logon.media\/de\/wp-json\/wp\/v2\/pages\/88019\/revisions"}],"wp:attachment":[{"href":"https:\/\/logon.media\/de\/wp-json\/wp\/v2\/media?parent=88019"}],"curies":[{"name":"wp","href":"https:\/\/api.w.org\/{rel}","templated":true}]}}