{"id":103847,"date":"2023-07-23T16:03:58","date_gmt":"2023-07-23T16:03:58","guid":{"rendered":"https:\/\/logon.media\/?page_id=103847"},"modified":"2023-11-22T14:23:11","modified_gmt":"2023-11-22T14:23:11","slug":"ueber-logon","status":"publish","type":"page","link":"https:\/\/logon.media\/de\/ueber-logon\/","title":{"rendered":"\u00dcBER LOGON"},"content":{"rendered":"\t\t<div data-elementor-type=\"wp-page\" data-elementor-id=\"103847\" class=\"elementor elementor-103847 elementor-52358\" data-elementor-post-type=\"page\">\n\t\t\t\t\t\t<section data-dce-background-image-url=\"http:\/\/logon.media\/wp-content\/uploads\/2022\/01\/yjhvJfqWTlmnaGr32gPL_Untitled_design_27-2.jpg\" class=\"elementor-section elementor-top-section elementor-element elementor-element-75f7b567 elementor-section-full_width elementor-section-height-min-height elementor-section-content-bottom elementor-section-height-default elementor-section-items-middle\" data-id=\"75f7b567\" data-element_type=\"section\" data-settings=\"{&quot;background_background&quot;:&quot;classic&quot;}\">\n\t\t\t\t\t\t<div class=\"elementor-container elementor-column-gap-default\">\n\t\t\t\t\t<div class=\"elementor-column elementor-col-100 elementor-top-column elementor-element elementor-element-638657a0\" data-id=\"638657a0\" data-element_type=\"column\" data-settings=\"{&quot;background_background&quot;:&quot;classic&quot;}\">\n\t\t\t<div class=\"elementor-widget-wrap elementor-element-populated\">\n\t\t\t\t\t\t<div class=\"elementor-element elementor-element-38742df6 elementor-widget elementor-widget-heading\" data-id=\"38742df6\" data-element_type=\"widget\" data-widget_type=\"heading.default\">\n\t\t\t\t<div class=\"elementor-widget-container\">\n\t\t\t\t\t<h1 class=\"elementor-heading-title elementor-size-default\">\u00dcBER LOGON<\/h1>\t\t\t\t<\/div>\n\t\t\t\t<\/div>\n\t\t\t\t\t<\/div>\n\t\t<\/div>\n\t\t\t\t\t<\/div>\n\t\t<\/section>\n\t\t\t\t<section class=\"elementor-section elementor-top-section elementor-element elementor-element-4fc5440d elementor-section-boxed elementor-section-height-default elementor-section-height-default\" data-id=\"4fc5440d\" data-element_type=\"section\" data-settings=\"{&quot;background_background&quot;:&quot;classic&quot;}\">\n\t\t\t\t\t\t<div class=\"elementor-container elementor-column-gap-no\">\n\t\t\t\t\t<div class=\"elementor-column elementor-col-100 elementor-top-column elementor-element elementor-element-18abb9db\" data-id=\"18abb9db\" data-element_type=\"column\">\n\t\t\t<div class=\"elementor-widget-wrap elementor-element-populated\">\n\t\t\t\t\t\t<div class=\"elementor-element elementor-element-6ee7d4c4 elementor-widget elementor-widget-heading\" data-id=\"6ee7d4c4\" data-element_type=\"widget\" data-widget_type=\"heading.default\">\n\t\t\t\t<div class=\"elementor-widget-container\">\n\t\t\t\t\t<h2 class=\"elementor-heading-title elementor-size-default\">\u00dcBER LOGON<\/h2>\t\t\t\t<\/div>\n\t\t\t\t<\/div>\n\t\t\t\t<div class=\"elementor-element elementor-element-2783d61 elementor-widget elementor-widget-text-editor\" data-id=\"2783d61\" data-element_type=\"widget\" data-widget_type=\"text-editor.default\">\n\t\t\t\t<div class=\"elementor-widget-container\">\n\t\t\t\t\t\t\t\t\t<p style=\"font-weight: 400;\">LOGON ist f\u00fcr diejenigen, die sich fragen, ob unsere Realit\u00e4t anders sein k\u00f6nnte als das, was die Welt uns normalerweise pr\u00e4sentiert. Es werden existenzielle Fragen gestellt, wie: <br \/>Wer bin ich? <br \/>Hat mein Leben einen tieferen Sinn? <br \/>Was ist das Leben \u00fcberhaupt? <br \/>Wie kann ich mit allem, was lebt, in eine neue Beziehung treten?<\/p><p>LOGON m\u00f6chte die Menschen dazu ermutigen, ihrem Herzen zu folgen und die Suche nach einer neuen Wirklichkeit voranzutreiben, die jeder in sich selbst finden kann. Wenn wir in uns selbst forschen, k\u00f6nnen wir eine Quelle des inneren Wissens entdecken, die tief in das hinabreicht, was &#8222;Leben&#8220; wirklich bedeutet: die Erkenntnis, dass in uns das Potenzial f\u00fcr eine vollst\u00e4ndige Erneuerung steckt.<\/p><p>LOGON ist bestrebt, Impulse f\u00fcr ein &#8222;Wiedererwachen&#8220; zu geben; Inspirationen, die uns die Augen f\u00fcr eine neue Lebensperspektive \u00f6ffnen, mit der wir uns unserer Stellung und Aufgabe in der Welt neu bewusst werden k\u00f6nnen. Die Zeiten, in denen wir leben, verlangen nach einem Neuanfang, und zu Recht sind viele jetzt von Unruhe und einer inneren Sehnsucht nach Ver\u00e4nderung ergriffen. Ein Neuanfang wird gelingen, wenn er in uns selbst beginnt.<\/p><p style=\"font-weight: 400;\">LOGON m\u00f6chte mit Ihnen Einsichten und Ermutigungen f\u00fcr diesen Neuanfang teilen, durch die Sie die ewige Essenz in sich selbst zum Leben erwecken k\u00f6nnen.<\/p><p style=\"font-weight: 400;\">LOGON ist ein weltweites Projekt in vielen Sprachen.<\/p><p style=\"font-weight: 400;\">Wir freuen uns \u00fcber Ihre Fragen und Ihr Feedback: <a href=\"mailto:editors@logon.media\">editors@logon.media<\/a><\/p><p style=\"font-weight: 400;\">Eva Cristina Casciello &#8211; Italien<br \/>Jo\u00e3o Castro &#8211; Brasilien<br \/>Heiko Haase &#8211; Deutschland<br \/>Marietta Millet &#8211; Vereinigte Staaten von Amerika<br \/>Wies\u0142awa Modrzejewska &#8211; Polen<br \/>Ten Mukenga &#8211; Demokratische Republik Kongo<br \/>Anneke Munnik &#8211; Niederlande<\/p><p>Link zur: <a href=\"https:\/\/www.rosenkreuz.de\/\">Goldenes Rosenkreuz<\/a><\/p>\t\t\t\t\t\t\t\t<\/div>\n\t\t\t\t<\/div>\n\t\t\t\t\t<\/div>\n\t\t<\/div>\n\t\t\t\t\t<\/div>\n\t\t<\/section>\n\t\t\t\t<\/div>\n\t\t","protected":false},"excerpt":{"rendered":"<p>\u00dcBER LOGON \u00dcBER LOGON LOGON ist f\u00fcr diejenigen, die sich fragen, ob unsere Realit\u00e4t anders sein k\u00f6nnte als das, was die Welt uns normalerweise pr\u00e4sentiert. Es werden existenzielle Fragen gestellt, wie: Wer bin ich? Hat mein Leben einen tieferen Sinn? Was ist das Leben \u00fcberhaupt? Wie kann ich mit allem, was lebt, in eine neue [&hellip;]<\/p>\n","protected":false},"author":1,"featured_media":0,"parent":0,"menu_order":0,"comment_status":"open","ping_status":"open","template":"elementor_header_footer","meta":{"_acf_changed":false,"footnotes":""},"class_list":["post-103847","page","type-page","status-publish","hentry"],"acf":[],"_links":{"self":[{"href":"https:\/\/logon.media\/de\/wp-json\/wp\/v2\/pages\/103847","targetHints":{"allow":["GET"]}}],"collection":[{"href":"https:\/\/logon.media\/de\/wp-json\/wp\/v2\/pages"}],"about":[{"href":"https:\/\/logon.media\/de\/wp-json\/wp\/v2\/types\/page"}],"author":[{"embeddable":true,"href":"https:\/\/logon.media\/de\/wp-json\/wp\/v2\/users\/1"}],"replies":[{"embeddable":true,"href":"https:\/\/logon.media\/de\/wp-json\/wp\/v2\/comments?post=103847"}],"version-history":[{"count":0,"href":"https:\/\/logon.media\/de\/wp-json\/wp\/v2\/pages\/103847\/revisions"}],"wp:attachment":[{"href":"https:\/\/logon.media\/de\/wp-json\/wp\/v2\/media?parent=103847"}],"curies":[{"name":"wp","href":"https:\/\/api.w.org\/{rel}","templated":true}]}}