{"id":94846,"date":"2017-12-21T00:02:10","date_gmt":"2017-12-21T00:02:10","guid":{"rendered":"https:\/\/logon.media\/copyright\/"},"modified":"2017-12-21T00:02:10","modified_gmt":"2017-12-21T00:02:10","slug":"copyright","status":"publish","type":"page","link":"https:\/\/logon.media\/cs\/copyright\/","title":{"rendered":"Copyright"},"content":{"rendered":"<p>Na obsah str\u00e1nek LOGON se vztahuj\u00ed autorsk\u00e1 pr\u00e1va autor\u016f. Kop\u00edrov\u00e1n\u00ed, \u00fapravy, \u0161\u00ed\u0159en\u00ed a jak\u00fdkoli zp\u016fsob pou\u017eit\u00ed mimo r\u00e1mec autorsk\u00fdch pr\u00e1v vy\u017eaduje p\u00edsemn\u00fd souhlas p\u0159\u00edslu\u0161n\u00e9ho autora. Stahov\u00e1n\u00ed a kop\u00edrov\u00e1n\u00ed \u010dl\u00e1nk\u016f ze str\u00e1nek LOGON je povoleno pouze pro soukrom\u00e9, nekomer\u010dn\u00ed pou\u017eit\u00ed.<\/p>\n","protected":false},"excerpt":{"rendered":"<p>Na obsah str\u00e1nek LOGON se vztahuj\u00ed autorsk\u00e1 pr\u00e1va autor\u016f. Kop\u00edrov\u00e1n\u00ed, \u00fapravy, \u0161\u00ed\u0159en\u00ed a jak\u00fdkoli zp\u016fsob pou\u017eit\u00ed mimo r\u00e1mec autorsk\u00fdch pr\u00e1v vy\u017eaduje p\u00edsemn\u00fd souhlas p\u0159\u00edslu\u0161n\u00e9ho autora. Stahov\u00e1n\u00ed a kop\u00edrov\u00e1n\u00ed \u010dl\u00e1nk\u016f ze str\u00e1nek LOGON je povoleno pouze pro soukrom\u00e9, nekomer\u010dn\u00ed pou\u017eit\u00ed.<\/p>\n","protected":false},"author":1,"featured_media":0,"parent":0,"menu_order":0,"comment_status":"open","ping_status":"open","template":"","meta":{"_acf_changed":false,"footnotes":""},"class_list":["post-94846","page","type-page","status-publish","hentry"],"acf":[],"_links":{"self":[{"href":"https:\/\/logon.media\/cs\/wp-json\/wp\/v2\/pages\/94846","targetHints":{"allow":["GET"]}}],"collection":[{"href":"https:\/\/logon.media\/cs\/wp-json\/wp\/v2\/pages"}],"about":[{"href":"https:\/\/logon.media\/cs\/wp-json\/wp\/v2\/types\/page"}],"author":[{"embeddable":true,"href":"https:\/\/logon.media\/cs\/wp-json\/wp\/v2\/users\/1"}],"replies":[{"embeddable":true,"href":"https:\/\/logon.media\/cs\/wp-json\/wp\/v2\/comments?post=94846"}],"version-history":[{"count":0,"href":"https:\/\/logon.media\/cs\/wp-json\/wp\/v2\/pages\/94846\/revisions"}],"wp:attachment":[{"href":"https:\/\/logon.media\/cs\/wp-json\/wp\/v2\/media?parent=94846"}],"curies":[{"name":"wp","href":"https:\/\/api.w.org\/{rel}","templated":true}]}}