{"id":94845,"date":"2017-11-28T16:48:07","date_gmt":"2017-11-28T16:48:07","guid":{"rendered":"https:\/\/logon.media\/zasady-ochrany-osobnich-udaju\/"},"modified":"2017-11-28T16:48:07","modified_gmt":"2017-11-28T16:48:07","slug":"zasady-ochrany-osobnich-udaju","status":"publish","type":"page","link":"https:\/\/logon.media\/cs\/zasady-ochrany-osobnich-udaju\/","title":{"rendered":"Z\u00e1sady ochrany osobn\u00edch \u00fadaj\u016f"},"content":{"rendered":"<p>Z\u00e1sady ochrany osobn\u00edch \u00fadaj\u016f<br \/>\nOchrana va\u0161eho soukrom\u00ed je na\u0161\u00ed nejvy\u0161\u0161\u00ed prioritou. Proto jsme p\u0159ijali rozs\u00e1hl\u00e1 bezpe\u010dnostn\u00ed opat\u0159en\u00ed na ochranu n\u00e1mi ulo\u017een\u00fdch osobn\u00edch \u00fadaj\u016f p\u0159ed neopr\u00e1vn\u011bn\u00fdm p\u0159\u00edstupem a zneu\u017eit\u00edm. Pokud n\u00e1m za\u0161lete e-mail, bude va\u0161e e-mailov\u00e1 adresa pou\u017eita v\u00fdhradn\u011b pro korespondenci s v\u00e1mi. V \u017e\u00e1dn\u00e9m p\u0159\u00edpad\u011b nebudou \u00fadaje poskytov\u00e1ny t\u0159et\u00edm stran\u00e1m. P\u0159i na\u010d\u00edt\u00e1n\u00ed \u00fadaj\u016f na na\u0161ich webov\u00fdch str\u00e1nk\u00e1ch nebo p\u0159i zad\u00e1v\u00e1n\u00ed osobn\u00edch \u00fadaj\u016f upozor\u0148ujeme, \u017ee p\u0159enos dat p\u0159es internet je \u010d\u00e1ste\u010dn\u011b nezabezpe\u010den\u00fd. Ka\u017ed\u00e9 vyvol\u00e1n\u00ed str\u00e1nky LOGON je anonymn\u011b zaznamen\u00e1no. Tyto \u00fadaje jsou vyhodnocov\u00e1ny v\u00fdhradn\u011b pro statistick\u00e9 \u00fa\u010dely. K p\u0159ed\u00e1v\u00e1n\u00ed t\u0159et\u00edm stran\u00e1m, a to ani jejich \u010d\u00e1st\u00ed, v \u017e\u00e1dn\u00e9m p\u0159\u00edpad\u011b nedoch\u00e1z\u00ed. Tyto \u00fadaje slou\u017e\u00ed k tomu, aby byly str\u00e1nky u\u017eivatelsky p\u0159\u00edv\u011btiv\u00e9.<\/p>\n<p>Cookies<\/p>\n<p>Na str\u00e1nk\u00e1ch LOGON pou\u017e\u00edv\u00e1me soubory cookies pro zlep\u0161en\u00ed p\u0159\u00edstupu k jejich obsahu. Pou\u017e\u00edv\u00e1n\u00edm str\u00e1nek LOGON souhlas\u00edte s pou\u017e\u00edv\u00e1n\u00edm soubor\u016f cookies. Vypnut\u00ed soubor\u016f cookies, kter\u00e9 pou\u017e\u00edv\u00e1me, m\u016f\u017ee ovlivnit va\u0161i schopnost pou\u017e\u00edvat str\u00e1nky LOGON.<\/p>\n","protected":false},"excerpt":{"rendered":"<p>Z\u00e1sady ochrany osobn\u00edch \u00fadaj\u016f Ochrana va\u0161eho soukrom\u00ed je na\u0161\u00ed nejvy\u0161\u0161\u00ed prioritou. Proto jsme p\u0159ijali rozs\u00e1hl\u00e1 bezpe\u010dnostn\u00ed opat\u0159en\u00ed na ochranu n\u00e1mi ulo\u017een\u00fdch osobn\u00edch \u00fadaj\u016f p\u0159ed neopr\u00e1vn\u011bn\u00fdm p\u0159\u00edstupem a zneu\u017eit\u00edm. Pokud n\u00e1m za\u0161lete e-mail, bude va\u0161e e-mailov\u00e1 adresa pou\u017eita v\u00fdhradn\u011b pro korespondenci s v\u00e1mi. V \u017e\u00e1dn\u00e9m p\u0159\u00edpad\u011b nebudou \u00fadaje poskytov\u00e1ny t\u0159et\u00edm stran\u00e1m. P\u0159i na\u010d\u00edt\u00e1n\u00ed \u00fadaj\u016f na na\u0161ich [&hellip;]<\/p>\n","protected":false},"author":1,"featured_media":0,"parent":0,"menu_order":0,"comment_status":"open","ping_status":"open","template":"","meta":{"_acf_changed":false,"footnotes":""},"class_list":["post-94845","page","type-page","status-publish","hentry"],"acf":[],"_links":{"self":[{"href":"https:\/\/logon.media\/cs\/wp-json\/wp\/v2\/pages\/94845","targetHints":{"allow":["GET"]}}],"collection":[{"href":"https:\/\/logon.media\/cs\/wp-json\/wp\/v2\/pages"}],"about":[{"href":"https:\/\/logon.media\/cs\/wp-json\/wp\/v2\/types\/page"}],"author":[{"embeddable":true,"href":"https:\/\/logon.media\/cs\/wp-json\/wp\/v2\/users\/1"}],"replies":[{"embeddable":true,"href":"https:\/\/logon.media\/cs\/wp-json\/wp\/v2\/comments?post=94845"}],"version-history":[{"count":0,"href":"https:\/\/logon.media\/cs\/wp-json\/wp\/v2\/pages\/94845\/revisions"}],"wp:attachment":[{"href":"https:\/\/logon.media\/cs\/wp-json\/wp\/v2\/media?parent=94845"}],"curies":[{"name":"wp","href":"https:\/\/api.w.org\/{rel}","templated":true}]}}