{"id":94844,"date":"2017-11-28T16:53:34","date_gmt":"2017-11-28T16:53:34","guid":{"rendered":"https:\/\/logon.media\/pravni-prohlaseni-o-vylouceni-odpovednosti\/"},"modified":"2017-11-28T16:53:34","modified_gmt":"2017-11-28T16:53:34","slug":"pravni-prohlaseni-o-vylouceni-odpovednosti","status":"publish","type":"page","link":"https:\/\/logon.media\/cs\/pravni-prohlaseni-o-vylouceni-odpovednosti\/","title":{"rendered":"Pr\u00e1vn\u00ed prohl\u00e1\u0161en\u00ed o vylou\u010den\u00ed odpov\u011bdnosti"},"content":{"rendered":"<p>\u010cl\u00e1nky, kter\u00e9 nesou jm\u00e9no nebo zna\u010dku autora, nemus\u00ed nutn\u011b vyjad\u0159ovat n\u00e1zor redakce. Webov\u00e9 str\u00e1nky LOGON mohou pro va\u0161e pohodl\u00ed a informaci obsahovat odkazy na jin\u00e9 webov\u00e9 str\u00e1nky. Neodpov\u00edd\u00e1me za obsah ani za z\u00e1sady ochrany osobn\u00edch \u00fadaj\u016f t\u011bchto webov\u00fdch str\u00e1nek.<\/p>\n","protected":false},"excerpt":{"rendered":"<p>\u010cl\u00e1nky, kter\u00e9 nesou jm\u00e9no nebo zna\u010dku autora, nemus\u00ed nutn\u011b vyjad\u0159ovat n\u00e1zor redakce. Webov\u00e9 str\u00e1nky LOGON mohou pro va\u0161e pohodl\u00ed a informaci obsahovat odkazy na jin\u00e9 webov\u00e9 str\u00e1nky. Neodpov\u00edd\u00e1me za obsah ani za z\u00e1sady ochrany osobn\u00edch \u00fadaj\u016f t\u011bchto webov\u00fdch str\u00e1nek.<\/p>\n","protected":false},"author":1,"featured_media":0,"parent":0,"menu_order":0,"comment_status":"open","ping_status":"open","template":"","meta":{"_acf_changed":false,"footnotes":""},"class_list":["post-94844","page","type-page","status-publish","hentry"],"acf":[],"_links":{"self":[{"href":"https:\/\/logon.media\/cs\/wp-json\/wp\/v2\/pages\/94844","targetHints":{"allow":["GET"]}}],"collection":[{"href":"https:\/\/logon.media\/cs\/wp-json\/wp\/v2\/pages"}],"about":[{"href":"https:\/\/logon.media\/cs\/wp-json\/wp\/v2\/types\/page"}],"author":[{"embeddable":true,"href":"https:\/\/logon.media\/cs\/wp-json\/wp\/v2\/users\/1"}],"replies":[{"embeddable":true,"href":"https:\/\/logon.media\/cs\/wp-json\/wp\/v2\/comments?post=94844"}],"version-history":[{"count":0,"href":"https:\/\/logon.media\/cs\/wp-json\/wp\/v2\/pages\/94844\/revisions"}],"wp:attachment":[{"href":"https:\/\/logon.media\/cs\/wp-json\/wp\/v2\/media?parent=94844"}],"curies":[{"name":"wp","href":"https:\/\/api.w.org\/{rel}","templated":true}]}}