{"id":94843,"date":"2017-11-28T16:28:26","date_gmt":"2017-11-28T16:28:26","guid":{"rendered":"https:\/\/logon.media\/obecne-informace\/"},"modified":"2017-11-28T16:28:26","modified_gmt":"2017-11-28T16:28:26","slug":"obecne-informace","status":"publish","type":"page","link":"https:\/\/logon.media\/cs\/obecne-informace\/","title":{"rendered":"Obecn\u00e9 informace"},"content":{"rendered":"<p>LOGON je online \u010dasopisem Stiftung zur F\u00f6rderung der internationalen Arbeit der religi\u00f6sen Gemeinschaft Lectorium Rosicrucianum (Nadace pro mezin\u00e1rodn\u00ed \u010dinnost duchovn\u00edho spole\u010denstv\u00ed Lectorium Rosicrucianum).<\/p>\n<p>Zalo\u017een\u00ed v souladu s \u010dl\u00e1nky 80-88 \u0160v\u00fdcarsk\u00e9ho ob\u010dansk\u00e9ho z\u00e1kon\u00edku (ZGB).<\/p>\n<p>Datum registrace: 22.11.1990<\/p>\n<p>Registra\u010dn\u00ed \u010d\u00edslo: CH-020.7.904.348-5<\/p>\n<p>Adresa: Kreuzstrasse 60, CH-8008 Z\u00fcrich<\/p>\n<p>Odpov\u011bdnost za obsah (podle \u00a7 55 odst. 2 RStV, N\u011bmecko): Gunter Friedrich, zum M\u00fchlenberg 5, 53844 Troisdorf<\/p>\n<p>Kontakt do redakce: <a href=\"mailto:editors@logon.media\">editors@logon.media<\/a><\/p>\n","protected":false},"excerpt":{"rendered":"<p>LOGON je online \u010dasopisem Stiftung zur F\u00f6rderung der internationalen Arbeit der religi\u00f6sen Gemeinschaft Lectorium Rosicrucianum (Nadace pro mezin\u00e1rodn\u00ed \u010dinnost duchovn\u00edho spole\u010denstv\u00ed Lectorium Rosicrucianum). Zalo\u017een\u00ed v souladu s \u010dl\u00e1nky 80-88 \u0160v\u00fdcarsk\u00e9ho ob\u010dansk\u00e9ho z\u00e1kon\u00edku (ZGB). Datum registrace: 22.11.1990 Registra\u010dn\u00ed \u010d\u00edslo: CH-020.7.904.348-5 Adresa: Kreuzstrasse 60, CH-8008 Z\u00fcrich Odpov\u011bdnost za obsah (podle \u00a7 55 odst. 2 RStV, N\u011bmecko): Gunter [&hellip;]<\/p>\n","protected":false},"author":1,"featured_media":0,"parent":0,"menu_order":0,"comment_status":"open","ping_status":"open","template":"","meta":{"_acf_changed":false,"footnotes":""},"class_list":["post-94843","page","type-page","status-publish","hentry"],"acf":[],"_links":{"self":[{"href":"https:\/\/logon.media\/cs\/wp-json\/wp\/v2\/pages\/94843","targetHints":{"allow":["GET"]}}],"collection":[{"href":"https:\/\/logon.media\/cs\/wp-json\/wp\/v2\/pages"}],"about":[{"href":"https:\/\/logon.media\/cs\/wp-json\/wp\/v2\/types\/page"}],"author":[{"embeddable":true,"href":"https:\/\/logon.media\/cs\/wp-json\/wp\/v2\/users\/1"}],"replies":[{"embeddable":true,"href":"https:\/\/logon.media\/cs\/wp-json\/wp\/v2\/comments?post=94843"}],"version-history":[{"count":0,"href":"https:\/\/logon.media\/cs\/wp-json\/wp\/v2\/pages\/94843\/revisions"}],"wp:attachment":[{"href":"https:\/\/logon.media\/cs\/wp-json\/wp\/v2\/media?parent=94843"}],"curies":[{"name":"wp","href":"https:\/\/api.w.org\/{rel}","templated":true}]}}