{"id":103867,"date":"2023-07-24T09:16:00","date_gmt":"2023-07-24T09:16:00","guid":{"rendered":"https:\/\/logon.media\/?page_id=103867"},"modified":"2023-11-22T14:18:22","modified_gmt":"2023-11-22T14:18:22","slug":"o-logonu","status":"publish","type":"page","link":"https:\/\/logon.media\/cs\/o-logonu\/","title":{"rendered":"O LOGONU"},"content":{"rendered":"\t\t<div data-elementor-type=\"wp-page\" data-elementor-id=\"103867\" class=\"elementor elementor-103867 elementor-52358\" data-elementor-post-type=\"page\">\n\t\t\t\t\t\t<section data-dce-background-image-url=\"http:\/\/logon.media\/wp-content\/uploads\/2022\/01\/yjhvJfqWTlmnaGr32gPL_Untitled_design_27-2.jpg\" class=\"elementor-section elementor-top-section elementor-element elementor-element-75f7b567 elementor-section-full_width elementor-section-height-min-height elementor-section-content-bottom elementor-section-height-default elementor-section-items-middle\" data-id=\"75f7b567\" data-element_type=\"section\" data-settings=\"{&quot;background_background&quot;:&quot;classic&quot;}\">\n\t\t\t\t\t\t<div class=\"elementor-container elementor-column-gap-default\">\n\t\t\t\t\t<div class=\"elementor-column elementor-col-100 elementor-top-column elementor-element elementor-element-638657a0\" data-id=\"638657a0\" data-element_type=\"column\" data-settings=\"{&quot;background_background&quot;:&quot;classic&quot;}\">\n\t\t\t<div class=\"elementor-widget-wrap elementor-element-populated\">\n\t\t\t\t\t\t<div class=\"elementor-element elementor-element-38742df6 elementor-widget elementor-widget-heading\" data-id=\"38742df6\" data-element_type=\"widget\" data-widget_type=\"heading.default\">\n\t\t\t\t<div class=\"elementor-widget-container\">\n\t\t\t\t\t<h1 class=\"elementor-heading-title elementor-size-default\">O LOGONU<\/h1>\t\t\t\t<\/div>\n\t\t\t\t<\/div>\n\t\t\t\t\t<\/div>\n\t\t<\/div>\n\t\t\t\t\t<\/div>\n\t\t<\/section>\n\t\t\t\t<section class=\"elementor-section elementor-top-section elementor-element elementor-element-4fc5440d elementor-section-boxed elementor-section-height-default elementor-section-height-default\" data-id=\"4fc5440d\" data-element_type=\"section\" data-settings=\"{&quot;background_background&quot;:&quot;classic&quot;}\">\n\t\t\t\t\t\t<div class=\"elementor-container elementor-column-gap-no\">\n\t\t\t\t\t<div class=\"elementor-column elementor-col-100 elementor-top-column elementor-element elementor-element-18abb9db\" data-id=\"18abb9db\" data-element_type=\"column\">\n\t\t\t<div class=\"elementor-widget-wrap elementor-element-populated\">\n\t\t\t\t\t\t<div class=\"elementor-element elementor-element-6ee7d4c4 elementor-widget elementor-widget-heading\" data-id=\"6ee7d4c4\" data-element_type=\"widget\" data-widget_type=\"heading.default\">\n\t\t\t\t<div class=\"elementor-widget-container\">\n\t\t\t\t\t<h2 class=\"elementor-heading-title elementor-size-default\">O LOGONU<\/h2>\t\t\t\t<\/div>\n\t\t\t\t<\/div>\n\t\t\t\t<div class=\"elementor-element elementor-element-2783d61 elementor-widget elementor-widget-text-editor\" data-id=\"2783d61\" data-element_type=\"widget\" data-widget_type=\"text-editor.default\">\n\t\t\t\t<div class=\"elementor-widget-container\">\n\t\t\t\t\t\t\t\t\t<p>LOGON je pro ty, kte\u0159\u00ed se ptaj\u00ed, zda na\u0161e realita m\u016f\u017ee b\u00fdt jin\u00e1, ne\u017e jak n\u00e1m ji b\u011b\u017en\u011b p\u0159edkl\u00e1d\u00e1 sv\u011bt. Pokl\u00e1d\u00e1 existenci\u00e1ln\u00ed ot\u00e1zky, jako nap\u0159: Jak\u00fd je smysl m\u00e9ho \u017eivota? M\u00e1 n\u011bjak\u00fd hlub\u0161\u00ed smysl? Co je vlastn\u011b \u017eivot? Jak mohu vstoupit do nov\u00e9ho vztahu se v\u0161\u00edm, co \u017eije?<\/p><p>LOGON chce povzbudit lidi, aby n\u00e1sledovali sv\u00e9 srdce a pokro\u010dili v hled\u00e1n\u00ed nov\u00e9 reality, kterou m\u016f\u017ee ka\u017ed\u00fd naj\u00edt s\u00e1m v sob\u011b. Kdy\u017e zkoum\u00e1me sami sebe, m\u016f\u017eeme objevit zdroj vnit\u0159n\u00edho pozn\u00e1n\u00ed, kter\u00fd sah\u00e1 hluboko do toho, co \u201e\u017eivot\u201d skute\u010dn\u011b znamen\u00e1: pozn\u00e1n\u00ed, \u017ee v n\u00e1s je potenci\u00e1l k \u00fapln\u00e9 obnov\u011b.<\/p><p>LOGON se sna\u017e\u00ed p\u0159in\u00e1\u0161et podn\u011bty k \u201eprobuzen\u00ed\u201d; inspirace, kter\u00e9 n\u00e1m otev\u00edraj\u00ed o\u010di pro nov\u00fd pohled na \u017eivot, d\u00edky n\u011bmu\u017e si m\u016f\u017eeme nov\u011b uv\u011bdomit sv\u00e9 postaven\u00ed a sv\u016fj \u00fakol ve sv\u011bt\u011b. Doba, v n\u00ed\u017e \u017eijeme, si \u017e\u00e1d\u00e1 nov\u00fd za\u010d\u00e1tek, a pr\u00e1vem se nyn\u00ed mnoh\u00fdch zmoc\u0148uje neklid a vnit\u0159n\u00ed touha po zm\u011bn\u011b. Nov\u00fd za\u010d\u00e1tek bude \u00fasp\u011b\u0161n\u00fd, kdy\u017e za\u010dne v n\u00e1s sam\u00fdch.<\/p><p>LOGON by se s v\u00e1mi r\u00e1d pod\u011blil o vhledy a povzbuzen\u00ed pro tento nov\u00fd za\u010d\u00e1tek, d\u00edky n\u011bmu\u017e m\u016f\u017eete nechat o\u017e\u00edt v\u011b\u010dnou podstatu v sob\u011b sam\u00fdch.<\/p><p>LOGON je celosv\u011btov\u00fd projekt v mnoha jazyc\u00edch.<\/p><p>Uv\u00edt\u00e1me va\u0161e dotazy a zp\u011btnou vazbu: <a href=\"mailto:editors@logon.media\">editors@logon.media<\/a><\/p><p>Eva Cristina Casciello \u2013 It\u00e1lie<br \/><span style=\"background-color: var( --e-global-color-c3d3479 ); color: var( --e-global-color-text ); font-family: var( --e-global-typography-4384a6a-font-family ), Sans-serif; font-size: var( --e-global-typography-4384a6a-font-size ); letter-spacing: var( --e-global-typography-4384a6a-letter-spacing ); word-spacing: var( --e-global-typography-4384a6a-word-spacing );\">Jo\u00e3o Castro \u2013 Braz\u00edlie<br \/><\/span>Heiko Haase \u2013 N\u011bmecko<br \/>Marietta Millet \u2013 Spojen\u00e9 st\u00e1ty americk\u00e9<br \/>Wies\u0142awa Modrzejewska \u2013 Polsko<br \/>Ten Mukenga \u2013 Demokratick\u00e1 republika Kongo<br \/>Anneke Munnik \u2013 Nizozemsko<\/p><p><span class=\"ContentPasted3\">Odkaz na\u00a0<\/span><a id=\"LPlnkOWA24a7a601-b735-3e18-9f46-d0e0e4759b9e\" class=\"OWAAutoLink ContentPasted2\" href=\"https:\/\/www.rosicrucianum.org\/\">O \u0161kole | Lectorium Rosicrucianum<\/a><\/p>\t\t\t\t\t\t\t\t<\/div>\n\t\t\t\t<\/div>\n\t\t\t\t\t<\/div>\n\t\t<\/div>\n\t\t\t\t\t<\/div>\n\t\t<\/section>\n\t\t\t\t<\/div>\n\t\t","protected":false},"excerpt":{"rendered":"<p>O LOGONU O LOGONU LOGON je pro ty, kte\u0159\u00ed se ptaj\u00ed, zda na\u0161e realita m\u016f\u017ee b\u00fdt jin\u00e1, ne\u017e jak n\u00e1m ji b\u011b\u017en\u011b p\u0159edkl\u00e1d\u00e1 sv\u011bt. Pokl\u00e1d\u00e1 existenci\u00e1ln\u00ed ot\u00e1zky, jako nap\u0159: Jak\u00fd je smysl m\u00e9ho \u017eivota? M\u00e1 n\u011bjak\u00fd hlub\u0161\u00ed smysl? Co je vlastn\u011b \u017eivot? Jak mohu vstoupit do nov\u00e9ho vztahu se v\u0161\u00edm, co \u017eije? LOGON chce povzbudit [&hellip;]<\/p>\n","protected":false},"author":1,"featured_media":0,"parent":0,"menu_order":0,"comment_status":"open","ping_status":"open","template":"elementor_header_footer","meta":{"_acf_changed":false,"footnotes":""},"class_list":["post-103867","page","type-page","status-publish","hentry"],"acf":[],"_links":{"self":[{"href":"https:\/\/logon.media\/cs\/wp-json\/wp\/v2\/pages\/103867","targetHints":{"allow":["GET"]}}],"collection":[{"href":"https:\/\/logon.media\/cs\/wp-json\/wp\/v2\/pages"}],"about":[{"href":"https:\/\/logon.media\/cs\/wp-json\/wp\/v2\/types\/page"}],"author":[{"embeddable":true,"href":"https:\/\/logon.media\/cs\/wp-json\/wp\/v2\/users\/1"}],"replies":[{"embeddable":true,"href":"https:\/\/logon.media\/cs\/wp-json\/wp\/v2\/comments?post=103867"}],"version-history":[{"count":0,"href":"https:\/\/logon.media\/cs\/wp-json\/wp\/v2\/pages\/103867\/revisions"}],"wp:attachment":[{"href":"https:\/\/logon.media\/cs\/wp-json\/wp\/v2\/media?parent=103867"}],"curies":[{"name":"wp","href":"https:\/\/api.w.org\/{rel}","templated":true}]}}